{"id":3490,"date":"2026-04-26T20:33:32","date_gmt":"2026-04-26T18:33:32","guid":{"rendered":"https:\/\/www.llanesevents.com\/?post_type=product&#038;p=3490"},"modified":"2026-05-11T19:50:34","modified_gmt":"2026-05-11T17:50:34","slug":"karaoke-solidario-07-06-asociacion-instinto-animal","status":"publish","type":"product","link":"https:\/\/www.llanesevents.com\/en\/evento\/karaoke-solidario-07-06-asociacion-instinto-animal\/","title":{"rendered":"Charity Karaoke 07\/06 Animal Instinct Association"},"content":{"rendered":"","protected":false},"excerpt":{"rendered":"<p>Domingo 7 de junio 13:00h Prau Riu Hotel Hyundai.<\/p>\n<p>\ud83c\udfa4 KARAOKE SOLIDARIO en apoyo a los que no tienen voz \ud83d\udc3e<\/p>\n<p>Necesitar ayuda ya es dif\u00edcil\u2026 pero no poder pedirla lo es a\u00fan m\u00e1s.<br \/>\nDesde Instinto Animal queremos ser esa voz y seguir dando oportunidades a aquellos animales que no la tienen.<\/p>\n<p>Te esperamos , el DOMINGO 7 DE JUNIO A LAS 13,00H, en el * PRAU RIU-\u00a0 HOTEL HYUNDAI* para una SESION VERMOUTH muy especial:<\/p>\n<p>\ud83c\udfb6 Karaoke solidario<br \/>\n\ud83d\udecd\ufe0f Mercadillo<br \/>\n\ud83c\udf81 Sorteos<br \/>\n\ud83c\udfa4Actuaciones<br \/>\n\u2728 Y alguna sorpresa m\u00e1s\u2026<\/p>\n<p>Las entradas se pueden coger en Llanesevents.com, Facebook o Instagram. Cuestan 3\u20ac e incluye un cocktail de bienvenida.<\/p>\n<p>\ud83d\udc9a Todo lo recaudado ir\u00e1 destinado a atenci\u00f3n veterinaria para los animales que m\u00e1s lo necesitan.<\/p>\n<p>Porque juntos y juntas, podemos cambiar muchas vidas. \ud83d\udc36\ud83d\udc31<\/p>\n<p>#InstintoAnimal #KaraokeSolidario #Llanes #EventoSolidario #ProteccionAnimal #AyudaAnimal<\/p>\n<p>El aforo es limitado. El donativo\u00a0 es de 3 \u20ac\u00a0 a trav\u00e9s de LlanesEvents o 4\u20ac en la puerta.<\/p>\n<p>&nbsp;<\/p>","protected":false},"featured_media":3491,"template":"","meta":{"site-sidebar-layout":"default","site-content-layout":"","ast-site-content-layout":"default","site-content-style":"default","site-sidebar-style":"default","ast-global-header-display":"","ast-banner-title-visibility":"","ast-main-header-display":"","ast-hfb-above-header-display":"","ast-hfb-below-header-display":"","ast-hfb-mobile-header-display":"","site-post-title":"","ast-breadcrumbs-content":"","ast-featured-img":"","footer-sml-layout":"","ast-disable-related-posts":"","theme-transparent-header-meta":"default","adv-header-id-meta":"","stick-header-meta":"default","header-above-stick-meta":"","header-main-stick-meta":"","header-below-stick-meta":"","astra-migrate-meta-layouts":"set","ast-page-background-enabled":"default","ast-page-background-meta":{"desktop":{"background-color":"","background-image":"","background-repeat":"repeat","background-position":"center center","background-size":"auto","background-attachment":"scroll","background-type":"","background-media":"","overlay-type":"","overlay-color":"","overlay-opacity":"","overlay-gradient":""},"tablet":{"background-color":"","background-image":"","background-repeat":"repeat","background-position":"center center","background-size":"auto","background-attachment":"scroll","background-type":"","background-media":"","overlay-type":"","overlay-color":"","overlay-opacity":"","overlay-gradient":""},"mobile":{"background-color":"","background-image":"","background-repeat":"repeat","background-position":"center center","background-size":"auto","background-attachment":"scroll","background-type":"","background-media":"","overlay-type":"","overlay-color":"","overlay-opacity":"","overlay-gradient":""}},"ast-content-background-meta":{"desktop":{"background-color":"var(--ast-global-color-5)","background-image":"","background-repeat":"repeat","background-position":"center center","background-size":"auto","background-attachment":"scroll","background-type":"","background-media":"","overlay-type":"","overlay-color":"","overlay-opacity":"","overlay-gradient":""},"tablet":{"background-color":"var(--ast-global-color-5)","background-image":"","background-repeat":"repeat","background-position":"center center","background-size":"auto","background-attachment":"scroll","background-type":"","background-media":"","overlay-type":"","overlay-color":"","overlay-opacity":"","overlay-gradient":""},"mobile":{"background-color":"var(--ast-global-color-5)","background-image":"","background-repeat":"repeat","background-position":"center center","background-size":"auto","background-attachment":"scroll","background-type":"","background-media":"","overlay-type":"","overlay-color":"","overlay-opacity":"","overlay-gradient":""}},"_joinchat":[]},"product_brand":[],"product_cat":[71],"product_tag":[],"class_list":{"0":"post-3490","1":"product","2":"type-product","3":"status-publish","4":"has-post-thumbnail","6":"product_cat-musica","7":"desktop-align-center","8":"tablet-align-center","9":"mobile-align-center","10":"ast-product-gallery-layout-horizontal","11":"ast-product-gallery-with-no-image","12":"ast-magnify-disabled","13":"ast-product-tabs-layout-horizontal","14":"ast-qv-on-image","16":"first","17":"instock","18":"purchasable","19":"product-type-simple"},"yoast_head":"<!-- This site is optimized with the Yoast SEO plugin v27.4 - https:\/\/yoast.com\/product\/yoast-seo-wordpress\/ -->\n<title>Karaoke Solidario 07\/06 Asociaci\u00f3n Instinto Animal - Llanes Events<\/title>\n<meta name=\"description\" content=\"Domingo 7 de junio 13:00h Prau Riu Hotel Hyundai.  \ud83c\udfa4 KARAOKE SOLIDARIO en apoyo a los que no tienen voz \ud83d\udc3e  Necesitar ayuda ya es dif\u00edcil\u2026 pero no poder pedirla lo es a\u00fan m\u00e1s. Desde Instinto Animal queremos ser esa voz y seguir dando oportunidades a aquellos animales que no la tienen.  Te esperamos , el DOMINGO 7 DE JUNIO A LAS 13,00H, en el * PRAU RIU-\u00a0 HOTEL HYUNDAI* para una SESION VERMOUTH muy especial:  \ud83c\udfb6 Karaoke solidario \ud83d\udecd\ufe0f Mercadillo \ud83c\udf81 Sorteos \ud83c\udfa4Actuaciones \u2728 Y alguna sorpresa m\u00e1s\u2026  Las entradas se pueden coger en Llanesevents.com, Facebook o Instagram. Cuestan 3\u20ac e incluye un cocktail de bienvenida.  \ud83d\udc9a Todo lo recaudado ir\u00e1 destinado a atenci\u00f3n veterinaria para los animales que m\u00e1s lo necesitan.  Porque juntos y juntas, podemos cambiar muchas vidas. \ud83d\udc36\ud83d\udc31  #InstintoAnimal #KaraokeSolidario #Llanes #EventoSolidario #ProteccionAnimal #AyudaAnimal  El aforo es limitado. El donativo\u00a0 es de 3 \u20ac\u00a0 a trav\u00e9s de LlanesEvents o 4\u20ac en la puerta.  &nbsp;\" \/>\n<meta name=\"robots\" content=\"index, follow, max-snippet:-1, max-image-preview:large, max-video-preview:-1\" \/>\n<link rel=\"canonical\" href=\"https:\/\/www.llanesevents.com\/en\/event\/karaoke-solidario-07-06-asociacion-instinto-animal\/\" \/>\n<meta property=\"og:locale\" content=\"en_US\" \/>\n<meta property=\"og:type\" content=\"article\" \/>\n<meta property=\"og:title\" content=\"Karaoke Solidario 07\/06 Asociaci\u00f3n Instinto Animal - Llanes Events\" \/>\n<meta property=\"og:description\" content=\"Domingo 7 de junio 13:00h Prau Riu Hotel Hyundai.  \ud83c\udfa4 KARAOKE SOLIDARIO en apoyo a los que no tienen voz \ud83d\udc3e  Necesitar ayuda ya es dif\u00edcil\u2026 pero no poder pedirla lo es a\u00fan m\u00e1s. Desde Instinto Animal queremos ser esa voz y seguir dando oportunidades a aquellos animales que no la tienen.  Te esperamos , el DOMINGO 7 DE JUNIO A LAS 13,00H, en el * PRAU RIU-\u00a0 HOTEL HYUNDAI* para una SESION VERMOUTH muy especial:  \ud83c\udfb6 Karaoke solidario \ud83d\udecd\ufe0f Mercadillo \ud83c\udf81 Sorteos \ud83c\udfa4Actuaciones \u2728 Y alguna sorpresa m\u00e1s\u2026  Las entradas se pueden coger en Llanesevents.com, Facebook o Instagram. Cuestan 3\u20ac e incluye un cocktail de bienvenida.  \ud83d\udc9a Todo lo recaudado ir\u00e1 destinado a atenci\u00f3n veterinaria para los animales que m\u00e1s lo necesitan.  Porque juntos y juntas, podemos cambiar muchas vidas. \ud83d\udc36\ud83d\udc31  #InstintoAnimal #KaraokeSolidario #Llanes #EventoSolidario #ProteccionAnimal #AyudaAnimal  El aforo es limitado. El donativo\u00a0 es de 3 \u20ac\u00a0 a trav\u00e9s de LlanesEvents o 4\u20ac en la puerta.  &nbsp;\" \/>\n<meta property=\"og:url\" content=\"https:\/\/www.llanesevents.com\/en\/event\/karaoke-solidario-07-06-asociacion-instinto-animal\/\" \/>\n<meta property=\"og:site_name\" content=\"Llanes Events\" \/>\n<meta property=\"article:publisher\" content=\"https:\/\/www.facebook.com\/llanesevents\" \/>\n<meta property=\"article:modified_time\" content=\"2026-05-11T17:50:34+00:00\" \/>\n<meta property=\"og:image\" content=\"https:\/\/www.llanesevents.com\/wp-content\/uploads\/2026\/05\/WhatsApp-Image-2026-05-11-at-08.39.12.jpeg\" \/>\n\t<meta property=\"og:image:width\" content=\"1024\" \/>\n\t<meta property=\"og:image:height\" content=\"1536\" \/>\n\t<meta property=\"og:image:type\" content=\"image\/jpeg\" \/>\n<meta name=\"twitter:card\" content=\"summary_large_image\" \/>\n<script type=\"application\/ld+json\" class=\"yoast-schema-graph\">{\"@context\":\"https:\\\/\\\/schema.org\",\"@graph\":[{\"@type\":\"WebPage\",\"@id\":\"https:\\\/\\\/www.llanesevents.com\\\/evento\\\/karaoke-solidario-07-06-asociacion-instinto-animal\\\/\",\"url\":\"https:\\\/\\\/www.llanesevents.com\\\/evento\\\/karaoke-solidario-07-06-asociacion-instinto-animal\\\/\",\"name\":\"Karaoke Solidario 07\\\/06 Asociaci\u00f3n Instinto Animal - Llanes Events\",\"isPartOf\":{\"@id\":\"https:\\\/\\\/www.llanesevents.com\\\/#website\"},\"primaryImageOfPage\":{\"@id\":\"https:\\\/\\\/www.llanesevents.com\\\/evento\\\/karaoke-solidario-07-06-asociacion-instinto-animal\\\/#primaryimage\"},\"image\":{\"@id\":\"https:\\\/\\\/www.llanesevents.com\\\/evento\\\/karaoke-solidario-07-06-asociacion-instinto-animal\\\/#primaryimage\"},\"thumbnailUrl\":\"https:\\\/\\\/www.llanesevents.com\\\/wp-content\\\/uploads\\\/2026\\\/05\\\/WhatsApp-Image-2026-05-11-at-08.39.12.jpeg\",\"datePublished\":\"2026-04-26T18:33:32+00:00\",\"dateModified\":\"2026-05-11T17:50:34+00:00\",\"description\":\"Domingo 7 de junio 13:00h Prau Riu Hotel Hyundai. \ud83c\udfa4 KARAOKE SOLIDARIO en apoyo a los que no tienen voz \ud83d\udc3e Necesitar ayuda ya es dif\u00edcil\u2026 pero no poder pedirla lo es a\u00fan m\u00e1s. Desde Instinto Animal queremos ser esa voz y seguir dando oportunidades a aquellos animales que no la tienen. Te esperamos , el DOMINGO 7 DE JUNIO A LAS 13,00H, en el * PRAU RIU-\u00a0 HOTEL HYUNDAI* para una SESION VERMOUTH muy especial: \ud83c\udfb6 Karaoke solidario \ud83d\udecd\ufe0f Mercadillo \ud83c\udf81 Sorteos \ud83c\udfa4Actuaciones \u2728 Y alguna sorpresa m\u00e1s\u2026 Las entradas se pueden coger en Llanesevents.com, Facebook o Instagram. Cuestan 3\u20ac e incluye un cocktail de bienvenida. \ud83d\udc9a Todo lo recaudado ir\u00e1 destinado a atenci\u00f3n veterinaria para los animales que m\u00e1s lo necesitan. Porque juntos y juntas, podemos cambiar muchas vidas. \ud83d\udc36\ud83d\udc31 #InstintoAnimal #KaraokeSolidario #Llanes #EventoSolidario #ProteccionAnimal #AyudaAnimal El aforo es limitado. El donativo\u00a0 es de 3 \u20ac\u00a0 a trav\u00e9s de LlanesEvents o 4\u20ac en la puerta. &nbsp;\",\"breadcrumb\":{\"@id\":\"https:\\\/\\\/www.llanesevents.com\\\/evento\\\/karaoke-solidario-07-06-asociacion-instinto-animal\\\/#breadcrumb\"},\"inLanguage\":\"en-US\",\"potentialAction\":[{\"@type\":\"ReadAction\",\"target\":[\"https:\\\/\\\/www.llanesevents.com\\\/evento\\\/karaoke-solidario-07-06-asociacion-instinto-animal\\\/\"]}]},{\"@type\":\"ImageObject\",\"inLanguage\":\"en-US\",\"@id\":\"https:\\\/\\\/www.llanesevents.com\\\/evento\\\/karaoke-solidario-07-06-asociacion-instinto-animal\\\/#primaryimage\",\"url\":\"https:\\\/\\\/www.llanesevents.com\\\/wp-content\\\/uploads\\\/2026\\\/05\\\/WhatsApp-Image-2026-05-11-at-08.39.12.jpeg\",\"contentUrl\":\"https:\\\/\\\/www.llanesevents.com\\\/wp-content\\\/uploads\\\/2026\\\/05\\\/WhatsApp-Image-2026-05-11-at-08.39.12.jpeg\",\"width\":1024,\"height\":1536,\"caption\":\"WhatsApp Image 2026 05 11 at 08.39.12\"},{\"@type\":\"BreadcrumbList\",\"@id\":\"https:\\\/\\\/www.llanesevents.com\\\/evento\\\/karaoke-solidario-07-06-asociacion-instinto-animal\\\/#breadcrumb\",\"itemListElement\":[{\"@type\":\"ListItem\",\"position\":1,\"name\":\"Home\",\"item\":\"https:\\\/\\\/www.llanesevents.com\\\/\"},{\"@type\":\"ListItem\",\"position\":2,\"name\":\"Eventos\",\"item\":\"https:\\\/\\\/www.llanesevents.com\\\/eventos\\\/\"},{\"@type\":\"ListItem\",\"position\":3,\"name\":\"Karaoke Solidario 07\\\/06 Asociaci\u00f3n Instinto Animal\"}]},{\"@type\":\"WebSite\",\"@id\":\"https:\\\/\\\/www.llanesevents.com\\\/#website\",\"url\":\"https:\\\/\\\/www.llanesevents.com\\\/\",\"name\":\"Eventos Culturales Llanes\",\"description\":\"Eventos culturales Llanes\",\"publisher\":{\"@id\":\"https:\\\/\\\/www.llanesevents.com\\\/#organization\"},\"potentialAction\":[{\"@type\":\"SearchAction\",\"target\":{\"@type\":\"EntryPoint\",\"urlTemplate\":\"https:\\\/\\\/www.llanesevents.com\\\/?s={search_term_string}\"},\"query-input\":{\"@type\":\"PropertyValueSpecification\",\"valueRequired\":true,\"valueName\":\"search_term_string\"}}],\"inLanguage\":\"en-US\"},{\"@type\":\"Organization\",\"@id\":\"https:\\\/\\\/www.llanesevents.com\\\/#organization\",\"name\":\"Eventos Culturales Llanes\",\"url\":\"https:\\\/\\\/www.llanesevents.com\\\/\",\"logo\":{\"@type\":\"ImageObject\",\"inLanguage\":\"en-US\",\"@id\":\"https:\\\/\\\/www.llanesevents.com\\\/#\\\/schema\\\/logo\\\/image\\\/\",\"url\":\"https:\\\/\\\/www.llanesevents.com\\\/wp-content\\\/uploads\\\/2020\\\/02\\\/logo-azul-fucsia.png\",\"contentUrl\":\"https:\\\/\\\/www.llanesevents.com\\\/wp-content\\\/uploads\\\/2020\\\/02\\\/logo-azul-fucsia.png\",\"width\":411,\"height\":267,\"caption\":\"Eventos Culturales Llanes\"},\"image\":{\"@id\":\"https:\\\/\\\/www.llanesevents.com\\\/#\\\/schema\\\/logo\\\/image\\\/\"},\"sameAs\":[\"https:\\\/\\\/www.facebook.com\\\/llanesevents\",\"https:\\\/\\\/www.instagram.com\\\/llaneseventsofficial\"]}]}<\/script>\n<!-- \/ Yoast SEO plugin. -->","yoast_head_json":{"title":"Karaoke Solidario 07\/06 Asociaci\u00f3n Instinto Animal - Llanes Events","description":"Domingo 7 de junio 13:00h Prau Riu Hotel Hyundai.  \ud83c\udfa4 KARAOKE SOLIDARIO en apoyo a los que no tienen voz \ud83d\udc3e  Necesitar ayuda ya es dif\u00edcil\u2026 pero no poder pedirla lo es a\u00fan m\u00e1s. Desde Instinto Animal queremos ser esa voz y seguir dando oportunidades a aquellos animales que no la tienen.  Te esperamos , el DOMINGO 7 DE JUNIO A LAS 13,00H, en el * PRAU RIU-\u00a0 HOTEL HYUNDAI* para una SESION VERMOUTH muy especial:  \ud83c\udfb6 Karaoke solidario \ud83d\udecd\ufe0f Mercadillo \ud83c\udf81 Sorteos \ud83c\udfa4Actuaciones \u2728 Y alguna sorpresa m\u00e1s\u2026  Las entradas se pueden coger en Llanesevents.com, Facebook o Instagram. Cuestan 3\u20ac e incluye un cocktail de bienvenida.  \ud83d\udc9a Todo lo recaudado ir\u00e1 destinado a atenci\u00f3n veterinaria para los animales que m\u00e1s lo necesitan.  Porque juntos y juntas, podemos cambiar muchas vidas. \ud83d\udc36\ud83d\udc31  #InstintoAnimal #KaraokeSolidario #Llanes #EventoSolidario #ProteccionAnimal #AyudaAnimal  El aforo es limitado. El donativo\u00a0 es de 3 \u20ac\u00a0 a trav\u00e9s de LlanesEvents o 4\u20ac en la puerta.  &nbsp;","robots":{"index":"index","follow":"follow","max-snippet":"max-snippet:-1","max-image-preview":"max-image-preview:large","max-video-preview":"max-video-preview:-1"},"canonical":"https:\/\/www.llanesevents.com\/en\/event\/karaoke-solidario-07-06-asociacion-instinto-animal\/","og_locale":"en_US","og_type":"article","og_title":"Karaoke Solidario 07\/06 Asociaci\u00f3n Instinto Animal - Llanes Events","og_description":"Domingo 7 de junio 13:00h Prau Riu Hotel Hyundai.  \ud83c\udfa4 KARAOKE SOLIDARIO en apoyo a los que no tienen voz \ud83d\udc3e  Necesitar ayuda ya es dif\u00edcil\u2026 pero no poder pedirla lo es a\u00fan m\u00e1s. Desde Instinto Animal queremos ser esa voz y seguir dando oportunidades a aquellos animales que no la tienen.  Te esperamos , el DOMINGO 7 DE JUNIO A LAS 13,00H, en el * PRAU RIU-\u00a0 HOTEL HYUNDAI* para una SESION VERMOUTH muy especial:  \ud83c\udfb6 Karaoke solidario \ud83d\udecd\ufe0f Mercadillo \ud83c\udf81 Sorteos \ud83c\udfa4Actuaciones \u2728 Y alguna sorpresa m\u00e1s\u2026  Las entradas se pueden coger en Llanesevents.com, Facebook o Instagram. Cuestan 3\u20ac e incluye un cocktail de bienvenida.  \ud83d\udc9a Todo lo recaudado ir\u00e1 destinado a atenci\u00f3n veterinaria para los animales que m\u00e1s lo necesitan.  Porque juntos y juntas, podemos cambiar muchas vidas. \ud83d\udc36\ud83d\udc31  #InstintoAnimal #KaraokeSolidario #Llanes #EventoSolidario #ProteccionAnimal #AyudaAnimal  El aforo es limitado. El donativo\u00a0 es de 3 \u20ac\u00a0 a trav\u00e9s de LlanesEvents o 4\u20ac en la puerta.  &nbsp;","og_url":"https:\/\/www.llanesevents.com\/en\/event\/karaoke-solidario-07-06-asociacion-instinto-animal\/","og_site_name":"Llanes Events","article_publisher":"https:\/\/www.facebook.com\/llanesevents","article_modified_time":"2026-05-11T17:50:34+00:00","og_image":[{"width":1024,"height":1536,"url":"https:\/\/www.llanesevents.com\/wp-content\/uploads\/2026\/05\/WhatsApp-Image-2026-05-11-at-08.39.12.jpeg","type":"image\/jpeg"}],"twitter_card":"summary_large_image","schema":{"@context":"https:\/\/schema.org","@graph":[{"@type":"WebPage","@id":"https:\/\/www.llanesevents.com\/evento\/karaoke-solidario-07-06-asociacion-instinto-animal\/","url":"https:\/\/www.llanesevents.com\/evento\/karaoke-solidario-07-06-asociacion-instinto-animal\/","name":"Karaoke Solidario 07\/06 Asociaci\u00f3n Instinto Animal - Llanes Events","isPartOf":{"@id":"https:\/\/www.llanesevents.com\/#website"},"primaryImageOfPage":{"@id":"https:\/\/www.llanesevents.com\/evento\/karaoke-solidario-07-06-asociacion-instinto-animal\/#primaryimage"},"image":{"@id":"https:\/\/www.llanesevents.com\/evento\/karaoke-solidario-07-06-asociacion-instinto-animal\/#primaryimage"},"thumbnailUrl":"https:\/\/www.llanesevents.com\/wp-content\/uploads\/2026\/05\/WhatsApp-Image-2026-05-11-at-08.39.12.jpeg","datePublished":"2026-04-26T18:33:32+00:00","dateModified":"2026-05-11T17:50:34+00:00","description":"Domingo 7 de junio 13:00h Prau Riu Hotel Hyundai. \ud83c\udfa4 KARAOKE SOLIDARIO en apoyo a los que no tienen voz \ud83d\udc3e Necesitar ayuda ya es dif\u00edcil\u2026 pero no poder pedirla lo es a\u00fan m\u00e1s. Desde Instinto Animal queremos ser esa voz y seguir dando oportunidades a aquellos animales que no la tienen. Te esperamos , el DOMINGO 7 DE JUNIO A LAS 13,00H, en el * PRAU RIU-\u00a0 HOTEL HYUNDAI* para una SESION VERMOUTH muy especial: \ud83c\udfb6 Karaoke solidario \ud83d\udecd\ufe0f Mercadillo \ud83c\udf81 Sorteos \ud83c\udfa4Actuaciones \u2728 Y alguna sorpresa m\u00e1s\u2026 Las entradas se pueden coger en Llanesevents.com, Facebook o Instagram. Cuestan 3\u20ac e incluye un cocktail de bienvenida. \ud83d\udc9a Todo lo recaudado ir\u00e1 destinado a atenci\u00f3n veterinaria para los animales que m\u00e1s lo necesitan. Porque juntos y juntas, podemos cambiar muchas vidas. \ud83d\udc36\ud83d\udc31 #InstintoAnimal #KaraokeSolidario #Llanes #EventoSolidario #ProteccionAnimal #AyudaAnimal El aforo es limitado. El donativo\u00a0 es de 3 \u20ac\u00a0 a trav\u00e9s de LlanesEvents o 4\u20ac en la puerta. &nbsp;","breadcrumb":{"@id":"https:\/\/www.llanesevents.com\/evento\/karaoke-solidario-07-06-asociacion-instinto-animal\/#breadcrumb"},"inLanguage":"en-US","potentialAction":[{"@type":"ReadAction","target":["https:\/\/www.llanesevents.com\/evento\/karaoke-solidario-07-06-asociacion-instinto-animal\/"]}]},{"@type":"ImageObject","inLanguage":"en-US","@id":"https:\/\/www.llanesevents.com\/evento\/karaoke-solidario-07-06-asociacion-instinto-animal\/#primaryimage","url":"https:\/\/www.llanesevents.com\/wp-content\/uploads\/2026\/05\/WhatsApp-Image-2026-05-11-at-08.39.12.jpeg","contentUrl":"https:\/\/www.llanesevents.com\/wp-content\/uploads\/2026\/05\/WhatsApp-Image-2026-05-11-at-08.39.12.jpeg","width":1024,"height":1536,"caption":"WhatsApp Image 2026 05 11 at 08.39.12"},{"@type":"BreadcrumbList","@id":"https:\/\/www.llanesevents.com\/evento\/karaoke-solidario-07-06-asociacion-instinto-animal\/#breadcrumb","itemListElement":[{"@type":"ListItem","position":1,"name":"Home","item":"https:\/\/www.llanesevents.com\/"},{"@type":"ListItem","position":2,"name":"Eventos","item":"https:\/\/www.llanesevents.com\/eventos\/"},{"@type":"ListItem","position":3,"name":"Karaoke Solidario 07\/06 Asociaci\u00f3n Instinto Animal"}]},{"@type":"WebSite","@id":"https:\/\/www.llanesevents.com\/#website","url":"https:\/\/www.llanesevents.com\/","name":"Llanes Cultural Events","description":"Llanes cultural events","publisher":{"@id":"https:\/\/www.llanesevents.com\/#organization"},"potentialAction":[{"@type":"SearchAction","target":{"@type":"EntryPoint","urlTemplate":"https:\/\/www.llanesevents.com\/?s={search_term_string}"},"query-input":{"@type":"PropertyValueSpecification","valueRequired":true,"valueName":"search_term_string"}}],"inLanguage":"en-US"},{"@type":"Organization","@id":"https:\/\/www.llanesevents.com\/#organization","name":"Llanes Cultural Events","url":"https:\/\/www.llanesevents.com\/","logo":{"@type":"ImageObject","inLanguage":"en-US","@id":"https:\/\/www.llanesevents.com\/#\/schema\/logo\/image\/","url":"https:\/\/www.llanesevents.com\/wp-content\/uploads\/2020\/02\/logo-azul-fucsia.png","contentUrl":"https:\/\/www.llanesevents.com\/wp-content\/uploads\/2020\/02\/logo-azul-fucsia.png","width":411,"height":267,"caption":"Eventos Culturales Llanes"},"image":{"@id":"https:\/\/www.llanesevents.com\/#\/schema\/logo\/image\/"},"sameAs":["https:\/\/www.facebook.com\/llanesevents","https:\/\/www.instagram.com\/llaneseventsofficial"]}]}},"_links":{"self":[{"href":"https:\/\/www.llanesevents.com\/en\/wp-json\/wp\/v2\/product\/3490","targetHints":{"allow":["GET"]}}],"collection":[{"href":"https:\/\/www.llanesevents.com\/en\/wp-json\/wp\/v2\/product"}],"about":[{"href":"https:\/\/www.llanesevents.com\/en\/wp-json\/wp\/v2\/types\/product"}],"wp:featuredmedia":[{"embeddable":true,"href":"https:\/\/www.llanesevents.com\/en\/wp-json\/wp\/v2\/media\/3491"}],"wp:attachment":[{"href":"https:\/\/www.llanesevents.com\/en\/wp-json\/wp\/v2\/media?parent=3490"}],"wp:term":[{"taxonomy":"product_brand","embeddable":true,"href":"https:\/\/www.llanesevents.com\/en\/wp-json\/wp\/v2\/product_brand?post=3490"},{"taxonomy":"product_cat","embeddable":true,"href":"https:\/\/www.llanesevents.com\/en\/wp-json\/wp\/v2\/product_cat?post=3490"},{"taxonomy":"product_tag","embeddable":true,"href":"https:\/\/www.llanesevents.com\/en\/wp-json\/wp\/v2\/product_tag?post=3490"}],"curies":[{"name":"wp","href":"https:\/\/api.w.org\/{rel}","templated":true}]}}