{"id":3449,"date":"2026-01-02T09:16:43","date_gmt":"2026-01-02T08:16:43","guid":{"rendered":"https:\/\/www.llanesevents.com\/?post_type=product&#038;p=3449"},"modified":"2026-04-17T19:27:05","modified_gmt":"2026-04-17T17:27:05","slug":"delrio-jersey-tejanos-acoustic-sessions-05-23-2026","status":"publish","type":"product","link":"https:\/\/www.llanesevents.com\/en\/evento\/delrio-jersey-tejanos-acoustic-sessions-23-05-2026\/","title":{"rendered":"DelR\u00edo- Jersey &amp; Tejanos \u2013 Acoustic Sessions 23\/05\/2026"},"content":{"rendered":"","protected":false},"excerpt":{"rendered":"<p>Llanes Events \u2013 Prau Riu Hotel Hyundai.<\/p>\n<p>DelR\u00edo is David del R\u00edo (Valdesoto, 1982), a songwriter with over 15 years of experience who combines influences from American folk-rock music (via Lucinda Williams or Tom Petty) and the lyrical tradition of authors such as Quique Gonz\u00e1lez or Jos\u00e9 Ignacio Lapido.<br \/>\nHe has released seven albums to date. The latest, \u201cJersey &amp; Jeans,\u201d was produced by Germ\u00e1n Mingote (Pu\u00f1o Drag\u00f3n) and features collaborations with artists such as Nadia \u00c1lvarez, Puri Pen\u00edn, and Rita Ojanguren.<\/p>\n<p>He will revisit songs from his repertoire along with some nods and versions of some of his influences (Bob Dylan, Bruce Springsteen, Willie Nelson\u2026) in an acoustic guitar-harmonica-voice format.<\/p>\n<p>Seating is limited. The suggested donation for the artist is \u20ac4 via LlanesEvents, or \u20ac5 at the door. Seats will be allocated on a first-come, first-served basis.<\/p>\n<p>Cultural and tourist entertainment event exclusively for Llanesevents members and guests of the Prau Riu Hotel Hyundai. Don&#039;t miss our events; become a member for free at the following link:<\/p>\n<p><a href=\"https:\/\/thread-impulse-51c.notion.site\/203878de1fe780009091c3b0863cc564\">https:\/\/thread-impulse-51c.notion.site\/203878de1fe780009091c3b0863cc564<\/a><\/p>\n<p>&nbsp;<\/p>\n<p>&nbsp;<\/p>\n<p>&nbsp;<\/p>","protected":false},"featured_media":3451,"template":"","meta":{"site-sidebar-layout":"default","site-content-layout":"","ast-site-content-layout":"default","site-content-style":"default","site-sidebar-style":"default","ast-global-header-display":"","ast-banner-title-visibility":"","ast-main-header-display":"","ast-hfb-above-header-display":"","ast-hfb-below-header-display":"","ast-hfb-mobile-header-display":"","site-post-title":"","ast-breadcrumbs-content":"","ast-featured-img":"","footer-sml-layout":"","ast-disable-related-posts":"","theme-transparent-header-meta":"default","adv-header-id-meta":"","stick-header-meta":"default","header-above-stick-meta":"","header-main-stick-meta":"","header-below-stick-meta":"","astra-migrate-meta-layouts":"set","ast-page-background-enabled":"default","ast-page-background-meta":{"desktop":{"background-color":"","background-image":"","background-repeat":"repeat","background-position":"center center","background-size":"auto","background-attachment":"scroll","background-type":"","background-media":"","overlay-type":"","overlay-color":"","overlay-opacity":"","overlay-gradient":""},"tablet":{"background-color":"","background-image":"","background-repeat":"repeat","background-position":"center center","background-size":"auto","background-attachment":"scroll","background-type":"","background-media":"","overlay-type":"","overlay-color":"","overlay-opacity":"","overlay-gradient":""},"mobile":{"background-color":"","background-image":"","background-repeat":"repeat","background-position":"center center","background-size":"auto","background-attachment":"scroll","background-type":"","background-media":"","overlay-type":"","overlay-color":"","overlay-opacity":"","overlay-gradient":""}},"ast-content-background-meta":{"desktop":{"background-color":"var(--ast-global-color-5)","background-image":"","background-repeat":"repeat","background-position":"center center","background-size":"auto","background-attachment":"scroll","background-type":"","background-media":"","overlay-type":"","overlay-color":"","overlay-opacity":"","overlay-gradient":""},"tablet":{"background-color":"var(--ast-global-color-5)","background-image":"","background-repeat":"repeat","background-position":"center center","background-size":"auto","background-attachment":"scroll","background-type":"","background-media":"","overlay-type":"","overlay-color":"","overlay-opacity":"","overlay-gradient":""},"mobile":{"background-color":"var(--ast-global-color-5)","background-image":"","background-repeat":"repeat","background-position":"center center","background-size":"auto","background-attachment":"scroll","background-type":"","background-media":"","overlay-type":"","overlay-color":"","overlay-opacity":"","overlay-gradient":""}},"_joinchat":[]},"product_brand":[],"product_cat":[71],"product_tag":[],"class_list":{"0":"post-3449","1":"product","2":"type-product","3":"status-publish","4":"has-post-thumbnail","6":"product_cat-musica","7":"desktop-align-center","8":"tablet-align-center","9":"mobile-align-center","10":"ast-product-gallery-layout-horizontal","11":"ast-product-gallery-with-no-image","12":"ast-magnify-disabled","13":"ast-product-tabs-layout-horizontal","14":"ast-qv-on-image","16":"first","17":"instock","18":"purchasable","19":"product-type-simple"},"yoast_head":"<!-- This site is optimized with the Yoast SEO plugin v27.4 - https:\/\/yoast.com\/product\/yoast-seo-wordpress\/ -->\n<title>DelR\u00edo- Jersey &amp; Tejanos - Acoustic Sessions 23\/05\/2026 - Llanes Events<\/title>\n<meta name=\"description\" content=\"Llanes Events - Prau Riu Hotel Hyundai.  DelR\u00edo es David del R\u00edo ,(Valdesoto, 1982) Escritor de canciones con m\u00e1s de 15 a\u00f1os de carrera que a\u00fana influencias de la m\u00fasica folk-rock americana (v\u00eda Lucinda Williams o Tom Petty) y la tradici\u00f3n l\u00edrica de autores como Quique Gonz\u00e1lez o Jos\u00e9 Ignacio Lapido. Cuenta con siete trabajos publicados hasta la fecha. El \u00faltimo de ellos &quot;Jersey &amp; Tejanos&quot; con la producci\u00f3n de Germ\u00e1n Mingote (Pu\u00f1o Drag\u00f3n) y colaboraciones como Nadia \u00c1lvarez, Puri Pen\u00edn o Rita Ojanguren.  Repasar\u00e1 canciones de su repertorio junto a algunos gui\u00f1os y versiones de algunas de sus influencias (Bob Dylan, Bruce Springsteen, Willie Nelson ...) en formato ac\u00fastico guitarra-arm\u00f3nica-voz.  El aforo es limitado. El donativo para el Artista es de 4 \u20ac\u00a0 a trav\u00e9s de LlanesEvents, 5\u20ac en Puerta. Las localidades se ocupar\u00e1n a placer, por orden de llegada.  Evento cultural y de animaci\u00f3n tur\u00edstica exclusivo para socios de llanesevents y clientes de Prau Riu Hotel Hyundai. No te pierdas nuestros eventos, hazte socio de forma gratuita en el siguiente enlace:  https:\/\/thread-impulse-51c.notion.site\/203878de1fe780009091c3b0863cc564  &nbsp;  &nbsp;  &nbsp;\" \/>\n<meta name=\"robots\" content=\"index, follow, max-snippet:-1, max-image-preview:large, max-video-preview:-1\" \/>\n<link rel=\"canonical\" href=\"https:\/\/www.llanesevents.com\/en\/event\/delrio-jersey-tejanos-acoustic-sessions-05-23-2026\/\" \/>\n<meta property=\"og:locale\" content=\"en_US\" \/>\n<meta property=\"og:type\" content=\"article\" \/>\n<meta property=\"og:title\" content=\"DelR\u00edo- Jersey &amp; Tejanos - Acoustic Sessions 23\/05\/2026 - Llanes Events\" \/>\n<meta property=\"og:description\" content=\"Llanes Events - Prau Riu Hotel Hyundai.  DelR\u00edo es David del R\u00edo ,(Valdesoto, 1982) Escritor de canciones con m\u00e1s de 15 a\u00f1os de carrera que a\u00fana influencias de la m\u00fasica folk-rock americana (v\u00eda Lucinda Williams o Tom Petty) y la tradici\u00f3n l\u00edrica de autores como Quique Gonz\u00e1lez o Jos\u00e9 Ignacio Lapido. Cuenta con siete trabajos publicados hasta la fecha. El \u00faltimo de ellos &quot;Jersey &amp; Tejanos&quot; con la producci\u00f3n de Germ\u00e1n Mingote (Pu\u00f1o Drag\u00f3n) y colaboraciones como Nadia \u00c1lvarez, Puri Pen\u00edn o Rita Ojanguren.  Repasar\u00e1 canciones de su repertorio junto a algunos gui\u00f1os y versiones de algunas de sus influencias (Bob Dylan, Bruce Springsteen, Willie Nelson ...) en formato ac\u00fastico guitarra-arm\u00f3nica-voz.  El aforo es limitado. El donativo para el Artista es de 4 \u20ac\u00a0 a trav\u00e9s de LlanesEvents, 5\u20ac en Puerta. Las localidades se ocupar\u00e1n a placer, por orden de llegada.  Evento cultural y de animaci\u00f3n tur\u00edstica exclusivo para socios de llanesevents y clientes de Prau Riu Hotel Hyundai. No te pierdas nuestros eventos, hazte socio de forma gratuita en el siguiente enlace:  https:\/\/thread-impulse-51c.notion.site\/203878de1fe780009091c3b0863cc564  &nbsp;  &nbsp;  &nbsp;\" \/>\n<meta property=\"og:url\" content=\"https:\/\/www.llanesevents.com\/en\/event\/delrio-jersey-tejanos-acoustic-sessions-05-23-2026\/\" \/>\n<meta property=\"og:site_name\" content=\"Llanes Events\" \/>\n<meta property=\"article:publisher\" content=\"https:\/\/www.facebook.com\/llanesevents\" \/>\n<meta property=\"article:modified_time\" content=\"2026-04-17T17:27:05+00:00\" \/>\n<meta property=\"og:image\" content=\"https:\/\/www.llanesevents.com\/wp-content\/uploads\/2026\/01\/DELRIObaja-scaled.jpg\" \/>\n\t<meta property=\"og:image:width\" content=\"1810\" \/>\n\t<meta property=\"og:image:height\" content=\"2560\" \/>\n\t<meta property=\"og:image:type\" content=\"image\/jpeg\" \/>\n<meta name=\"twitter:card\" content=\"summary_large_image\" \/>\n<script type=\"application\/ld+json\" class=\"yoast-schema-graph\">{\"@context\":\"https:\\\/\\\/schema.org\",\"@graph\":[{\"@type\":\"WebPage\",\"@id\":\"https:\\\/\\\/www.llanesevents.com\\\/evento\\\/delrio-jersey-tejanos-acoustic-sessions-23-05-2026\\\/\",\"url\":\"https:\\\/\\\/www.llanesevents.com\\\/evento\\\/delrio-jersey-tejanos-acoustic-sessions-23-05-2026\\\/\",\"name\":\"DelR\u00edo- Jersey & Tejanos - Acoustic Sessions 23\\\/05\\\/2026 - Llanes Events\",\"isPartOf\":{\"@id\":\"https:\\\/\\\/www.llanesevents.com\\\/#website\"},\"primaryImageOfPage\":{\"@id\":\"https:\\\/\\\/www.llanesevents.com\\\/evento\\\/delrio-jersey-tejanos-acoustic-sessions-23-05-2026\\\/#primaryimage\"},\"image\":{\"@id\":\"https:\\\/\\\/www.llanesevents.com\\\/evento\\\/delrio-jersey-tejanos-acoustic-sessions-23-05-2026\\\/#primaryimage\"},\"thumbnailUrl\":\"https:\\\/\\\/www.llanesevents.com\\\/wp-content\\\/uploads\\\/2026\\\/01\\\/DELRIObaja-scaled.jpg\",\"datePublished\":\"2026-01-02T08:16:43+00:00\",\"dateModified\":\"2026-04-17T17:27:05+00:00\",\"description\":\"Llanes Events - Prau Riu Hotel Hyundai. DelR\u00edo es David del R\u00edo ,(Valdesoto, 1982) Escritor de canciones con m\u00e1s de 15 a\u00f1os de carrera que a\u00fana influencias de la m\u00fasica folk-rock americana (v\u00eda Lucinda Williams o Tom Petty) y la tradici\u00f3n l\u00edrica de autores como Quique Gonz\u00e1lez o Jos\u00e9 Ignacio Lapido. Cuenta con siete trabajos publicados hasta la fecha. El \u00faltimo de ellos \\\"Jersey &amp; Tejanos\\\" con la producci\u00f3n de Germ\u00e1n Mingote (Pu\u00f1o Drag\u00f3n) y colaboraciones como Nadia \u00c1lvarez, Puri Pen\u00edn o Rita Ojanguren. Repasar\u00e1 canciones de su repertorio junto a algunos gui\u00f1os y versiones de algunas de sus influencias (Bob Dylan, Bruce Springsteen, Willie Nelson ...) en formato ac\u00fastico guitarra-arm\u00f3nica-voz. El aforo es limitado. El donativo para el Artista es de 4 \u20ac\u00a0 a trav\u00e9s de LlanesEvents, 5\u20ac en Puerta. Las localidades se ocupar\u00e1n a placer, por orden de llegada. Evento cultural y de animaci\u00f3n tur\u00edstica exclusivo para socios de llanesevents y clientes de Prau Riu Hotel Hyundai. No te pierdas nuestros eventos, hazte socio de forma gratuita en el siguiente enlace: https:\\\/\\\/thread-impulse-51c.notion.site\\\/203878de1fe780009091c3b0863cc564 &nbsp; &nbsp; &nbsp;\",\"breadcrumb\":{\"@id\":\"https:\\\/\\\/www.llanesevents.com\\\/evento\\\/delrio-jersey-tejanos-acoustic-sessions-23-05-2026\\\/#breadcrumb\"},\"inLanguage\":\"en-US\",\"potentialAction\":[{\"@type\":\"ReadAction\",\"target\":[\"https:\\\/\\\/www.llanesevents.com\\\/evento\\\/delrio-jersey-tejanos-acoustic-sessions-23-05-2026\\\/\"]}]},{\"@type\":\"ImageObject\",\"inLanguage\":\"en-US\",\"@id\":\"https:\\\/\\\/www.llanesevents.com\\\/evento\\\/delrio-jersey-tejanos-acoustic-sessions-23-05-2026\\\/#primaryimage\",\"url\":\"https:\\\/\\\/www.llanesevents.com\\\/wp-content\\\/uploads\\\/2026\\\/01\\\/DELRIObaja-scaled.jpg\",\"contentUrl\":\"https:\\\/\\\/www.llanesevents.com\\\/wp-content\\\/uploads\\\/2026\\\/01\\\/DELRIObaja-scaled.jpg\",\"width\":1810,\"height\":2560,\"caption\":\"DELRIObaja\"},{\"@type\":\"BreadcrumbList\",\"@id\":\"https:\\\/\\\/www.llanesevents.com\\\/evento\\\/delrio-jersey-tejanos-acoustic-sessions-23-05-2026\\\/#breadcrumb\",\"itemListElement\":[{\"@type\":\"ListItem\",\"position\":1,\"name\":\"Home\",\"item\":\"https:\\\/\\\/www.llanesevents.com\\\/\"},{\"@type\":\"ListItem\",\"position\":2,\"name\":\"Eventos\",\"item\":\"https:\\\/\\\/www.llanesevents.com\\\/eventos\\\/\"},{\"@type\":\"ListItem\",\"position\":3,\"name\":\"DelR\u00edo- Jersey &#038; Tejanos &#8211; Acoustic Sessions 23\\\/05\\\/2026\"}]},{\"@type\":\"WebSite\",\"@id\":\"https:\\\/\\\/www.llanesevents.com\\\/#website\",\"url\":\"https:\\\/\\\/www.llanesevents.com\\\/\",\"name\":\"Eventos Culturales Llanes\",\"description\":\"Eventos culturales Llanes\",\"publisher\":{\"@id\":\"https:\\\/\\\/www.llanesevents.com\\\/#organization\"},\"potentialAction\":[{\"@type\":\"SearchAction\",\"target\":{\"@type\":\"EntryPoint\",\"urlTemplate\":\"https:\\\/\\\/www.llanesevents.com\\\/?s={search_term_string}\"},\"query-input\":{\"@type\":\"PropertyValueSpecification\",\"valueRequired\":true,\"valueName\":\"search_term_string\"}}],\"inLanguage\":\"en-US\"},{\"@type\":\"Organization\",\"@id\":\"https:\\\/\\\/www.llanesevents.com\\\/#organization\",\"name\":\"Eventos Culturales Llanes\",\"url\":\"https:\\\/\\\/www.llanesevents.com\\\/\",\"logo\":{\"@type\":\"ImageObject\",\"inLanguage\":\"en-US\",\"@id\":\"https:\\\/\\\/www.llanesevents.com\\\/#\\\/schema\\\/logo\\\/image\\\/\",\"url\":\"https:\\\/\\\/www.llanesevents.com\\\/wp-content\\\/uploads\\\/2020\\\/02\\\/logo-azul-fucsia.png\",\"contentUrl\":\"https:\\\/\\\/www.llanesevents.com\\\/wp-content\\\/uploads\\\/2020\\\/02\\\/logo-azul-fucsia.png\",\"width\":411,\"height\":267,\"caption\":\"Eventos Culturales Llanes\"},\"image\":{\"@id\":\"https:\\\/\\\/www.llanesevents.com\\\/#\\\/schema\\\/logo\\\/image\\\/\"},\"sameAs\":[\"https:\\\/\\\/www.facebook.com\\\/llanesevents\",\"https:\\\/\\\/www.instagram.com\\\/llaneseventsofficial\"]}]}<\/script>\n<!-- \/ Yoast SEO plugin. -->","yoast_head_json":{"title":"DelR\u00edo- Jersey &amp; Tejanos - Acoustic Sessions 05\/23\/2026 - Llanes Events","description":"Llanes Events - Prau Riu Hotel Hyundai.  DelR\u00edo es David del R\u00edo ,(Valdesoto, 1982) Escritor de canciones con m\u00e1s de 15 a\u00f1os de carrera que a\u00fana influencias de la m\u00fasica folk-rock americana (v\u00eda Lucinda Williams o Tom Petty) y la tradici\u00f3n l\u00edrica de autores como Quique Gonz\u00e1lez o Jos\u00e9 Ignacio Lapido. Cuenta con siete trabajos publicados hasta la fecha. El \u00faltimo de ellos \"Jersey &amp; Tejanos\" con la producci\u00f3n de Germ\u00e1n Mingote (Pu\u00f1o Drag\u00f3n) y colaboraciones como Nadia \u00c1lvarez, Puri Pen\u00edn o Rita Ojanguren.  Repasar\u00e1 canciones de su repertorio junto a algunos gui\u00f1os y versiones de algunas de sus influencias (Bob Dylan, Bruce Springsteen, Willie Nelson ...) en formato ac\u00fastico guitarra-arm\u00f3nica-voz.  El aforo es limitado. El donativo para el Artista es de 4 \u20ac\u00a0 a trav\u00e9s de LlanesEvents, 5\u20ac en Puerta. Las localidades se ocupar\u00e1n a placer, por orden de llegada.  Evento cultural y de animaci\u00f3n tur\u00edstica exclusivo para socios de llanesevents y clientes de Prau Riu Hotel Hyundai. No te pierdas nuestros eventos, hazte socio de forma gratuita en el siguiente enlace:  https:\/\/thread-impulse-51c.notion.site\/203878de1fe780009091c3b0863cc564  &nbsp;  &nbsp;  &nbsp;","robots":{"index":"index","follow":"follow","max-snippet":"max-snippet:-1","max-image-preview":"max-image-preview:large","max-video-preview":"max-video-preview:-1"},"canonical":"https:\/\/www.llanesevents.com\/en\/event\/delrio-jersey-tejanos-acoustic-sessions-05-23-2026\/","og_locale":"en_US","og_type":"article","og_title":"DelR\u00edo- Jersey & Tejanos - Acoustic Sessions 23\/05\/2026 - Llanes Events","og_description":"Llanes Events - Prau Riu Hotel Hyundai.  DelR\u00edo es David del R\u00edo ,(Valdesoto, 1982) Escritor de canciones con m\u00e1s de 15 a\u00f1os de carrera que a\u00fana influencias de la m\u00fasica folk-rock americana (v\u00eda Lucinda Williams o Tom Petty) y la tradici\u00f3n l\u00edrica de autores como Quique Gonz\u00e1lez o Jos\u00e9 Ignacio Lapido. Cuenta con siete trabajos publicados hasta la fecha. El \u00faltimo de ellos \"Jersey &amp; Tejanos\" con la producci\u00f3n de Germ\u00e1n Mingote (Pu\u00f1o Drag\u00f3n) y colaboraciones como Nadia \u00c1lvarez, Puri Pen\u00edn o Rita Ojanguren.  Repasar\u00e1 canciones de su repertorio junto a algunos gui\u00f1os y versiones de algunas de sus influencias (Bob Dylan, Bruce Springsteen, Willie Nelson ...) en formato ac\u00fastico guitarra-arm\u00f3nica-voz.  El aforo es limitado. El donativo para el Artista es de 4 \u20ac\u00a0 a trav\u00e9s de LlanesEvents, 5\u20ac en Puerta. Las localidades se ocupar\u00e1n a placer, por orden de llegada.  Evento cultural y de animaci\u00f3n tur\u00edstica exclusivo para socios de llanesevents y clientes de Prau Riu Hotel Hyundai. No te pierdas nuestros eventos, hazte socio de forma gratuita en el siguiente enlace:  https:\/\/thread-impulse-51c.notion.site\/203878de1fe780009091c3b0863cc564  &nbsp;  &nbsp;  &nbsp;","og_url":"https:\/\/www.llanesevents.com\/en\/event\/delrio-jersey-tejanos-acoustic-sessions-05-23-2026\/","og_site_name":"Llanes Events","article_publisher":"https:\/\/www.facebook.com\/llanesevents","article_modified_time":"2026-04-17T17:27:05+00:00","og_image":[{"width":1810,"height":2560,"url":"https:\/\/www.llanesevents.com\/wp-content\/uploads\/2026\/01\/DELRIObaja-scaled.jpg","type":"image\/jpeg"}],"twitter_card":"summary_large_image","schema":{"@context":"https:\/\/schema.org","@graph":[{"@type":"WebPage","@id":"https:\/\/www.llanesevents.com\/evento\/delrio-jersey-tejanos-acoustic-sessions-23-05-2026\/","url":"https:\/\/www.llanesevents.com\/evento\/delrio-jersey-tejanos-acoustic-sessions-23-05-2026\/","name":"DelR\u00edo- Jersey &amp; Tejanos - Acoustic Sessions 05\/23\/2026 - Llanes Events","isPartOf":{"@id":"https:\/\/www.llanesevents.com\/#website"},"primaryImageOfPage":{"@id":"https:\/\/www.llanesevents.com\/evento\/delrio-jersey-tejanos-acoustic-sessions-23-05-2026\/#primaryimage"},"image":{"@id":"https:\/\/www.llanesevents.com\/evento\/delrio-jersey-tejanos-acoustic-sessions-23-05-2026\/#primaryimage"},"thumbnailUrl":"https:\/\/www.llanesevents.com\/wp-content\/uploads\/2026\/01\/DELRIObaja-scaled.jpg","datePublished":"2026-01-02T08:16:43+00:00","dateModified":"2026-04-17T17:27:05+00:00","description":"Llanes Events - Prau Riu Hotel Hyundai. DelR\u00edo is David del R\u00edo (Valdesoto, 1982), a songwriter with over 15 years of experience who blends influences from American folk-rock (via Lucinda Williams and Tom Petty) with the lyrical tradition of authors like Quique Gonz\u00e1lez and Jos\u00e9 Ignacio Lapido. He has released seven albums to date. His latest, &quot;Jersey &amp; Tejanos,&quot; was produced by Germ\u00e1n Mingote (Pu\u00f1o Drag\u00f3n) and features collaborations with artists such as Nadia \u00c1lvarez, Puri Pen\u00edn, and Rita Ojanguren. He will perform songs from his repertoire along with some nods to and covers of some of his influences (Bob Dylan, Bruce Springsteen, Willie Nelson, etc.) in an acoustic guitar-harmonica-vocals format. Seating is limited. The suggested donation for the artist is \u20ac4 through LlanesEvents, or \u20ac5 at the door. Seats will be allocated on a first-come, first-served basis. Exclusive cultural and tourist entertainment event for Llanesevents members and Prau Riu Hotel Hyundai guests. Don&#039;t miss our events! Become a member for free at the following link: https:\/\/thread-impulse-51c.notion.site\/203878de1fe780009091c3b0863cc564 &nbsp; &nbsp; &nbsp;","breadcrumb":{"@id":"https:\/\/www.llanesevents.com\/evento\/delrio-jersey-tejanos-acoustic-sessions-23-05-2026\/#breadcrumb"},"inLanguage":"en-US","potentialAction":[{"@type":"ReadAction","target":["https:\/\/www.llanesevents.com\/evento\/delrio-jersey-tejanos-acoustic-sessions-23-05-2026\/"]}]},{"@type":"ImageObject","inLanguage":"en-US","@id":"https:\/\/www.llanesevents.com\/evento\/delrio-jersey-tejanos-acoustic-sessions-23-05-2026\/#primaryimage","url":"https:\/\/www.llanesevents.com\/wp-content\/uploads\/2026\/01\/DELRIObaja-scaled.jpg","contentUrl":"https:\/\/www.llanesevents.com\/wp-content\/uploads\/2026\/01\/DELRIObaja-scaled.jpg","width":1810,"height":2560,"caption":"DELRIObaja"},{"@type":"BreadcrumbList","@id":"https:\/\/www.llanesevents.com\/evento\/delrio-jersey-tejanos-acoustic-sessions-23-05-2026\/#breadcrumb","itemListElement":[{"@type":"ListItem","position":1,"name":"Home","item":"https:\/\/www.llanesevents.com\/"},{"@type":"ListItem","position":2,"name":"Eventos","item":"https:\/\/www.llanesevents.com\/eventos\/"},{"@type":"ListItem","position":3,"name":"DelR\u00edo- Jersey &#038; Tejanos &#8211; Acoustic Sessions 23\/05\/2026"}]},{"@type":"WebSite","@id":"https:\/\/www.llanesevents.com\/#website","url":"https:\/\/www.llanesevents.com\/","name":"Llanes Cultural Events","description":"Llanes cultural events","publisher":{"@id":"https:\/\/www.llanesevents.com\/#organization"},"potentialAction":[{"@type":"SearchAction","target":{"@type":"EntryPoint","urlTemplate":"https:\/\/www.llanesevents.com\/?s={search_term_string}"},"query-input":{"@type":"PropertyValueSpecification","valueRequired":true,"valueName":"search_term_string"}}],"inLanguage":"en-US"},{"@type":"Organization","@id":"https:\/\/www.llanesevents.com\/#organization","name":"Llanes Cultural Events","url":"https:\/\/www.llanesevents.com\/","logo":{"@type":"ImageObject","inLanguage":"en-US","@id":"https:\/\/www.llanesevents.com\/#\/schema\/logo\/image\/","url":"https:\/\/www.llanesevents.com\/wp-content\/uploads\/2020\/02\/logo-azul-fucsia.png","contentUrl":"https:\/\/www.llanesevents.com\/wp-content\/uploads\/2020\/02\/logo-azul-fucsia.png","width":411,"height":267,"caption":"Eventos Culturales Llanes"},"image":{"@id":"https:\/\/www.llanesevents.com\/#\/schema\/logo\/image\/"},"sameAs":["https:\/\/www.facebook.com\/llanesevents","https:\/\/www.instagram.com\/llaneseventsofficial"]}]}},"_links":{"self":[{"href":"https:\/\/www.llanesevents.com\/en\/wp-json\/wp\/v2\/product\/3449","targetHints":{"allow":["GET"]}}],"collection":[{"href":"https:\/\/www.llanesevents.com\/en\/wp-json\/wp\/v2\/product"}],"about":[{"href":"https:\/\/www.llanesevents.com\/en\/wp-json\/wp\/v2\/types\/product"}],"wp:featuredmedia":[{"embeddable":true,"href":"https:\/\/www.llanesevents.com\/en\/wp-json\/wp\/v2\/media\/3451"}],"wp:attachment":[{"href":"https:\/\/www.llanesevents.com\/en\/wp-json\/wp\/v2\/media?parent=3449"}],"wp:term":[{"taxonomy":"product_brand","embeddable":true,"href":"https:\/\/www.llanesevents.com\/en\/wp-json\/wp\/v2\/product_brand?post=3449"},{"taxonomy":"product_cat","embeddable":true,"href":"https:\/\/www.llanesevents.com\/en\/wp-json\/wp\/v2\/product_cat?post=3449"},{"taxonomy":"product_tag","embeddable":true,"href":"https:\/\/www.llanesevents.com\/en\/wp-json\/wp\/v2\/product_tag?post=3449"}],"curies":[{"name":"wp","href":"https:\/\/api.w.org\/{rel}","templated":true}]}}