{"id":3430,"date":"2026-02-16T20:27:55","date_gmt":"2026-02-16T19:27:55","guid":{"rendered":"https:\/\/www.llanesevents.com\/?post_type=product&#038;p=3430"},"modified":"2026-04-26T14:10:25","modified_gmt":"2026-04-26T12:10:25","slug":"magic-for-kids-04-25-1800h-magician-vari","status":"publish","type":"product","link":"https:\/\/www.llanesevents.com\/en\/evento\/magia-para-pekes-25-04-1800h-mago-vari\/","title":{"rendered":"Magic For Pekes- 04\/25 18:00h \u2013 Mago Vari"},"content":{"rendered":"","protected":false},"excerpt":{"rendered":"<p>MAGIC FOR PEKES Llanes April 25 at 8:00 p.m. Llanes Events \u2013 Prau Riu Hotel Hyundai<\/p>\n<p data-start=\"0\" data-end=\"403\">Mago Vari is an illusionist and showman specializing in close-up and audience participation magic, with a dynamic and engaging style. His shows combine humor, surprise, and plenty of audience interaction, creating a lighthearted and memorable atmosphere suitable for all ages.<\/p>\n<p data-start=\"405\" data-end=\"777\" data-is-last-node=\"\" data-is-only-node=\"\">Get ready for &quot;MAGIC FOR KIDS,&quot; an afternoon of wonder with Magician Vari: a live show full of magic, laughter, and impossible moments just inches from your eyes. A participatory, fast-paced, and surprising show where the audience doesn&#039;t just watch... they become part of the magic. Come ready to have a great time and leave saying, &quot;How did he do that?&quot; Children under 12 must be accompanied by an adult.<\/p>\n<p data-start=\"405\" data-end=\"777\" data-is-last-node=\"\" data-is-only-node=\"\">Seating is limited. The artist&#039;s donation is \u20ac3 through LlanesEvents, and \u20ac4 at the door. Tickets will be filled on a first-come, first-served basis.<\/p>\n<p>Exclusive cultural and tourist entertainment event for Llanesevents members and guests of Prau R\u00edu Hotel Hyundai. Don&#039;t miss our events, become a member for free at the following link:<\/p>\n<p>https:\/\/thread-impulse-51c.notion.site\/203878de1fe780009091c3b0863cc564<\/p>","protected":false},"featured_media":3431,"template":"","meta":{"site-sidebar-layout":"default","site-content-layout":"","ast-site-content-layout":"default","site-content-style":"default","site-sidebar-style":"default","ast-global-header-display":"","ast-banner-title-visibility":"","ast-main-header-display":"","ast-hfb-above-header-display":"","ast-hfb-below-header-display":"","ast-hfb-mobile-header-display":"","site-post-title":"","ast-breadcrumbs-content":"","ast-featured-img":"","footer-sml-layout":"","ast-disable-related-posts":"","theme-transparent-header-meta":"default","adv-header-id-meta":"","stick-header-meta":"default","header-above-stick-meta":"","header-main-stick-meta":"","header-below-stick-meta":"","astra-migrate-meta-layouts":"set","ast-page-background-enabled":"default","ast-page-background-meta":{"desktop":{"background-color":"","background-image":"","background-repeat":"repeat","background-position":"center center","background-size":"auto","background-attachment":"scroll","background-type":"","background-media":"","overlay-type":"","overlay-color":"","overlay-opacity":"","overlay-gradient":""},"tablet":{"background-color":"","background-image":"","background-repeat":"repeat","background-position":"center center","background-size":"auto","background-attachment":"scroll","background-type":"","background-media":"","overlay-type":"","overlay-color":"","overlay-opacity":"","overlay-gradient":""},"mobile":{"background-color":"","background-image":"","background-repeat":"repeat","background-position":"center center","background-size":"auto","background-attachment":"scroll","background-type":"","background-media":"","overlay-type":"","overlay-color":"","overlay-opacity":"","overlay-gradient":""}},"ast-content-background-meta":{"desktop":{"background-color":"var(--ast-global-color-5)","background-image":"","background-repeat":"repeat","background-position":"center center","background-size":"auto","background-attachment":"scroll","background-type":"","background-media":"","overlay-type":"","overlay-color":"","overlay-opacity":"","overlay-gradient":""},"tablet":{"background-color":"var(--ast-global-color-5)","background-image":"","background-repeat":"repeat","background-position":"center center","background-size":"auto","background-attachment":"scroll","background-type":"","background-media":"","overlay-type":"","overlay-color":"","overlay-opacity":"","overlay-gradient":""},"mobile":{"background-color":"var(--ast-global-color-5)","background-image":"","background-repeat":"repeat","background-position":"center center","background-size":"auto","background-attachment":"scroll","background-type":"","background-media":"","overlay-type":"","overlay-color":"","overlay-opacity":"","overlay-gradient":""}},"_joinchat":[]},"product_brand":[],"product_cat":[110,111],"product_tag":[182],"class_list":{"0":"post-3430","1":"product","2":"type-product","3":"status-publish","4":"has-post-thumbnail","6":"product_cat-magia","7":"product_cat-stand-up","8":"product_tag-finalizado","9":"desktop-align-center","10":"tablet-align-center","11":"mobile-align-center","12":"ast-product-gallery-layout-horizontal","13":"ast-product-gallery-with-no-image","14":"ast-magnify-disabled","15":"ast-product-tabs-layout-horizontal","16":"ast-qv-on-image","18":"first","19":"outofstock","20":"purchasable","21":"product-type-simple"},"yoast_head":"<!-- This site is optimized with the Yoast SEO plugin v27.4 - https:\/\/yoast.com\/product\/yoast-seo-wordpress\/ -->\n<title>Magia Para Pekes- 25\/04 18:00h - Mago Vari - Llanes Events<\/title>\n<meta name=\"description\" content=\"MAGIA PARA PEKES Llanes 25 de Abril a las 20:00h\u00a0 Llanes Events - Prau Riu Hotel Hyundai El Mago Vari es un ilusionista y showman especializado en magia de cerca y magia participativa, con un estilo din\u00e1mico y cercano. Sus espect\u00e1culos combinan humor, sorpresa y mucha interacci\u00f3n con el p\u00fablico, creando un ambiente ligero y memorable que se adapta a todas las edades. Prep\u00e1rate para &quot;MAGIA PARA PEKES&quot; una tarde de ilusi\u00f3n con el Mago Vari: un show en vivo lleno de magia, risas y momentos imposibles a pocos cent\u00edmetros de tus ojos. Un espect\u00e1culo participativo, \u00e1gil y sorprendente, donde el p\u00fablico no solo mira\u2026 tambi\u00e9n forma parte de la magia. Ven con ganas de pasarlo bien y de salir diciendo: \u201c\u00bfPero c\u00f3mo lo ha hecho?\u201d Los menores de 12 a\u00f1os deben acudir acompa\u00f1ados de un adulto. El aforo es limitado. El donativo para el Artista es de 3 \u20ac\u00a0 a trav\u00e9s de LlanesEvents, 4\u20ac en Puerta. Las localidades se ocupar\u00e1n a placer, por orden de llegada. Evento cultural y de animaci\u00f3n tur\u00edstica exclusivo para socios de llanesevents y clientes de Prau R\u00edu Hotel Hyundai. No te pierdas nuestros eventos, hazte socio de forma gratuita en el siguiente enlace:  https:\/\/thread-impulse-51c.notion.site\/203878de1fe780009091c3b0863cc564\" \/>\n<meta name=\"robots\" content=\"index, follow, max-snippet:-1, max-image-preview:large, max-video-preview:-1\" \/>\n<link rel=\"canonical\" href=\"https:\/\/www.llanesevents.com\/en\/event\/magic-for-kids-04-25-1800h-magician-vari\/\" \/>\n<meta property=\"og:locale\" content=\"en_US\" \/>\n<meta property=\"og:type\" content=\"article\" \/>\n<meta property=\"og:title\" content=\"Magia Para Pekes- 25\/04 18:00h - Mago Vari - Llanes Events\" \/>\n<meta property=\"og:description\" content=\"MAGIA PARA PEKES Llanes 25 de Abril a las 20:00h\u00a0 Llanes Events - Prau Riu Hotel Hyundai El Mago Vari es un ilusionista y showman especializado en magia de cerca y magia participativa, con un estilo din\u00e1mico y cercano. Sus espect\u00e1culos combinan humor, sorpresa y mucha interacci\u00f3n con el p\u00fablico, creando un ambiente ligero y memorable que se adapta a todas las edades. Prep\u00e1rate para &quot;MAGIA PARA PEKES&quot; una tarde de ilusi\u00f3n con el Mago Vari: un show en vivo lleno de magia, risas y momentos imposibles a pocos cent\u00edmetros de tus ojos. Un espect\u00e1culo participativo, \u00e1gil y sorprendente, donde el p\u00fablico no solo mira\u2026 tambi\u00e9n forma parte de la magia. Ven con ganas de pasarlo bien y de salir diciendo: \u201c\u00bfPero c\u00f3mo lo ha hecho?\u201d Los menores de 12 a\u00f1os deben acudir acompa\u00f1ados de un adulto. El aforo es limitado. El donativo para el Artista es de 3 \u20ac\u00a0 a trav\u00e9s de LlanesEvents, 4\u20ac en Puerta. Las localidades se ocupar\u00e1n a placer, por orden de llegada. Evento cultural y de animaci\u00f3n tur\u00edstica exclusivo para socios de llanesevents y clientes de Prau R\u00edu Hotel Hyundai. No te pierdas nuestros eventos, hazte socio de forma gratuita en el siguiente enlace:  https:\/\/thread-impulse-51c.notion.site\/203878de1fe780009091c3b0863cc564\" \/>\n<meta property=\"og:url\" content=\"https:\/\/www.llanesevents.com\/en\/event\/magic-for-kids-04-25-1800h-magician-vari\/\" \/>\n<meta property=\"og:site_name\" content=\"Llanes Events\" \/>\n<meta property=\"article:publisher\" content=\"https:\/\/www.facebook.com\/llanesevents\" \/>\n<meta property=\"article:modified_time\" content=\"2026-04-26T12:10:25+00:00\" \/>\n<meta property=\"og:image\" content=\"https:\/\/www.llanesevents.com\/wp-content\/uploads\/2026\/03\/mago-vari-pekes-scaled.jpg\" \/>\n\t<meta property=\"og:image:width\" content=\"1810\" \/>\n\t<meta property=\"og:image:height\" content=\"2560\" \/>\n\t<meta property=\"og:image:type\" content=\"image\/jpeg\" \/>\n<meta name=\"twitter:card\" content=\"summary_large_image\" \/>\n<script type=\"application\/ld+json\" class=\"yoast-schema-graph\">{\"@context\":\"https:\\\/\\\/schema.org\",\"@graph\":[{\"@type\":\"WebPage\",\"@id\":\"https:\\\/\\\/www.llanesevents.com\\\/evento\\\/magia-para-pekes-25-04-1800h-mago-vari\\\/\",\"url\":\"https:\\\/\\\/www.llanesevents.com\\\/evento\\\/magia-para-pekes-25-04-1800h-mago-vari\\\/\",\"name\":\"Magia Para Pekes- 25\\\/04 18:00h - Mago Vari - Llanes Events\",\"isPartOf\":{\"@id\":\"https:\\\/\\\/www.llanesevents.com\\\/#website\"},\"primaryImageOfPage\":{\"@id\":\"https:\\\/\\\/www.llanesevents.com\\\/evento\\\/magia-para-pekes-25-04-1800h-mago-vari\\\/#primaryimage\"},\"image\":{\"@id\":\"https:\\\/\\\/www.llanesevents.com\\\/evento\\\/magia-para-pekes-25-04-1800h-mago-vari\\\/#primaryimage\"},\"thumbnailUrl\":\"https:\\\/\\\/www.llanesevents.com\\\/wp-content\\\/uploads\\\/2026\\\/03\\\/mago-vari-pekes-scaled.jpg\",\"datePublished\":\"2026-02-16T19:27:55+00:00\",\"dateModified\":\"2026-04-26T12:10:25+00:00\",\"description\":\"MAGIA PARA PEKES Llanes 25 de Abril a las 20:00h\u00a0 Llanes Events - Prau Riu Hotel Hyundai El Mago Vari es un ilusionista y showman especializado en magia de cerca y magia participativa, con un estilo din\u00e1mico y cercano. Sus espect\u00e1culos combinan humor, sorpresa y mucha interacci\u00f3n con el p\u00fablico, creando un ambiente ligero y memorable que se adapta a todas las edades. Prep\u00e1rate para \\\"MAGIA PARA PEKES\\\" una tarde de ilusi\u00f3n con el Mago Vari: un show en vivo lleno de magia, risas y momentos imposibles a pocos cent\u00edmetros de tus ojos. Un espect\u00e1culo participativo, \u00e1gil y sorprendente, donde el p\u00fablico no solo mira\u2026 tambi\u00e9n forma parte de la magia. Ven con ganas de pasarlo bien y de salir diciendo: \u201c\u00bfPero c\u00f3mo lo ha hecho?\u201d Los menores de 12 a\u00f1os deben acudir acompa\u00f1ados de un adulto. El aforo es limitado. El donativo para el Artista es de 3 \u20ac\u00a0 a trav\u00e9s de LlanesEvents, 4\u20ac en Puerta. Las localidades se ocupar\u00e1n a placer, por orden de llegada. Evento cultural y de animaci\u00f3n tur\u00edstica exclusivo para socios de llanesevents y clientes de Prau R\u00edu Hotel Hyundai. No te pierdas nuestros eventos, hazte socio de forma gratuita en el siguiente enlace: https:\\\/\\\/thread-impulse-51c.notion.site\\\/203878de1fe780009091c3b0863cc564\",\"breadcrumb\":{\"@id\":\"https:\\\/\\\/www.llanesevents.com\\\/evento\\\/magia-para-pekes-25-04-1800h-mago-vari\\\/#breadcrumb\"},\"inLanguage\":\"en-US\",\"potentialAction\":[{\"@type\":\"ReadAction\",\"target\":[\"https:\\\/\\\/www.llanesevents.com\\\/evento\\\/magia-para-pekes-25-04-1800h-mago-vari\\\/\"]}]},{\"@type\":\"ImageObject\",\"inLanguage\":\"en-US\",\"@id\":\"https:\\\/\\\/www.llanesevents.com\\\/evento\\\/magia-para-pekes-25-04-1800h-mago-vari\\\/#primaryimage\",\"url\":\"https:\\\/\\\/www.llanesevents.com\\\/wp-content\\\/uploads\\\/2026\\\/03\\\/mago-vari-pekes-scaled.jpg\",\"contentUrl\":\"https:\\\/\\\/www.llanesevents.com\\\/wp-content\\\/uploads\\\/2026\\\/03\\\/mago-vari-pekes-scaled.jpg\",\"width\":1810,\"height\":2560,\"caption\":\"mago vari pekes\"},{\"@type\":\"BreadcrumbList\",\"@id\":\"https:\\\/\\\/www.llanesevents.com\\\/evento\\\/magia-para-pekes-25-04-1800h-mago-vari\\\/#breadcrumb\",\"itemListElement\":[{\"@type\":\"ListItem\",\"position\":1,\"name\":\"Home\",\"item\":\"https:\\\/\\\/www.llanesevents.com\\\/\"},{\"@type\":\"ListItem\",\"position\":2,\"name\":\"Eventos\",\"item\":\"https:\\\/\\\/www.llanesevents.com\\\/eventos\\\/\"},{\"@type\":\"ListItem\",\"position\":3,\"name\":\"Magia Para Pekes- 25\\\/04 18:00h &#8211; Mago Vari\"}]},{\"@type\":\"WebSite\",\"@id\":\"https:\\\/\\\/www.llanesevents.com\\\/#website\",\"url\":\"https:\\\/\\\/www.llanesevents.com\\\/\",\"name\":\"Eventos Culturales Llanes\",\"description\":\"Eventos culturales Llanes\",\"publisher\":{\"@id\":\"https:\\\/\\\/www.llanesevents.com\\\/#organization\"},\"potentialAction\":[{\"@type\":\"SearchAction\",\"target\":{\"@type\":\"EntryPoint\",\"urlTemplate\":\"https:\\\/\\\/www.llanesevents.com\\\/?s={search_term_string}\"},\"query-input\":{\"@type\":\"PropertyValueSpecification\",\"valueRequired\":true,\"valueName\":\"search_term_string\"}}],\"inLanguage\":\"en-US\"},{\"@type\":\"Organization\",\"@id\":\"https:\\\/\\\/www.llanesevents.com\\\/#organization\",\"name\":\"Eventos Culturales Llanes\",\"url\":\"https:\\\/\\\/www.llanesevents.com\\\/\",\"logo\":{\"@type\":\"ImageObject\",\"inLanguage\":\"en-US\",\"@id\":\"https:\\\/\\\/www.llanesevents.com\\\/#\\\/schema\\\/logo\\\/image\\\/\",\"url\":\"https:\\\/\\\/www.llanesevents.com\\\/wp-content\\\/uploads\\\/2020\\\/02\\\/logo-azul-fucsia.png\",\"contentUrl\":\"https:\\\/\\\/www.llanesevents.com\\\/wp-content\\\/uploads\\\/2020\\\/02\\\/logo-azul-fucsia.png\",\"width\":411,\"height\":267,\"caption\":\"Eventos Culturales Llanes\"},\"image\":{\"@id\":\"https:\\\/\\\/www.llanesevents.com\\\/#\\\/schema\\\/logo\\\/image\\\/\"},\"sameAs\":[\"https:\\\/\\\/www.facebook.com\\\/llanesevents\",\"https:\\\/\\\/www.instagram.com\\\/llaneseventsofficial\"]}]}<\/script>\n<!-- \/ Yoast SEO plugin. -->","yoast_head_json":{"title":"Magic For Pekes- 04\/25 18:00h - Vari Magician - Llanes Events","description":"MAGIC FOR KIDS Llanes April 25th at 8:00 PM Llanes Events - Prau Riu Hotel Hyundai. Magician Vari is an illusionist and showman specializing in close-up and participatory magic, with a dynamic and engaging style. His shows combine humor, surprise, and plenty of audience interaction, creating a lighthearted and memorable atmosphere suitable for all ages. Get ready for &quot;MAGIC FOR KIDS,&quot; an afternoon of wonder with Magician Vari: a live show full of magic, laughter, and impossible moments just inches from your eyes. A participatory, fast-paced, and surprising show where the audience doesn&#039;t just watch... they become part of the magic. Come ready to have a great time and leave saying, &quot;How did he do that?&quot; Children under 12 must be accompanied by an adult. Seating is limited. The suggested donation for the artist is \u20ac3 through LlanesEvents, or \u20ac4 at the door. Seats will be allocated on a first-come, first-served basis. Exclusive cultural and tourist entertainment event for Llanesevents members and guests of Prau R\u00edu Hotel Hyundai. Don&#039;t miss our events! Become a member for free at the following link: https:\/\/thread-impulse-51c.notion.site\/203878de1fe780009091c3b0863cc564","robots":{"index":"index","follow":"follow","max-snippet":"max-snippet:-1","max-image-preview":"max-image-preview:large","max-video-preview":"max-video-preview:-1"},"canonical":"https:\/\/www.llanesevents.com\/en\/event\/magic-for-kids-04-25-1800h-magician-vari\/","og_locale":"en_US","og_type":"article","og_title":"Magia Para Pekes- 25\/04 18:00h - Mago Vari - Llanes Events","og_description":"MAGIA PARA PEKES Llanes 25 de Abril a las 20:00h\u00a0 Llanes Events - Prau Riu Hotel Hyundai El Mago Vari es un ilusionista y showman especializado en magia de cerca y magia participativa, con un estilo din\u00e1mico y cercano. Sus espect\u00e1culos combinan humor, sorpresa y mucha interacci\u00f3n con el p\u00fablico, creando un ambiente ligero y memorable que se adapta a todas las edades. Prep\u00e1rate para \"MAGIA PARA PEKES\" una tarde de ilusi\u00f3n con el Mago Vari: un show en vivo lleno de magia, risas y momentos imposibles a pocos cent\u00edmetros de tus ojos. Un espect\u00e1culo participativo, \u00e1gil y sorprendente, donde el p\u00fablico no solo mira\u2026 tambi\u00e9n forma parte de la magia. Ven con ganas de pasarlo bien y de salir diciendo: \u201c\u00bfPero c\u00f3mo lo ha hecho?\u201d Los menores de 12 a\u00f1os deben acudir acompa\u00f1ados de un adulto. El aforo es limitado. El donativo para el Artista es de 3 \u20ac\u00a0 a trav\u00e9s de LlanesEvents, 4\u20ac en Puerta. Las localidades se ocupar\u00e1n a placer, por orden de llegada. Evento cultural y de animaci\u00f3n tur\u00edstica exclusivo para socios de llanesevents y clientes de Prau R\u00edu Hotel Hyundai. No te pierdas nuestros eventos, hazte socio de forma gratuita en el siguiente enlace:  https:\/\/thread-impulse-51c.notion.site\/203878de1fe780009091c3b0863cc564","og_url":"https:\/\/www.llanesevents.com\/en\/event\/magic-for-kids-04-25-1800h-magician-vari\/","og_site_name":"Llanes Events","article_publisher":"https:\/\/www.facebook.com\/llanesevents","article_modified_time":"2026-04-26T12:10:25+00:00","og_image":[{"width":1810,"height":2560,"url":"https:\/\/www.llanesevents.com\/wp-content\/uploads\/2026\/03\/mago-vari-pekes-scaled.jpg","type":"image\/jpeg"}],"twitter_card":"summary_large_image","schema":{"@context":"https:\/\/schema.org","@graph":[{"@type":"WebPage","@id":"https:\/\/www.llanesevents.com\/evento\/magia-para-pekes-25-04-1800h-mago-vari\/","url":"https:\/\/www.llanesevents.com\/evento\/magia-para-pekes-25-04-1800h-mago-vari\/","name":"Magic For Pekes- 04\/25 18:00h - Vari Magician - Llanes Events","isPartOf":{"@id":"https:\/\/www.llanesevents.com\/#website"},"primaryImageOfPage":{"@id":"https:\/\/www.llanesevents.com\/evento\/magia-para-pekes-25-04-1800h-mago-vari\/#primaryimage"},"image":{"@id":"https:\/\/www.llanesevents.com\/evento\/magia-para-pekes-25-04-1800h-mago-vari\/#primaryimage"},"thumbnailUrl":"https:\/\/www.llanesevents.com\/wp-content\/uploads\/2026\/03\/mago-vari-pekes-scaled.jpg","datePublished":"2026-02-16T19:27:55+00:00","dateModified":"2026-04-26T12:10:25+00:00","description":"MAGIC FOR KIDS Llanes April 25th at 8:00 PM Llanes Events - Prau Riu Hotel Hyundai. Magician Vari is an illusionist and showman specializing in close-up and participatory magic, with a dynamic and engaging style. His shows combine humor, surprise, and plenty of audience interaction, creating a lighthearted and memorable atmosphere suitable for all ages. Get ready for &quot;MAGIC FOR KIDS,&quot; an afternoon of wonder with Magician Vari: a live show full of magic, laughter, and impossible moments just inches from your eyes. A participatory, fast-paced, and surprising show where the audience doesn&#039;t just watch... they become part of the magic. Come ready to have a great time and leave saying, &quot;How did he do that?&quot; Children under 12 must be accompanied by an adult. Seating is limited. The suggested donation for the artist is \u20ac3 through LlanesEvents, or \u20ac4 at the door. Seats will be allocated on a first-come, first-served basis. Exclusive cultural and tourist entertainment event for Llanesevents members and guests of Prau R\u00edu Hotel Hyundai. Don&#039;t miss our events! Become a member for free at the following link: https:\/\/thread-impulse-51c.notion.site\/203878de1fe780009091c3b0863cc564","breadcrumb":{"@id":"https:\/\/www.llanesevents.com\/evento\/magia-para-pekes-25-04-1800h-mago-vari\/#breadcrumb"},"inLanguage":"en-US","potentialAction":[{"@type":"ReadAction","target":["https:\/\/www.llanesevents.com\/evento\/magia-para-pekes-25-04-1800h-mago-vari\/"]}]},{"@type":"ImageObject","inLanguage":"en-US","@id":"https:\/\/www.llanesevents.com\/evento\/magia-para-pekes-25-04-1800h-mago-vari\/#primaryimage","url":"https:\/\/www.llanesevents.com\/wp-content\/uploads\/2026\/03\/mago-vari-pekes-scaled.jpg","contentUrl":"https:\/\/www.llanesevents.com\/wp-content\/uploads\/2026\/03\/mago-vari-pekes-scaled.jpg","width":1810,"height":2560,"caption":"mago vari pekes"},{"@type":"BreadcrumbList","@id":"https:\/\/www.llanesevents.com\/evento\/magia-para-pekes-25-04-1800h-mago-vari\/#breadcrumb","itemListElement":[{"@type":"ListItem","position":1,"name":"Home","item":"https:\/\/www.llanesevents.com\/"},{"@type":"ListItem","position":2,"name":"Eventos","item":"https:\/\/www.llanesevents.com\/eventos\/"},{"@type":"ListItem","position":3,"name":"Magia Para Pekes- 25\/04 18:00h &#8211; Mago Vari"}]},{"@type":"WebSite","@id":"https:\/\/www.llanesevents.com\/#website","url":"https:\/\/www.llanesevents.com\/","name":"Llanes Cultural Events","description":"Llanes cultural events","publisher":{"@id":"https:\/\/www.llanesevents.com\/#organization"},"potentialAction":[{"@type":"SearchAction","target":{"@type":"EntryPoint","urlTemplate":"https:\/\/www.llanesevents.com\/?s={search_term_string}"},"query-input":{"@type":"PropertyValueSpecification","valueRequired":true,"valueName":"search_term_string"}}],"inLanguage":"en-US"},{"@type":"Organization","@id":"https:\/\/www.llanesevents.com\/#organization","name":"Llanes Cultural Events","url":"https:\/\/www.llanesevents.com\/","logo":{"@type":"ImageObject","inLanguage":"en-US","@id":"https:\/\/www.llanesevents.com\/#\/schema\/logo\/image\/","url":"https:\/\/www.llanesevents.com\/wp-content\/uploads\/2020\/02\/logo-azul-fucsia.png","contentUrl":"https:\/\/www.llanesevents.com\/wp-content\/uploads\/2020\/02\/logo-azul-fucsia.png","width":411,"height":267,"caption":"Eventos Culturales Llanes"},"image":{"@id":"https:\/\/www.llanesevents.com\/#\/schema\/logo\/image\/"},"sameAs":["https:\/\/www.facebook.com\/llanesevents","https:\/\/www.instagram.com\/llaneseventsofficial"]}]}},"_links":{"self":[{"href":"https:\/\/www.llanesevents.com\/en\/wp-json\/wp\/v2\/product\/3430","targetHints":{"allow":["GET"]}}],"collection":[{"href":"https:\/\/www.llanesevents.com\/en\/wp-json\/wp\/v2\/product"}],"about":[{"href":"https:\/\/www.llanesevents.com\/en\/wp-json\/wp\/v2\/types\/product"}],"wp:featuredmedia":[{"embeddable":true,"href":"https:\/\/www.llanesevents.com\/en\/wp-json\/wp\/v2\/media\/3431"}],"wp:attachment":[{"href":"https:\/\/www.llanesevents.com\/en\/wp-json\/wp\/v2\/media?parent=3430"}],"wp:term":[{"taxonomy":"product_brand","embeddable":true,"href":"https:\/\/www.llanesevents.com\/en\/wp-json\/wp\/v2\/product_brand?post=3430"},{"taxonomy":"product_cat","embeddable":true,"href":"https:\/\/www.llanesevents.com\/en\/wp-json\/wp\/v2\/product_cat?post=3430"},{"taxonomy":"product_tag","embeddable":true,"href":"https:\/\/www.llanesevents.com\/en\/wp-json\/wp\/v2\/product_tag?post=3430"}],"curies":[{"name":"wp","href":"https:\/\/api.w.org\/{rel}","templated":true}]}}