{"id":3398,"date":"2026-01-12T19:05:19","date_gmt":"2026-01-12T18:05:19","guid":{"rendered":"https:\/\/www.llanesevents.com\/?post_type=product&#038;p=3398"},"modified":"2026-01-19T13:01:27","modified_gmt":"2026-01-19T12:01:27","slug":"live-sessions-16-05-route-64","status":"publish","type":"product","link":"https:\/\/www.llanesevents.com\/en\/evento\/live-sessions-16-05-ruta-64\/","title":{"rendered":"Live Sessions 16\/05 - ROUTE 64"},"content":{"rendered":"","protected":false},"excerpt":{"rendered":"<p>Saturday, May 16, 7:30 p.m. Prau Riu Hotel Hyundai.<\/p>\n<p>\u201cRoute 64\u201d is a pop-rock cover quartet. Formed in mid-2023 by two guitarists and a bassist who, after a long career in the band \u201cSimple Band,\u201d returned to music with a new drummer. With extensive experience performing throughout Asturias, their musical repertoire ranges from the Rolling Stones to Raphael, and from Dire Straits to Jeannette. Expect a whimsical mix of songs and lots and lots of fun!<\/p>\n<p>Seating is limited. The suggested donation for the artist is \u20ac4 via LlanesEvents, or \u20ac5 at the door. Seats will be allocated on a first-come, first-served basis.<\/p>\n<p>Cultural and tourist entertainment event exclusively for Llanesevents members and guests of the Prau Riu Hotel Hyundai. Don&#039;t miss our events; become a member for free at the following link:<\/p>\n<p><a href=\"https:\/\/thread-impulse-51c.notion.site\/203878de1fe780009091c3b0863cc564\">https:\/\/thread-impulse-51c.notion.site\/203878de1fe780009091c3b0863cc564<\/a><\/p>\n<p>&nbsp;<\/p>\n<p>&nbsp;<\/p>\n<p>&nbsp;<\/p>","protected":false},"featured_media":3400,"template":"","meta":{"site-sidebar-layout":"default","site-content-layout":"","ast-site-content-layout":"default","site-content-style":"default","site-sidebar-style":"default","ast-global-header-display":"","ast-banner-title-visibility":"","ast-main-header-display":"","ast-hfb-above-header-display":"","ast-hfb-below-header-display":"","ast-hfb-mobile-header-display":"","site-post-title":"","ast-breadcrumbs-content":"","ast-featured-img":"","footer-sml-layout":"","ast-disable-related-posts":"","theme-transparent-header-meta":"default","adv-header-id-meta":"","stick-header-meta":"default","header-above-stick-meta":"","header-main-stick-meta":"","header-below-stick-meta":"","astra-migrate-meta-layouts":"set","ast-page-background-enabled":"default","ast-page-background-meta":{"desktop":{"background-color":"","background-image":"","background-repeat":"repeat","background-position":"center center","background-size":"auto","background-attachment":"scroll","background-type":"","background-media":"","overlay-type":"","overlay-color":"","overlay-opacity":"","overlay-gradient":""},"tablet":{"background-color":"","background-image":"","background-repeat":"repeat","background-position":"center center","background-size":"auto","background-attachment":"scroll","background-type":"","background-media":"","overlay-type":"","overlay-color":"","overlay-opacity":"","overlay-gradient":""},"mobile":{"background-color":"","background-image":"","background-repeat":"repeat","background-position":"center center","background-size":"auto","background-attachment":"scroll","background-type":"","background-media":"","overlay-type":"","overlay-color":"","overlay-opacity":"","overlay-gradient":""}},"ast-content-background-meta":{"desktop":{"background-color":"var(--ast-global-color-5)","background-image":"","background-repeat":"repeat","background-position":"center center","background-size":"auto","background-attachment":"scroll","background-type":"","background-media":"","overlay-type":"","overlay-color":"","overlay-opacity":"","overlay-gradient":""},"tablet":{"background-color":"var(--ast-global-color-5)","background-image":"","background-repeat":"repeat","background-position":"center center","background-size":"auto","background-attachment":"scroll","background-type":"","background-media":"","overlay-type":"","overlay-color":"","overlay-opacity":"","overlay-gradient":""},"mobile":{"background-color":"var(--ast-global-color-5)","background-image":"","background-repeat":"repeat","background-position":"center center","background-size":"auto","background-attachment":"scroll","background-type":"","background-media":"","overlay-type":"","overlay-color":"","overlay-opacity":"","overlay-gradient":""}},"_joinchat":[]},"product_brand":[],"product_cat":[71],"product_tag":[],"class_list":{"0":"post-3398","1":"product","2":"type-product","3":"status-publish","4":"has-post-thumbnail","6":"product_cat-musica","7":"desktop-align-center","8":"tablet-align-center","9":"mobile-align-center","10":"ast-product-gallery-layout-horizontal","11":"ast-magnify-disabled","12":"ast-product-tabs-layout-horizontal","13":"ast-qv-on-image","15":"first","16":"instock","17":"purchasable","18":"product-type-simple"},"yoast_head":"<!-- This site is optimized with the Yoast SEO plugin v27.4 - https:\/\/yoast.com\/product\/yoast-seo-wordpress\/ -->\n<title>Live Sessions 16\/05- RUTA 64 - Llanes Events<\/title>\n<meta name=\"description\" content=\"S\u00e1bado 16 de mayo 19:30h Prau Riu Hotel Hyundai.  &quot;Ruta 64&quot; es un cuarteto de covers de pop rock. Se forma a mediados de de 2023 por dos guitarristas y un bajista que, tras una dilatada trayectoria en la formaci\u00f3n &quot;Simple Band&quot;, retoman el camino musical con un nuevo bater\u00eda. Dilatada experiencia en actuaciones por toda Asturias, el recorrido musical abarca desde Rolling hasta Raphael, y desde Dire Straits hasta Jeannette. Trampantojos de canciones y mucha, mucha diversi\u00f3n!  El aforo es limitado. El donativo para el Artista es de 4 \u20ac\u00a0 a trav\u00e9s de LlanesEvents, 5\u20ac en Puerta. Las localidades se ocupar\u00e1n a placer, por orden de llegada.  Evento cultural y de animaci\u00f3n tur\u00edstica exclusivo para socios de llanesevents y clientes de Prau Riu Hotel Hyundai. No te pierdas nuestros eventos, hazte socio de forma gratuita en el siguiente enlace:  https:\/\/thread-impulse-51c.notion.site\/203878de1fe780009091c3b0863cc564  &nbsp;  &nbsp;  &nbsp;\" \/>\n<meta name=\"robots\" content=\"index, follow, max-snippet:-1, max-image-preview:large, max-video-preview:-1\" \/>\n<link rel=\"canonical\" href=\"https:\/\/www.llanesevents.com\/en\/event\/live-sessions-16-05-route-64\/\" \/>\n<meta property=\"og:locale\" content=\"en_US\" \/>\n<meta property=\"og:type\" content=\"article\" \/>\n<meta property=\"og:title\" content=\"Live Sessions 16\/05- RUTA 64 - Llanes Events\" \/>\n<meta property=\"og:description\" content=\"S\u00e1bado 16 de mayo 19:30h Prau Riu Hotel Hyundai.  &quot;Ruta 64&quot; es un cuarteto de covers de pop rock. Se forma a mediados de de 2023 por dos guitarristas y un bajista que, tras una dilatada trayectoria en la formaci\u00f3n &quot;Simple Band&quot;, retoman el camino musical con un nuevo bater\u00eda. Dilatada experiencia en actuaciones por toda Asturias, el recorrido musical abarca desde Rolling hasta Raphael, y desde Dire Straits hasta Jeannette. Trampantojos de canciones y mucha, mucha diversi\u00f3n!  El aforo es limitado. El donativo para el Artista es de 4 \u20ac\u00a0 a trav\u00e9s de LlanesEvents, 5\u20ac en Puerta. Las localidades se ocupar\u00e1n a placer, por orden de llegada.  Evento cultural y de animaci\u00f3n tur\u00edstica exclusivo para socios de llanesevents y clientes de Prau Riu Hotel Hyundai. No te pierdas nuestros eventos, hazte socio de forma gratuita en el siguiente enlace:  https:\/\/thread-impulse-51c.notion.site\/203878de1fe780009091c3b0863cc564  &nbsp;  &nbsp;  &nbsp;\" \/>\n<meta property=\"og:url\" content=\"https:\/\/www.llanesevents.com\/en\/event\/live-sessions-16-05-route-64\/\" \/>\n<meta property=\"og:site_name\" content=\"Llanes Events\" \/>\n<meta property=\"article:publisher\" content=\"https:\/\/www.facebook.com\/llanesevents\" \/>\n<meta property=\"article:modified_time\" content=\"2026-01-19T12:01:27+00:00\" \/>\n<meta property=\"og:image\" content=\"https:\/\/www.llanesevents.com\/wp-content\/uploads\/2026\/01\/Ruta64-scaled.jpg\" \/>\n\t<meta property=\"og:image:width\" content=\"1810\" \/>\n\t<meta property=\"og:image:height\" content=\"2560\" \/>\n\t<meta property=\"og:image:type\" content=\"image\/jpeg\" \/>\n<meta name=\"twitter:card\" content=\"summary_large_image\" \/>\n<script type=\"application\/ld+json\" class=\"yoast-schema-graph\">{\"@context\":\"https:\\\/\\\/schema.org\",\"@graph\":[{\"@type\":\"WebPage\",\"@id\":\"https:\\\/\\\/www.llanesevents.com\\\/evento\\\/live-sessions-16-05-ruta-64\\\/\",\"url\":\"https:\\\/\\\/www.llanesevents.com\\\/evento\\\/live-sessions-16-05-ruta-64\\\/\",\"name\":\"Live Sessions 16\\\/05- RUTA 64 - Llanes Events\",\"isPartOf\":{\"@id\":\"https:\\\/\\\/www.llanesevents.com\\\/#website\"},\"primaryImageOfPage\":{\"@id\":\"https:\\\/\\\/www.llanesevents.com\\\/evento\\\/live-sessions-16-05-ruta-64\\\/#primaryimage\"},\"image\":{\"@id\":\"https:\\\/\\\/www.llanesevents.com\\\/evento\\\/live-sessions-16-05-ruta-64\\\/#primaryimage\"},\"thumbnailUrl\":\"https:\\\/\\\/www.llanesevents.com\\\/wp-content\\\/uploads\\\/2026\\\/01\\\/Ruta64-scaled.jpg\",\"datePublished\":\"2026-01-12T18:05:19+00:00\",\"dateModified\":\"2026-01-19T12:01:27+00:00\",\"description\":\"S\u00e1bado 16 de mayo 19:30h Prau Riu Hotel Hyundai. \\\"Ruta 64\\\" es un cuarteto de covers de pop rock. Se forma a mediados de de 2023 por dos guitarristas y un bajista que, tras una dilatada trayectoria en la formaci\u00f3n \\\"Simple Band\\\", retoman el camino musical con un nuevo bater\u00eda. Dilatada experiencia en actuaciones por toda Asturias, el recorrido musical abarca desde Rolling hasta Raphael, y desde Dire Straits hasta Jeannette. Trampantojos de canciones y mucha, mucha diversi\u00f3n! El aforo es limitado. El donativo para el Artista es de 4 \u20ac\u00a0 a trav\u00e9s de LlanesEvents, 5\u20ac en Puerta. Las localidades se ocupar\u00e1n a placer, por orden de llegada. Evento cultural y de animaci\u00f3n tur\u00edstica exclusivo para socios de llanesevents y clientes de Prau Riu Hotel Hyundai. No te pierdas nuestros eventos, hazte socio de forma gratuita en el siguiente enlace: https:\\\/\\\/thread-impulse-51c.notion.site\\\/203878de1fe780009091c3b0863cc564 &nbsp; &nbsp; &nbsp;\",\"breadcrumb\":{\"@id\":\"https:\\\/\\\/www.llanesevents.com\\\/evento\\\/live-sessions-16-05-ruta-64\\\/#breadcrumb\"},\"inLanguage\":\"en-US\",\"potentialAction\":[{\"@type\":\"ReadAction\",\"target\":[\"https:\\\/\\\/www.llanesevents.com\\\/evento\\\/live-sessions-16-05-ruta-64\\\/\"]}]},{\"@type\":\"ImageObject\",\"inLanguage\":\"en-US\",\"@id\":\"https:\\\/\\\/www.llanesevents.com\\\/evento\\\/live-sessions-16-05-ruta-64\\\/#primaryimage\",\"url\":\"https:\\\/\\\/www.llanesevents.com\\\/wp-content\\\/uploads\\\/2026\\\/01\\\/Ruta64-scaled.jpg\",\"contentUrl\":\"https:\\\/\\\/www.llanesevents.com\\\/wp-content\\\/uploads\\\/2026\\\/01\\\/Ruta64-scaled.jpg\",\"width\":1810,\"height\":2560,\"caption\":\"Ruta64\"},{\"@type\":\"BreadcrumbList\",\"@id\":\"https:\\\/\\\/www.llanesevents.com\\\/evento\\\/live-sessions-16-05-ruta-64\\\/#breadcrumb\",\"itemListElement\":[{\"@type\":\"ListItem\",\"position\":1,\"name\":\"Home\",\"item\":\"https:\\\/\\\/www.llanesevents.com\\\/\"},{\"@type\":\"ListItem\",\"position\":2,\"name\":\"Eventos\",\"item\":\"https:\\\/\\\/www.llanesevents.com\\\/eventos\\\/\"},{\"@type\":\"ListItem\",\"position\":3,\"name\":\"Live Sessions 16\\\/05- RUTA 64\"}]},{\"@type\":\"WebSite\",\"@id\":\"https:\\\/\\\/www.llanesevents.com\\\/#website\",\"url\":\"https:\\\/\\\/www.llanesevents.com\\\/\",\"name\":\"Eventos Culturales Llanes\",\"description\":\"Eventos culturales Llanes\",\"publisher\":{\"@id\":\"https:\\\/\\\/www.llanesevents.com\\\/#organization\"},\"potentialAction\":[{\"@type\":\"SearchAction\",\"target\":{\"@type\":\"EntryPoint\",\"urlTemplate\":\"https:\\\/\\\/www.llanesevents.com\\\/?s={search_term_string}\"},\"query-input\":{\"@type\":\"PropertyValueSpecification\",\"valueRequired\":true,\"valueName\":\"search_term_string\"}}],\"inLanguage\":\"en-US\"},{\"@type\":\"Organization\",\"@id\":\"https:\\\/\\\/www.llanesevents.com\\\/#organization\",\"name\":\"Eventos Culturales Llanes\",\"url\":\"https:\\\/\\\/www.llanesevents.com\\\/\",\"logo\":{\"@type\":\"ImageObject\",\"inLanguage\":\"en-US\",\"@id\":\"https:\\\/\\\/www.llanesevents.com\\\/#\\\/schema\\\/logo\\\/image\\\/\",\"url\":\"https:\\\/\\\/www.llanesevents.com\\\/wp-content\\\/uploads\\\/2020\\\/02\\\/logo-azul-fucsia.png\",\"contentUrl\":\"https:\\\/\\\/www.llanesevents.com\\\/wp-content\\\/uploads\\\/2020\\\/02\\\/logo-azul-fucsia.png\",\"width\":411,\"height\":267,\"caption\":\"Eventos Culturales Llanes\"},\"image\":{\"@id\":\"https:\\\/\\\/www.llanesevents.com\\\/#\\\/schema\\\/logo\\\/image\\\/\"},\"sameAs\":[\"https:\\\/\\\/www.facebook.com\\\/llanesevents\",\"https:\\\/\\\/www.instagram.com\\\/llaneseventsofficial\"]}]}<\/script>\n<!-- \/ Yoast SEO plugin. -->","yoast_head_json":{"title":"Live Sessions 05\/16- ROUTE 64 - Llanes Events","description":"Saturday, May 16, 7:30 PM, Prau Riu Hotel Hyundai. &quot;Ruta 64&quot; is a pop-rock cover quartet. Formed in mid-2023 by two guitarists and a bassist who, after a long career in the band &quot;Simple Band,&quot; are returning to music with a new drummer. With extensive experience performing throughout Asturias, their musical repertoire ranges from the Rolling Stones to Raphael, and from Dire Straits to Jeannette. Expect a whimsical mix of songs and lots and lots of fun! Seating is limited. The suggested donation for the artist is \u20ac4 through LlanesEvents, or \u20ac5 at the door. Seats will be allocated on a first-come, first-served basis. This cultural and tourist entertainment event is exclusive to members of llanesevents and guests of the Prau Riu Hotel Hyundai. Don&#039;t miss our events! Become a member for free at the following link: https:\/\/thread-impulse-51c.notion.site\/203878de1fe780009091c3b0863cc564  &nbsp;  &nbsp;  &nbsp;","robots":{"index":"index","follow":"follow","max-snippet":"max-snippet:-1","max-image-preview":"max-image-preview:large","max-video-preview":"max-video-preview:-1"},"canonical":"https:\/\/www.llanesevents.com\/en\/event\/live-sessions-16-05-route-64\/","og_locale":"en_US","og_type":"article","og_title":"Live Sessions 16\/05- RUTA 64 - Llanes Events","og_description":"S\u00e1bado 16 de mayo 19:30h Prau Riu Hotel Hyundai.  \"Ruta 64\" es un cuarteto de covers de pop rock. Se forma a mediados de de 2023 por dos guitarristas y un bajista que, tras una dilatada trayectoria en la formaci\u00f3n \"Simple Band\", retoman el camino musical con un nuevo bater\u00eda. Dilatada experiencia en actuaciones por toda Asturias, el recorrido musical abarca desde Rolling hasta Raphael, y desde Dire Straits hasta Jeannette. Trampantojos de canciones y mucha, mucha diversi\u00f3n!  El aforo es limitado. El donativo para el Artista es de 4 \u20ac\u00a0 a trav\u00e9s de LlanesEvents, 5\u20ac en Puerta. Las localidades se ocupar\u00e1n a placer, por orden de llegada.  Evento cultural y de animaci\u00f3n tur\u00edstica exclusivo para socios de llanesevents y clientes de Prau Riu Hotel Hyundai. No te pierdas nuestros eventos, hazte socio de forma gratuita en el siguiente enlace:  https:\/\/thread-impulse-51c.notion.site\/203878de1fe780009091c3b0863cc564  &nbsp;  &nbsp;  &nbsp;","og_url":"https:\/\/www.llanesevents.com\/en\/event\/live-sessions-16-05-route-64\/","og_site_name":"Llanes Events","article_publisher":"https:\/\/www.facebook.com\/llanesevents","article_modified_time":"2026-01-19T12:01:27+00:00","og_image":[{"width":1810,"height":2560,"url":"https:\/\/www.llanesevents.com\/wp-content\/uploads\/2026\/01\/Ruta64-scaled.jpg","type":"image\/jpeg"}],"twitter_card":"summary_large_image","schema":{"@context":"https:\/\/schema.org","@graph":[{"@type":"WebPage","@id":"https:\/\/www.llanesevents.com\/evento\/live-sessions-16-05-ruta-64\/","url":"https:\/\/www.llanesevents.com\/evento\/live-sessions-16-05-ruta-64\/","name":"Live Sessions 05\/16- ROUTE 64 - Llanes Events","isPartOf":{"@id":"https:\/\/www.llanesevents.com\/#website"},"primaryImageOfPage":{"@id":"https:\/\/www.llanesevents.com\/evento\/live-sessions-16-05-ruta-64\/#primaryimage"},"image":{"@id":"https:\/\/www.llanesevents.com\/evento\/live-sessions-16-05-ruta-64\/#primaryimage"},"thumbnailUrl":"https:\/\/www.llanesevents.com\/wp-content\/uploads\/2026\/01\/Ruta64-scaled.jpg","datePublished":"2026-01-12T18:05:19+00:00","dateModified":"2026-01-19T12:01:27+00:00","description":"Saturday, May 16, 7:30 PM, Prau Riu Hotel Hyundai. &quot;Ruta 64&quot; is a pop-rock cover quartet. Formed in mid-2023 by two guitarists and a bassist who, after a long career in the band &quot;Simple Band,&quot; are returning to music with a new drummer. With extensive experience performing throughout Asturias, their musical repertoire ranges from the Rolling Stones to Raphael, and from Dire Straits to Jeannette. Expect a whimsical mix of songs and lots and lots of fun! Seating is limited. The suggested donation for the artist is \u20ac4 through LlanesEvents, or \u20ac5 at the door. Seats will be allocated on a first-come, first-served basis. This cultural and tourist entertainment event is exclusive to members of llanesevents and guests of the Prau Riu Hotel Hyundai. Don&#039;t miss our events! Become a member for free at the following link: https:\/\/thread-impulse-51c.notion.site\/203878de1fe780009091c3b0863cc564 &nbsp; &nbsp; &nbsp;","breadcrumb":{"@id":"https:\/\/www.llanesevents.com\/evento\/live-sessions-16-05-ruta-64\/#breadcrumb"},"inLanguage":"en-US","potentialAction":[{"@type":"ReadAction","target":["https:\/\/www.llanesevents.com\/evento\/live-sessions-16-05-ruta-64\/"]}]},{"@type":"ImageObject","inLanguage":"en-US","@id":"https:\/\/www.llanesevents.com\/evento\/live-sessions-16-05-ruta-64\/#primaryimage","url":"https:\/\/www.llanesevents.com\/wp-content\/uploads\/2026\/01\/Ruta64-scaled.jpg","contentUrl":"https:\/\/www.llanesevents.com\/wp-content\/uploads\/2026\/01\/Ruta64-scaled.jpg","width":1810,"height":2560,"caption":"Ruta64"},{"@type":"BreadcrumbList","@id":"https:\/\/www.llanesevents.com\/evento\/live-sessions-16-05-ruta-64\/#breadcrumb","itemListElement":[{"@type":"ListItem","position":1,"name":"Home","item":"https:\/\/www.llanesevents.com\/"},{"@type":"ListItem","position":2,"name":"Eventos","item":"https:\/\/www.llanesevents.com\/eventos\/"},{"@type":"ListItem","position":3,"name":"Live Sessions 16\/05- RUTA 64"}]},{"@type":"WebSite","@id":"https:\/\/www.llanesevents.com\/#website","url":"https:\/\/www.llanesevents.com\/","name":"Llanes Cultural Events","description":"Llanes cultural events","publisher":{"@id":"https:\/\/www.llanesevents.com\/#organization"},"potentialAction":[{"@type":"SearchAction","target":{"@type":"EntryPoint","urlTemplate":"https:\/\/www.llanesevents.com\/?s={search_term_string}"},"query-input":{"@type":"PropertyValueSpecification","valueRequired":true,"valueName":"search_term_string"}}],"inLanguage":"en-US"},{"@type":"Organization","@id":"https:\/\/www.llanesevents.com\/#organization","name":"Llanes Cultural Events","url":"https:\/\/www.llanesevents.com\/","logo":{"@type":"ImageObject","inLanguage":"en-US","@id":"https:\/\/www.llanesevents.com\/#\/schema\/logo\/image\/","url":"https:\/\/www.llanesevents.com\/wp-content\/uploads\/2020\/02\/logo-azul-fucsia.png","contentUrl":"https:\/\/www.llanesevents.com\/wp-content\/uploads\/2020\/02\/logo-azul-fucsia.png","width":411,"height":267,"caption":"Eventos Culturales Llanes"},"image":{"@id":"https:\/\/www.llanesevents.com\/#\/schema\/logo\/image\/"},"sameAs":["https:\/\/www.facebook.com\/llanesevents","https:\/\/www.instagram.com\/llaneseventsofficial"]}]}},"_links":{"self":[{"href":"https:\/\/www.llanesevents.com\/en\/wp-json\/wp\/v2\/product\/3398","targetHints":{"allow":["GET"]}}],"collection":[{"href":"https:\/\/www.llanesevents.com\/en\/wp-json\/wp\/v2\/product"}],"about":[{"href":"https:\/\/www.llanesevents.com\/en\/wp-json\/wp\/v2\/types\/product"}],"wp:featuredmedia":[{"embeddable":true,"href":"https:\/\/www.llanesevents.com\/en\/wp-json\/wp\/v2\/media\/3400"}],"wp:attachment":[{"href":"https:\/\/www.llanesevents.com\/en\/wp-json\/wp\/v2\/media?parent=3398"}],"wp:term":[{"taxonomy":"product_brand","embeddable":true,"href":"https:\/\/www.llanesevents.com\/en\/wp-json\/wp\/v2\/product_brand?post=3398"},{"taxonomy":"product_cat","embeddable":true,"href":"https:\/\/www.llanesevents.com\/en\/wp-json\/wp\/v2\/product_cat?post=3398"},{"taxonomy":"product_tag","embeddable":true,"href":"https:\/\/www.llanesevents.com\/en\/wp-json\/wp\/v2\/product_tag?post=3398"}],"curies":[{"name":"wp","href":"https:\/\/api.w.org\/{rel}","templated":true}]}}