{"id":3322,"date":"2025-09-10T23:44:50","date_gmt":"2025-09-10T21:44:50","guid":{"rendered":"https:\/\/www.llanesevents.com\/?post_type=product&#038;p=3322"},"modified":"2025-10-13T20:14:29","modified_gmt":"2025-10-13T18:14:29","slug":"acoustic-sessions-jesus-ayesta-ayesta-sabina","status":"publish","type":"product","link":"https:\/\/www.llanesevents.com\/en\/evento\/acoustic-sessions-jesus-ayesta-ayesta-sabina\/","title":{"rendered":"Acoustic Sessions 11\/10 - Jes\u00fas Ayesta \u2013 POP HITS"},"content":{"rendered":"","protected":false},"excerpt":{"rendered":"<p>Saturday, October 11, 7:30 p.m. Prau Riu Hotel Hyundai.<\/p>\n<p data-start=\"50\" data-end=\"292\"><span data-olk-copy-source=\"MailCompose\">A look back at the greatest pop hits that have accompanied, influenced, and inspired Jes\u00fas Ayesta: Antonio Vega, Los Secretos, Revolver, Jarabe de Palo, Man\u00e1, Rosana, Juan Luis Guerra, Joan Manuel Serrat, Eric Calpton, Eagles, Sting, The Beatles, Alejandro Sanz, Francis Cabrel, etc.<br \/>\nDURATION: The approximate duration is 1 hour and 30 minutes.<br \/>\nPERFORMANCE FORMAT: Guitar, voice and harmonica.<\/span><\/p>\n<p data-start=\"52\" data-end=\"260\">Jes\u00fas Ayesta is a composer, singer, guitarist and producer.<br data-start=\"117\" data-end=\"120\" \/>Their genre is pop, country and singer-songwriter music with influences from other artists such as Joaqu\u00edn Sabina, The Eagles, Los Secretos, Revolver, etc.<\/p>\n<p data-start=\"262\" data-end=\"438\">He has trained in guitar, harmony, piano and vocal technique.<br data-start=\"320\" data-end=\"323\" \/>She has released three albums, \u201cDe boca en boca\u201d, \u201cHistorias de dos\u201d, \u201cAsleep on my street\u201d and released several singles.<\/p>\n<p data-start=\"440\" data-end=\"506\">He is currently recording a new album in an acoustic format.<\/p>\n<p data-start=\"508\" data-end=\"742\">He has held songwriting contracts with Universal Music Publishing and Warner Music Spain and has performed numerous concerts both nationally and abroad.<br data-start=\"680\" data-end=\"683\" \/>(large venues, cultural classrooms, theaters, venues, etc.).<\/p>\n<p>Seating is limited. The artist&#039;s donation is \u20ac5 through LlanesEvents, and \u20ac6 at the door. Tickets will be filled on a first-come, first-served basis.<\/p>\n<p>Cultural and tourist entertainment event exclusively for Llanesevents members and guests of the Prau Riu Hotel Hyundai. Don&#039;t miss our events; become a member for free at the following link:<\/p>\n<p>https:\/\/thread-impulse-51c.notion.site\/203878de1fe780009091c3b0863cc564<\/p>\n<p>&nbsp;<\/p>\n<p>&nbsp;<\/p>\n<p>&nbsp;<\/p>","protected":false},"featured_media":3328,"template":"","meta":{"site-sidebar-layout":"default","site-content-layout":"","ast-site-content-layout":"default","site-content-style":"default","site-sidebar-style":"default","ast-global-header-display":"","ast-banner-title-visibility":"","ast-main-header-display":"","ast-hfb-above-header-display":"","ast-hfb-below-header-display":"","ast-hfb-mobile-header-display":"","site-post-title":"","ast-breadcrumbs-content":"","ast-featured-img":"","footer-sml-layout":"","ast-disable-related-posts":"","theme-transparent-header-meta":"default","adv-header-id-meta":"","stick-header-meta":"default","header-above-stick-meta":"","header-main-stick-meta":"","header-below-stick-meta":"","astra-migrate-meta-layouts":"set","ast-page-background-enabled":"default","ast-page-background-meta":{"desktop":{"background-color":"","background-image":"","background-repeat":"repeat","background-position":"center center","background-size":"auto","background-attachment":"scroll","background-type":"","background-media":"","overlay-type":"","overlay-color":"","overlay-opacity":"","overlay-gradient":""},"tablet":{"background-color":"","background-image":"","background-repeat":"repeat","background-position":"center center","background-size":"auto","background-attachment":"scroll","background-type":"","background-media":"","overlay-type":"","overlay-color":"","overlay-opacity":"","overlay-gradient":""},"mobile":{"background-color":"","background-image":"","background-repeat":"repeat","background-position":"center center","background-size":"auto","background-attachment":"scroll","background-type":"","background-media":"","overlay-type":"","overlay-color":"","overlay-opacity":"","overlay-gradient":""}},"ast-content-background-meta":{"desktop":{"background-color":"var(--ast-global-color-5)","background-image":"","background-repeat":"repeat","background-position":"center center","background-size":"auto","background-attachment":"scroll","background-type":"","background-media":"","overlay-type":"","overlay-color":"","overlay-opacity":"","overlay-gradient":""},"tablet":{"background-color":"var(--ast-global-color-5)","background-image":"","background-repeat":"repeat","background-position":"center center","background-size":"auto","background-attachment":"scroll","background-type":"","background-media":"","overlay-type":"","overlay-color":"","overlay-opacity":"","overlay-gradient":""},"mobile":{"background-color":"var(--ast-global-color-5)","background-image":"","background-repeat":"repeat","background-position":"center center","background-size":"auto","background-attachment":"scroll","background-type":"","background-media":"","overlay-type":"","overlay-color":"","overlay-opacity":"","overlay-gradient":""}},"_joinchat":[]},"product_brand":[],"product_cat":[71],"product_tag":[182],"class_list":{"0":"post-3322","1":"product","2":"type-product","3":"status-publish","4":"has-post-thumbnail","6":"product_cat-musica","7":"product_tag-finalizado","8":"desktop-align-center","9":"tablet-align-center","10":"mobile-align-center","11":"ast-product-gallery-layout-horizontal","12":"ast-magnify-disabled","13":"ast-product-tabs-layout-horizontal","14":"ast-qv-on-image","16":"first","17":"outofstock","18":"purchasable","19":"product-type-simple"},"yoast_head":"<!-- This site is optimized with the Yoast SEO plugin v27.4 - https:\/\/yoast.com\/product\/yoast-seo-wordpress\/ -->\n<title>Acoustic Sessions 11\/10- Jes\u00fas Ayesta - \u00c9XITOS DEL POP - Llanes Events<\/title>\n<meta name=\"description\" content=\"S\u00e1bado 11 de octubre 19:30:00h Prau Riu Hotel Hyundai. Repaso a grandes \u00e9xitos del pop que han acompa\u00f1ado, influido e inspirado a Jes\u00fas Ayesta: Antonio Vega, Los Secretos, Revolver, Jarabe de Palo, Man\u00e1, Rosana, Juan Luis Guerra, Joan Manuel Serrat, Eric Calpton, Eagles, Sting, The Beatles, Alejandro Sanz, Francis Cabrel, etc. DURACI\u00d3N: La duraci\u00f3n aproximada es de 1 hora y 30 minutos. FORMATO DE LA ACTUACION: Guitarra, voz y arm\u00f3nica. Jes\u00fas Ayesta es un compositor, cantante, guitarrista y productor.Su g\u00e9nero es pop, country y m\u00fasica de autor con influencia de otros artistas como Joaqu\u00edn Sabina, The Eagles, los Secretos, Revolver, etc. Se ha formado en guitarra, armon\u00eda, piano y t\u00e9cnica vocal.Ha publicado tres discos, &quot;De boca en boca&quot;, &quot;Historias de dos&quot;, &quot;Dormida en mi calle&quot; y lanzado varios singles. Actualmente est\u00e1 grabando un nuevo \u00e1lbum en un formato ac\u00fastico. Ha mantenido contratos de cesi\u00f3n de canciones con Universal Music Publishing y Warner Music Espa\u00f1a y realizado numerosos conciertos tanto nacionales como en el extranjero(grandes recintos, aulas de cultura, teatros, locales...). El aforo es limitado. El donativo para el Artista es de 5 \u20ac\u00a0 a trav\u00e9s de LlanesEvents, 6\u20ac en Puerta. Las localidades se ocupar\u00e1n a placer, por orden de llegada.  Evento cultural y de animaci\u00f3n tur\u00edstica exclusivo para socios de llanesevents y clientes de Prau Riu Hotel Hyundai. No te pierdas nuestros eventos, hazte socio de forma gratuita en el siguiente enlace:  https:\/\/thread-impulse-51c.notion.site\/203878de1fe780009091c3b0863cc564  &nbsp;  &nbsp;  &nbsp;\" \/>\n<meta name=\"robots\" content=\"index, follow, max-snippet:-1, max-image-preview:large, max-video-preview:-1\" \/>\n<link rel=\"canonical\" href=\"https:\/\/www.llanesevents.com\/en\/event\/acoustic-sessions-jesus-ayesta-ayesta-sabina\/\" \/>\n<meta property=\"og:locale\" content=\"en_US\" \/>\n<meta property=\"og:type\" content=\"article\" \/>\n<meta property=\"og:title\" content=\"Acoustic Sessions 11\/10- Jes\u00fas Ayesta - \u00c9XITOS DEL POP - Llanes Events\" \/>\n<meta property=\"og:description\" content=\"S\u00e1bado 11 de octubre 19:30:00h Prau Riu Hotel Hyundai. Repaso a grandes \u00e9xitos del pop que han acompa\u00f1ado, influido e inspirado a Jes\u00fas Ayesta: Antonio Vega, Los Secretos, Revolver, Jarabe de Palo, Man\u00e1, Rosana, Juan Luis Guerra, Joan Manuel Serrat, Eric Calpton, Eagles, Sting, The Beatles, Alejandro Sanz, Francis Cabrel, etc. DURACI\u00d3N: La duraci\u00f3n aproximada es de 1 hora y 30 minutos. FORMATO DE LA ACTUACION: Guitarra, voz y arm\u00f3nica. Jes\u00fas Ayesta es un compositor, cantante, guitarrista y productor.Su g\u00e9nero es pop, country y m\u00fasica de autor con influencia de otros artistas como Joaqu\u00edn Sabina, The Eagles, los Secretos, Revolver, etc. Se ha formado en guitarra, armon\u00eda, piano y t\u00e9cnica vocal.Ha publicado tres discos, &quot;De boca en boca&quot;, &quot;Historias de dos&quot;, &quot;Dormida en mi calle&quot; y lanzado varios singles. Actualmente est\u00e1 grabando un nuevo \u00e1lbum en un formato ac\u00fastico. Ha mantenido contratos de cesi\u00f3n de canciones con Universal Music Publishing y Warner Music Espa\u00f1a y realizado numerosos conciertos tanto nacionales como en el extranjero(grandes recintos, aulas de cultura, teatros, locales...). El aforo es limitado. El donativo para el Artista es de 5 \u20ac\u00a0 a trav\u00e9s de LlanesEvents, 6\u20ac en Puerta. Las localidades se ocupar\u00e1n a placer, por orden de llegada.  Evento cultural y de animaci\u00f3n tur\u00edstica exclusivo para socios de llanesevents y clientes de Prau Riu Hotel Hyundai. No te pierdas nuestros eventos, hazte socio de forma gratuita en el siguiente enlace:  https:\/\/thread-impulse-51c.notion.site\/203878de1fe780009091c3b0863cc564  &nbsp;  &nbsp;  &nbsp;\" \/>\n<meta property=\"og:url\" content=\"https:\/\/www.llanesevents.com\/en\/event\/acoustic-sessions-jesus-ayesta-ayesta-sabina\/\" \/>\n<meta property=\"og:site_name\" content=\"Llanes Events\" \/>\n<meta property=\"article:publisher\" content=\"https:\/\/www.facebook.com\/llanesevents\" \/>\n<meta property=\"article:modified_time\" content=\"2025-10-13T18:14:29+00:00\" \/>\n<meta property=\"og:image\" content=\"https:\/\/www.llanesevents.com\/wp-content\/uploads\/2025\/09\/Jesus-Ayesta-1-scaled.jpg\" \/>\n\t<meta property=\"og:image:width\" content=\"1810\" \/>\n\t<meta property=\"og:image:height\" content=\"2560\" \/>\n\t<meta property=\"og:image:type\" content=\"image\/jpeg\" \/>\n<meta name=\"twitter:card\" content=\"summary_large_image\" \/>\n<script type=\"application\/ld+json\" class=\"yoast-schema-graph\">{\"@context\":\"https:\\\/\\\/schema.org\",\"@graph\":[{\"@type\":\"WebPage\",\"@id\":\"https:\\\/\\\/www.llanesevents.com\\\/evento\\\/acoustic-sessions-jesus-ayesta-ayesta-sabina\\\/\",\"url\":\"https:\\\/\\\/www.llanesevents.com\\\/evento\\\/acoustic-sessions-jesus-ayesta-ayesta-sabina\\\/\",\"name\":\"Acoustic Sessions 11\\\/10- Jes\u00fas Ayesta - \u00c9XITOS DEL POP - Llanes Events\",\"isPartOf\":{\"@id\":\"https:\\\/\\\/www.llanesevents.com\\\/#website\"},\"primaryImageOfPage\":{\"@id\":\"https:\\\/\\\/www.llanesevents.com\\\/evento\\\/acoustic-sessions-jesus-ayesta-ayesta-sabina\\\/#primaryimage\"},\"image\":{\"@id\":\"https:\\\/\\\/www.llanesevents.com\\\/evento\\\/acoustic-sessions-jesus-ayesta-ayesta-sabina\\\/#primaryimage\"},\"thumbnailUrl\":\"https:\\\/\\\/www.llanesevents.com\\\/wp-content\\\/uploads\\\/2025\\\/09\\\/Jesus-Ayesta-1-scaled.jpg\",\"datePublished\":\"2025-09-10T21:44:50+00:00\",\"dateModified\":\"2025-10-13T18:14:29+00:00\",\"description\":\"S\u00e1bado 11 de octubre 19:30:00h Prau Riu Hotel Hyundai. Repaso a grandes \u00e9xitos del pop que han acompa\u00f1ado, influido e inspirado a Jes\u00fas Ayesta: Antonio Vega, Los Secretos, Revolver, Jarabe de Palo, Man\u00e1, Rosana, Juan Luis Guerra, Joan Manuel Serrat, Eric Calpton, Eagles, Sting, The Beatles, Alejandro Sanz, Francis Cabrel, etc. DURACI\u00d3N: La duraci\u00f3n aproximada es de 1 hora y 30 minutos. FORMATO DE LA ACTUACION: Guitarra, voz y arm\u00f3nica. Jes\u00fas Ayesta es un compositor, cantante, guitarrista y productor.Su g\u00e9nero es pop, country y m\u00fasica de autor con influencia de otros artistas como Joaqu\u00edn Sabina, The Eagles, los Secretos, Revolver, etc. Se ha formado en guitarra, armon\u00eda, piano y t\u00e9cnica vocal.Ha publicado tres discos, \\\"De boca en boca\\\", \\\"Historias de dos\\\", \\\"Dormida en mi calle\\\" y lanzado varios singles. Actualmente est\u00e1 grabando un nuevo \u00e1lbum en un formato ac\u00fastico. Ha mantenido contratos de cesi\u00f3n de canciones con Universal Music Publishing y Warner Music Espa\u00f1a y realizado numerosos conciertos tanto nacionales como en el extranjero(grandes recintos, aulas de cultura, teatros, locales...). El aforo es limitado. El donativo para el Artista es de 5 \u20ac\u00a0 a trav\u00e9s de LlanesEvents, 6\u20ac en Puerta. Las localidades se ocupar\u00e1n a placer, por orden de llegada. Evento cultural y de animaci\u00f3n tur\u00edstica exclusivo para socios de llanesevents y clientes de Prau Riu Hotel Hyundai. No te pierdas nuestros eventos, hazte socio de forma gratuita en el siguiente enlace: https:\\\/\\\/thread-impulse-51c.notion.site\\\/203878de1fe780009091c3b0863cc564 &nbsp; &nbsp; &nbsp;\",\"breadcrumb\":{\"@id\":\"https:\\\/\\\/www.llanesevents.com\\\/evento\\\/acoustic-sessions-jesus-ayesta-ayesta-sabina\\\/#breadcrumb\"},\"inLanguage\":\"en-US\",\"potentialAction\":[{\"@type\":\"ReadAction\",\"target\":[\"https:\\\/\\\/www.llanesevents.com\\\/evento\\\/acoustic-sessions-jesus-ayesta-ayesta-sabina\\\/\"]}]},{\"@type\":\"ImageObject\",\"inLanguage\":\"en-US\",\"@id\":\"https:\\\/\\\/www.llanesevents.com\\\/evento\\\/acoustic-sessions-jesus-ayesta-ayesta-sabina\\\/#primaryimage\",\"url\":\"https:\\\/\\\/www.llanesevents.com\\\/wp-content\\\/uploads\\\/2025\\\/09\\\/Jesus-Ayesta-1-scaled.jpg\",\"contentUrl\":\"https:\\\/\\\/www.llanesevents.com\\\/wp-content\\\/uploads\\\/2025\\\/09\\\/Jesus-Ayesta-1-scaled.jpg\",\"width\":1810,\"height\":2560,\"caption\":\"Jesus Ayesta (1)\"},{\"@type\":\"BreadcrumbList\",\"@id\":\"https:\\\/\\\/www.llanesevents.com\\\/evento\\\/acoustic-sessions-jesus-ayesta-ayesta-sabina\\\/#breadcrumb\",\"itemListElement\":[{\"@type\":\"ListItem\",\"position\":1,\"name\":\"Home\",\"item\":\"https:\\\/\\\/www.llanesevents.com\\\/\"},{\"@type\":\"ListItem\",\"position\":2,\"name\":\"Eventos\",\"item\":\"https:\\\/\\\/www.llanesevents.com\\\/eventos\\\/\"},{\"@type\":\"ListItem\",\"position\":3,\"name\":\"Acoustic Sessions 11\\\/10- Jes\u00fas Ayesta &#8211; \u00c9XITOS DEL POP\"}]},{\"@type\":\"WebSite\",\"@id\":\"https:\\\/\\\/www.llanesevents.com\\\/#website\",\"url\":\"https:\\\/\\\/www.llanesevents.com\\\/\",\"name\":\"Eventos Culturales Llanes\",\"description\":\"Eventos culturales Llanes\",\"publisher\":{\"@id\":\"https:\\\/\\\/www.llanesevents.com\\\/#organization\"},\"potentialAction\":[{\"@type\":\"SearchAction\",\"target\":{\"@type\":\"EntryPoint\",\"urlTemplate\":\"https:\\\/\\\/www.llanesevents.com\\\/?s={search_term_string}\"},\"query-input\":{\"@type\":\"PropertyValueSpecification\",\"valueRequired\":true,\"valueName\":\"search_term_string\"}}],\"inLanguage\":\"en-US\"},{\"@type\":\"Organization\",\"@id\":\"https:\\\/\\\/www.llanesevents.com\\\/#organization\",\"name\":\"Eventos Culturales Llanes\",\"url\":\"https:\\\/\\\/www.llanesevents.com\\\/\",\"logo\":{\"@type\":\"ImageObject\",\"inLanguage\":\"en-US\",\"@id\":\"https:\\\/\\\/www.llanesevents.com\\\/#\\\/schema\\\/logo\\\/image\\\/\",\"url\":\"https:\\\/\\\/www.llanesevents.com\\\/wp-content\\\/uploads\\\/2020\\\/02\\\/logo-azul-fucsia.png\",\"contentUrl\":\"https:\\\/\\\/www.llanesevents.com\\\/wp-content\\\/uploads\\\/2020\\\/02\\\/logo-azul-fucsia.png\",\"width\":411,\"height\":267,\"caption\":\"Eventos Culturales Llanes\"},\"image\":{\"@id\":\"https:\\\/\\\/www.llanesevents.com\\\/#\\\/schema\\\/logo\\\/image\\\/\"},\"sameAs\":[\"https:\\\/\\\/www.facebook.com\\\/llanesevents\",\"https:\\\/\\\/www.instagram.com\\\/llaneseventsofficial\"]}]}<\/script>\n<!-- \/ Yoast SEO plugin. -->","yoast_head_json":{"title":"Acoustic Sessions 11\/10- Jes\u00fas Ayesta - POP HITS - Llanes Events","description":"Saturday, October 11, 7:30:00 p.m. Prau Riu Hotel Hyundai. A look back at the greatest pop hits that have accompanied, influenced, and inspired Jes\u00fas Ayesta: Antonio Vega, Los Secretos, Revolver, Jarabe de Palo, Man\u00e1, Rosana, Juan Luis Guerra, Joan Manuel Serrat, Eric Calpton, Eagles, Sting, The Beatles, Alejandro Sanz, Francis Cabrel, etc. LENGTH: Approximate duration is 1 hour and 30 minutes. PERFORMANCE FORMAT: Guitar, vocals, and harmonica. Jes\u00fas Ayesta is a composer, singer, guitarist, and producer. His genres include pop, country, and singer-songwriter music, influenced by artists such as Joaqu\u00edn Sabina, The Eagles, Los Secretos, Revolver, and more. He has trained in guitar, harmony, piano, and vocal technique. He has released three albums: &quot;De boca en boca,&quot; &quot;Historias de dos,&quot; &quot;Dormida en mi calle,&quot; and several singles. She is currently recording a new acoustic album. She has songwriting contracts with Universal Music Publishing and Warner Music Spain and has performed numerous concerts both nationally and internationally (large venues, cultural centers, theaters, clubs, etc.). Seating is limited. The artist&#039;s donation is \u20ac5 through LlanesEvents, \u20ac6 at the door. Tickets will be filled on a first-come, first-served basis. This cultural and tourist entertainment event is exclusive to Llanesevents members and guests of Prau Riu Hotel Hyundai. Don&#039;t miss our events; become a member for free at the following link: https:\/\/thread-impulse-51c.notion.site\/203878de1fe780009091c3b0863cc564  &nbsp;  &nbsp;  &nbsp;","robots":{"index":"index","follow":"follow","max-snippet":"max-snippet:-1","max-image-preview":"max-image-preview:large","max-video-preview":"max-video-preview:-1"},"canonical":"https:\/\/www.llanesevents.com\/en\/event\/acoustic-sessions-jesus-ayesta-ayesta-sabina\/","og_locale":"en_US","og_type":"article","og_title":"Acoustic Sessions 11\/10- Jes\u00fas Ayesta - \u00c9XITOS DEL POP - Llanes Events","og_description":"S\u00e1bado 11 de octubre 19:30:00h Prau Riu Hotel Hyundai. Repaso a grandes \u00e9xitos del pop que han acompa\u00f1ado, influido e inspirado a Jes\u00fas Ayesta: Antonio Vega, Los Secretos, Revolver, Jarabe de Palo, Man\u00e1, Rosana, Juan Luis Guerra, Joan Manuel Serrat, Eric Calpton, Eagles, Sting, The Beatles, Alejandro Sanz, Francis Cabrel, etc. DURACI\u00d3N: La duraci\u00f3n aproximada es de 1 hora y 30 minutos. FORMATO DE LA ACTUACION: Guitarra, voz y arm\u00f3nica. Jes\u00fas Ayesta es un compositor, cantante, guitarrista y productor.Su g\u00e9nero es pop, country y m\u00fasica de autor con influencia de otros artistas como Joaqu\u00edn Sabina, The Eagles, los Secretos, Revolver, etc. Se ha formado en guitarra, armon\u00eda, piano y t\u00e9cnica vocal.Ha publicado tres discos, \"De boca en boca\", \"Historias de dos\", \"Dormida en mi calle\" y lanzado varios singles. Actualmente est\u00e1 grabando un nuevo \u00e1lbum en un formato ac\u00fastico. Ha mantenido contratos de cesi\u00f3n de canciones con Universal Music Publishing y Warner Music Espa\u00f1a y realizado numerosos conciertos tanto nacionales como en el extranjero(grandes recintos, aulas de cultura, teatros, locales...). El aforo es limitado. El donativo para el Artista es de 5 \u20ac\u00a0 a trav\u00e9s de LlanesEvents, 6\u20ac en Puerta. Las localidades se ocupar\u00e1n a placer, por orden de llegada.  Evento cultural y de animaci\u00f3n tur\u00edstica exclusivo para socios de llanesevents y clientes de Prau Riu Hotel Hyundai. No te pierdas nuestros eventos, hazte socio de forma gratuita en el siguiente enlace:  https:\/\/thread-impulse-51c.notion.site\/203878de1fe780009091c3b0863cc564  &nbsp;  &nbsp;  &nbsp;","og_url":"https:\/\/www.llanesevents.com\/en\/event\/acoustic-sessions-jesus-ayesta-ayesta-sabina\/","og_site_name":"Llanes Events","article_publisher":"https:\/\/www.facebook.com\/llanesevents","article_modified_time":"2025-10-13T18:14:29+00:00","og_image":[{"width":1810,"height":2560,"url":"https:\/\/www.llanesevents.com\/wp-content\/uploads\/2025\/09\/Jesus-Ayesta-1-scaled.jpg","type":"image\/jpeg"}],"twitter_card":"summary_large_image","schema":{"@context":"https:\/\/schema.org","@graph":[{"@type":"WebPage","@id":"https:\/\/www.llanesevents.com\/evento\/acoustic-sessions-jesus-ayesta-ayesta-sabina\/","url":"https:\/\/www.llanesevents.com\/evento\/acoustic-sessions-jesus-ayesta-ayesta-sabina\/","name":"Acoustic Sessions 11\/10- Jes\u00fas Ayesta - POP HITS - Llanes Events","isPartOf":{"@id":"https:\/\/www.llanesevents.com\/#website"},"primaryImageOfPage":{"@id":"https:\/\/www.llanesevents.com\/evento\/acoustic-sessions-jesus-ayesta-ayesta-sabina\/#primaryimage"},"image":{"@id":"https:\/\/www.llanesevents.com\/evento\/acoustic-sessions-jesus-ayesta-ayesta-sabina\/#primaryimage"},"thumbnailUrl":"https:\/\/www.llanesevents.com\/wp-content\/uploads\/2025\/09\/Jesus-Ayesta-1-scaled.jpg","datePublished":"2025-09-10T21:44:50+00:00","dateModified":"2025-10-13T18:14:29+00:00","description":"Saturday, October 11, 7:30:00 p.m. Prau Riu Hotel Hyundai. A look back at the greatest pop hits that have accompanied, influenced, and inspired Jes\u00fas Ayesta: Antonio Vega, Los Secretos, Revolver, Jarabe de Palo, Man\u00e1, Rosana, Juan Luis Guerra, Joan Manuel Serrat, Eric Calpton, Eagles, Sting, The Beatles, Alejandro Sanz, Francis Cabrel, etc. LENGTH: Approximate duration is 1 hour and 30 minutes. PERFORMANCE FORMAT: Guitar, vocals, and harmonica. Jes\u00fas Ayesta is a composer, singer, guitarist, and producer. His genres include pop, country, and singer-songwriter music, influenced by artists such as Joaqu\u00edn Sabina, The Eagles, Los Secretos, Revolver, and more. He has trained in guitar, harmony, piano, and vocal technique. He has released three albums: &quot;De boca en boca,&quot; &quot;Historias de dos,&quot; &quot;Dormida en mi calle,&quot; and several singles. She is currently recording a new acoustic album. She has songwriting contracts with Universal Music Publishing and Warner Music Spain and has performed numerous concerts both nationally and internationally (large venues, cultural centers, theaters, clubs, etc.). Seating is limited. The artist&#039;s donation is \u20ac5 through LlanesEvents, \u20ac6 at the door. Tickets will be filled on a first-come, first-served basis. This cultural and tourist entertainment event is exclusive to Llanesevents members and guests of Prau Riu Hotel Hyundai. Don&#039;t miss our events; become a member for free at the following link: https:\/\/thread-impulse-51c.notion.site\/203878de1fe780009091c3b0863cc564 &nbsp; &nbsp; &nbsp;","breadcrumb":{"@id":"https:\/\/www.llanesevents.com\/evento\/acoustic-sessions-jesus-ayesta-ayesta-sabina\/#breadcrumb"},"inLanguage":"en-US","potentialAction":[{"@type":"ReadAction","target":["https:\/\/www.llanesevents.com\/evento\/acoustic-sessions-jesus-ayesta-ayesta-sabina\/"]}]},{"@type":"ImageObject","inLanguage":"en-US","@id":"https:\/\/www.llanesevents.com\/evento\/acoustic-sessions-jesus-ayesta-ayesta-sabina\/#primaryimage","url":"https:\/\/www.llanesevents.com\/wp-content\/uploads\/2025\/09\/Jesus-Ayesta-1-scaled.jpg","contentUrl":"https:\/\/www.llanesevents.com\/wp-content\/uploads\/2025\/09\/Jesus-Ayesta-1-scaled.jpg","width":1810,"height":2560,"caption":"Jesus Ayesta (1)"},{"@type":"BreadcrumbList","@id":"https:\/\/www.llanesevents.com\/evento\/acoustic-sessions-jesus-ayesta-ayesta-sabina\/#breadcrumb","itemListElement":[{"@type":"ListItem","position":1,"name":"Home","item":"https:\/\/www.llanesevents.com\/"},{"@type":"ListItem","position":2,"name":"Eventos","item":"https:\/\/www.llanesevents.com\/eventos\/"},{"@type":"ListItem","position":3,"name":"Acoustic Sessions 11\/10- Jes\u00fas Ayesta &#8211; \u00c9XITOS DEL POP"}]},{"@type":"WebSite","@id":"https:\/\/www.llanesevents.com\/#website","url":"https:\/\/www.llanesevents.com\/","name":"Llanes Cultural Events","description":"Llanes cultural events","publisher":{"@id":"https:\/\/www.llanesevents.com\/#organization"},"potentialAction":[{"@type":"SearchAction","target":{"@type":"EntryPoint","urlTemplate":"https:\/\/www.llanesevents.com\/?s={search_term_string}"},"query-input":{"@type":"PropertyValueSpecification","valueRequired":true,"valueName":"search_term_string"}}],"inLanguage":"en-US"},{"@type":"Organization","@id":"https:\/\/www.llanesevents.com\/#organization","name":"Llanes Cultural Events","url":"https:\/\/www.llanesevents.com\/","logo":{"@type":"ImageObject","inLanguage":"en-US","@id":"https:\/\/www.llanesevents.com\/#\/schema\/logo\/image\/","url":"https:\/\/www.llanesevents.com\/wp-content\/uploads\/2020\/02\/logo-azul-fucsia.png","contentUrl":"https:\/\/www.llanesevents.com\/wp-content\/uploads\/2020\/02\/logo-azul-fucsia.png","width":411,"height":267,"caption":"Eventos Culturales Llanes"},"image":{"@id":"https:\/\/www.llanesevents.com\/#\/schema\/logo\/image\/"},"sameAs":["https:\/\/www.facebook.com\/llanesevents","https:\/\/www.instagram.com\/llaneseventsofficial"]}]}},"_links":{"self":[{"href":"https:\/\/www.llanesevents.com\/en\/wp-json\/wp\/v2\/product\/3322","targetHints":{"allow":["GET"]}}],"collection":[{"href":"https:\/\/www.llanesevents.com\/en\/wp-json\/wp\/v2\/product"}],"about":[{"href":"https:\/\/www.llanesevents.com\/en\/wp-json\/wp\/v2\/types\/product"}],"wp:featuredmedia":[{"embeddable":true,"href":"https:\/\/www.llanesevents.com\/en\/wp-json\/wp\/v2\/media\/3328"}],"wp:attachment":[{"href":"https:\/\/www.llanesevents.com\/en\/wp-json\/wp\/v2\/media?parent=3322"}],"wp:term":[{"taxonomy":"product_brand","embeddable":true,"href":"https:\/\/www.llanesevents.com\/en\/wp-json\/wp\/v2\/product_brand?post=3322"},{"taxonomy":"product_cat","embeddable":true,"href":"https:\/\/www.llanesevents.com\/en\/wp-json\/wp\/v2\/product_cat?post=3322"},{"taxonomy":"product_tag","embeddable":true,"href":"https:\/\/www.llanesevents.com\/en\/wp-json\/wp\/v2\/product_tag?post=3322"}],"curies":[{"name":"wp","href":"https:\/\/api.w.org\/{rel}","templated":true}]}}