{"id":3309,"date":"2025-09-12T12:04:21","date_gmt":"2025-09-12T10:04:21","guid":{"rendered":"https:\/\/www.llanesevents.com\/?post_type=product&#038;p=3309"},"modified":"2025-10-10T10:19:29","modified_gmt":"2025-10-10T08:19:29","slug":"stand-up-comedy-collective-disaster-frustrated-musician","status":"publish","type":"product","link":"https:\/\/www.llanesevents.com\/en\/evento\/stand-up-comedy-colectivo-desastre-musico-frustrado\/","title":{"rendered":"Stand Up Comedy \u2013 Colectivo Desastre \u2013 Frustrated Musician"},"content":{"rendered":"","protected":false},"excerpt":{"rendered":"<p>Saturday, October 4, 8:00 p.m. Prau Riu Hotel Hyundai.<\/p>\n<p>Embark on a hilarious journey through the reflections and misery of musician and comedian Guille Garc\u00eda, in a unique blend of stand-up comedy and concert, as he unravels surreal observations through song. Guille Garc\u00eda is the founding member of the fictional band Colectivo Desastre.<br \/>\nHe is also the only one, but he is Asturian, (and there are fewer and fewer young people in Asturias)<\/p>\n<p>Trained at the Gij\u00f3n Conservatory, a couple of visits to open mics were enough for him to discover that he didn&#039;t want to be another singer-songwriter.<br \/>\na low-class singer with a hat, but rather used his songs to make people laugh. Since then, armed with a half-tuned guitar and<br \/>\na notebook of jokes, has dedicated himself to premiering and filming his one-man shows (The 5 Keys to making it big in laM\u00fasica, 2018 and<br \/>\nDesConcierto, 2021) for the national comedy scene, leading him to open for leading comedians such as Ignatius Farray, In\u00e9s Hernando and Miguel Campos.<br \/>\nHe combines live performances with online pieces, earning the unusual honor of being the first comedian to be mentioned in El Comidista for one of his songs.<\/p>\n<p>&nbsp;<\/p>\n<p>Seating is limited. The artist&#039;s donation is \u20ac3 through LlanesEvents, and \u20ac4 at the door. Tickets will be filled on a first-come, first-served basis.<\/p>\n<p>Cultural and tourist entertainment event exclusively for Llanesevents members and guests of the Prau Riu Hotel Hyundai. Don&#039;t miss our events; become a member for free at the following link:<\/p>\n<p>https:\/\/thread-impulse-51c.notion.site\/203878de1fe780009091c3b0863cc564<\/p>\n<p>&nbsp;<\/p>\n<p>&nbsp;<\/p>\n<p>&nbsp;<\/p>","protected":false},"featured_media":3313,"template":"","meta":{"site-sidebar-layout":"default","site-content-layout":"","ast-site-content-layout":"default","site-content-style":"default","site-sidebar-style":"default","ast-global-header-display":"","ast-banner-title-visibility":"","ast-main-header-display":"","ast-hfb-above-header-display":"","ast-hfb-below-header-display":"","ast-hfb-mobile-header-display":"","site-post-title":"","ast-breadcrumbs-content":"","ast-featured-img":"","footer-sml-layout":"","ast-disable-related-posts":"","theme-transparent-header-meta":"default","adv-header-id-meta":"","stick-header-meta":"default","header-above-stick-meta":"","header-main-stick-meta":"","header-below-stick-meta":"","astra-migrate-meta-layouts":"set","ast-page-background-enabled":"default","ast-page-background-meta":{"desktop":{"background-color":"","background-image":"","background-repeat":"repeat","background-position":"center center","background-size":"auto","background-attachment":"scroll","background-type":"","background-media":"","overlay-type":"","overlay-color":"","overlay-opacity":"","overlay-gradient":""},"tablet":{"background-color":"","background-image":"","background-repeat":"repeat","background-position":"center center","background-size":"auto","background-attachment":"scroll","background-type":"","background-media":"","overlay-type":"","overlay-color":"","overlay-opacity":"","overlay-gradient":""},"mobile":{"background-color":"","background-image":"","background-repeat":"repeat","background-position":"center center","background-size":"auto","background-attachment":"scroll","background-type":"","background-media":"","overlay-type":"","overlay-color":"","overlay-opacity":"","overlay-gradient":""}},"ast-content-background-meta":{"desktop":{"background-color":"var(--ast-global-color-5)","background-image":"","background-repeat":"repeat","background-position":"center center","background-size":"auto","background-attachment":"scroll","background-type":"","background-media":"","overlay-type":"","overlay-color":"","overlay-opacity":"","overlay-gradient":""},"tablet":{"background-color":"var(--ast-global-color-5)","background-image":"","background-repeat":"repeat","background-position":"center center","background-size":"auto","background-attachment":"scroll","background-type":"","background-media":"","overlay-type":"","overlay-color":"","overlay-opacity":"","overlay-gradient":""},"mobile":{"background-color":"var(--ast-global-color-5)","background-image":"","background-repeat":"repeat","background-position":"center center","background-size":"auto","background-attachment":"scroll","background-type":"","background-media":"","overlay-type":"","overlay-color":"","overlay-opacity":"","overlay-gradient":""}},"_joinchat":[]},"product_brand":[],"product_cat":[71],"product_tag":[182],"class_list":{"0":"post-3309","1":"product","2":"type-product","3":"status-publish","4":"has-post-thumbnail","6":"product_cat-musica","7":"product_tag-finalizado","8":"desktop-align-center","9":"tablet-align-center","10":"mobile-align-center","11":"ast-product-gallery-layout-horizontal","12":"ast-product-gallery-with-no-image","13":"ast-magnify-disabled","14":"ast-product-tabs-layout-horizontal","15":"ast-qv-on-image","17":"first","18":"outofstock","19":"purchasable","20":"product-type-simple"},"yoast_head":"<!-- This site is optimized with the Yoast SEO plugin v27.4 - https:\/\/yoast.com\/product\/yoast-seo-wordpress\/ -->\n<title>Stand Up Comedy - Colectivo Desastre - M\u00fasico Frustrado - Llanes Events<\/title>\n<meta name=\"description\" content=\"S\u00e1bado 4 de octubre 20:00h Prau Riu Hotel Hyundai.  Emb\u00e1rcate en un hilarante viaje por las reflexiones y miserias de el m\u00fasico y c\u00f3mico Guille Garc\u00eda, en una mezcla \u00fanica entre el mon\u00f3logo y el concierto, mientras desenmara\u00f1a observaciones surrealistas a golpe de canci\u00f3n. Guille Garc\u00eda es el miembro fundador de la banda ficticia Colectivo Desastre. Tambi\u00e9n es el \u00fanico, pero es que es asturiano, (y cada vez queda menos gente joven en Asturias)  Formado en el conservatorio de Gij\u00f3n, le bastaron un par de visitas a micros abiertos para descubrir que no quer\u00eda ser otro cantautor bajonero con sombrero, si no que usar\u00eda sus canciones para hacer re\u00edr. Desde entonces, armado con una guitarra a medio afinar y una libreta de chistes, se ha dedicado a estrenar y rodar sus shows unipersonales (Las 5 Claves para petarlo en laM\u00fasica, 2018 y DesConcierto, 2021) por la escena de comedia nacional, llev\u00e1ndole a telonear a c\u00f3micos de referencia como IgnatiusFarray, In\u00e9s Hernando o MiguelCampos. Combina las actuaciones en directo con piezas para internet, ganando el curioso honor de ser el primer c\u00f3mico en ser mencionado en El comidista por uno de sus temas.  &nbsp;  El aforo es limitado. El donativo para el Artista es de 3 \u20ac\u00a0 a trav\u00e9s de LlanesEvents, 4\u20ac en Puerta. Las localidades se ocupar\u00e1n a placer, por orden de llegada.  Evento cultural y de animaci\u00f3n tur\u00edstica exclusivo para socios de llanesevents y clientes de Prau Riu Hotel Hyundai. No te pierdas nuestros eventos, hazte socio de forma gratuita en el siguiente enlace:  https:\/\/thread-impulse-51c.notion.site\/203878de1fe780009091c3b0863cc564  &nbsp;  &nbsp;  &nbsp;\" \/>\n<meta name=\"robots\" content=\"index, follow, max-snippet:-1, max-image-preview:large, max-video-preview:-1\" \/>\n<link rel=\"canonical\" href=\"https:\/\/www.llanesevents.com\/en\/event\/stand-up-comedy-collective-disaster-frustrated-musician\/\" \/>\n<meta property=\"og:locale\" content=\"en_US\" \/>\n<meta property=\"og:type\" content=\"article\" \/>\n<meta property=\"og:title\" content=\"Stand Up Comedy - Colectivo Desastre - M\u00fasico Frustrado - Llanes Events\" \/>\n<meta property=\"og:description\" content=\"S\u00e1bado 4 de octubre 20:00h Prau Riu Hotel Hyundai.  Emb\u00e1rcate en un hilarante viaje por las reflexiones y miserias de el m\u00fasico y c\u00f3mico Guille Garc\u00eda, en una mezcla \u00fanica entre el mon\u00f3logo y el concierto, mientras desenmara\u00f1a observaciones surrealistas a golpe de canci\u00f3n. Guille Garc\u00eda es el miembro fundador de la banda ficticia Colectivo Desastre. Tambi\u00e9n es el \u00fanico, pero es que es asturiano, (y cada vez queda menos gente joven en Asturias)  Formado en el conservatorio de Gij\u00f3n, le bastaron un par de visitas a micros abiertos para descubrir que no quer\u00eda ser otro cantautor bajonero con sombrero, si no que usar\u00eda sus canciones para hacer re\u00edr. Desde entonces, armado con una guitarra a medio afinar y una libreta de chistes, se ha dedicado a estrenar y rodar sus shows unipersonales (Las 5 Claves para petarlo en laM\u00fasica, 2018 y DesConcierto, 2021) por la escena de comedia nacional, llev\u00e1ndole a telonear a c\u00f3micos de referencia como IgnatiusFarray, In\u00e9s Hernando o MiguelCampos. Combina las actuaciones en directo con piezas para internet, ganando el curioso honor de ser el primer c\u00f3mico en ser mencionado en El comidista por uno de sus temas.  &nbsp;  El aforo es limitado. El donativo para el Artista es de 3 \u20ac\u00a0 a trav\u00e9s de LlanesEvents, 4\u20ac en Puerta. Las localidades se ocupar\u00e1n a placer, por orden de llegada.  Evento cultural y de animaci\u00f3n tur\u00edstica exclusivo para socios de llanesevents y clientes de Prau Riu Hotel Hyundai. No te pierdas nuestros eventos, hazte socio de forma gratuita en el siguiente enlace:  https:\/\/thread-impulse-51c.notion.site\/203878de1fe780009091c3b0863cc564  &nbsp;  &nbsp;  &nbsp;\" \/>\n<meta property=\"og:url\" content=\"https:\/\/www.llanesevents.com\/en\/event\/stand-up-comedy-collective-disaster-frustrated-musician\/\" \/>\n<meta property=\"og:site_name\" content=\"Llanes Events\" \/>\n<meta property=\"article:publisher\" content=\"https:\/\/www.facebook.com\/llanesevents\" \/>\n<meta property=\"article:modified_time\" content=\"2025-10-10T08:19:29+00:00\" \/>\n<meta property=\"og:image\" content=\"https:\/\/www.llanesevents.com\/wp-content\/uploads\/2025\/09\/Colectivo-Desastre-1-scaled.jpg\" \/>\n\t<meta property=\"og:image:width\" content=\"1810\" \/>\n\t<meta property=\"og:image:height\" content=\"2560\" \/>\n\t<meta property=\"og:image:type\" content=\"image\/jpeg\" \/>\n<meta name=\"twitter:card\" content=\"summary_large_image\" \/>\n<script type=\"application\/ld+json\" class=\"yoast-schema-graph\">{\"@context\":\"https:\\\/\\\/schema.org\",\"@graph\":[{\"@type\":\"WebPage\",\"@id\":\"https:\\\/\\\/www.llanesevents.com\\\/evento\\\/stand-up-comedy-colectivo-desastre-musico-frustrado\\\/\",\"url\":\"https:\\\/\\\/www.llanesevents.com\\\/evento\\\/stand-up-comedy-colectivo-desastre-musico-frustrado\\\/\",\"name\":\"Stand Up Comedy - Colectivo Desastre - M\u00fasico Frustrado - Llanes Events\",\"isPartOf\":{\"@id\":\"https:\\\/\\\/www.llanesevents.com\\\/#website\"},\"primaryImageOfPage\":{\"@id\":\"https:\\\/\\\/www.llanesevents.com\\\/evento\\\/stand-up-comedy-colectivo-desastre-musico-frustrado\\\/#primaryimage\"},\"image\":{\"@id\":\"https:\\\/\\\/www.llanesevents.com\\\/evento\\\/stand-up-comedy-colectivo-desastre-musico-frustrado\\\/#primaryimage\"},\"thumbnailUrl\":\"https:\\\/\\\/www.llanesevents.com\\\/wp-content\\\/uploads\\\/2025\\\/09\\\/Colectivo-Desastre-1-scaled.jpg\",\"datePublished\":\"2025-09-12T10:04:21+00:00\",\"dateModified\":\"2025-10-10T08:19:29+00:00\",\"description\":\"S\u00e1bado 4 de octubre 20:00h Prau Riu Hotel Hyundai. Emb\u00e1rcate en un hilarante viaje por las reflexiones y miserias de el m\u00fasico y c\u00f3mico Guille Garc\u00eda, en una mezcla \u00fanica entre el mon\u00f3logo y el concierto, mientras desenmara\u00f1a observaciones surrealistas a golpe de canci\u00f3n. Guille Garc\u00eda es el miembro fundador de la banda ficticia Colectivo Desastre. Tambi\u00e9n es el \u00fanico, pero es que es asturiano, (y cada vez queda menos gente joven en Asturias) Formado en el conservatorio de Gij\u00f3n, le bastaron un par de visitas a micros abiertos para descubrir que no quer\u00eda ser otro cantautor bajonero con sombrero, si no que usar\u00eda sus canciones para hacer re\u00edr. Desde entonces, armado con una guitarra a medio afinar y una libreta de chistes, se ha dedicado a estrenar y rodar sus shows unipersonales (Las 5 Claves para petarlo en laM\u00fasica, 2018 y DesConcierto, 2021) por la escena de comedia nacional, llev\u00e1ndole a telonear a c\u00f3micos de referencia como IgnatiusFarray, In\u00e9s Hernando o MiguelCampos. Combina las actuaciones en directo con piezas para internet, ganando el curioso honor de ser el primer c\u00f3mico en ser mencionado en El comidista por uno de sus temas. &nbsp; El aforo es limitado. El donativo para el Artista es de 3 \u20ac\u00a0 a trav\u00e9s de LlanesEvents, 4\u20ac en Puerta. Las localidades se ocupar\u00e1n a placer, por orden de llegada. Evento cultural y de animaci\u00f3n tur\u00edstica exclusivo para socios de llanesevents y clientes de Prau Riu Hotel Hyundai. No te pierdas nuestros eventos, hazte socio de forma gratuita en el siguiente enlace: https:\\\/\\\/thread-impulse-51c.notion.site\\\/203878de1fe780009091c3b0863cc564 &nbsp; &nbsp; &nbsp;\",\"breadcrumb\":{\"@id\":\"https:\\\/\\\/www.llanesevents.com\\\/evento\\\/stand-up-comedy-colectivo-desastre-musico-frustrado\\\/#breadcrumb\"},\"inLanguage\":\"en-US\",\"potentialAction\":[{\"@type\":\"ReadAction\",\"target\":[\"https:\\\/\\\/www.llanesevents.com\\\/evento\\\/stand-up-comedy-colectivo-desastre-musico-frustrado\\\/\"]}]},{\"@type\":\"ImageObject\",\"inLanguage\":\"en-US\",\"@id\":\"https:\\\/\\\/www.llanesevents.com\\\/evento\\\/stand-up-comedy-colectivo-desastre-musico-frustrado\\\/#primaryimage\",\"url\":\"https:\\\/\\\/www.llanesevents.com\\\/wp-content\\\/uploads\\\/2025\\\/09\\\/Colectivo-Desastre-1-scaled.jpg\",\"contentUrl\":\"https:\\\/\\\/www.llanesevents.com\\\/wp-content\\\/uploads\\\/2025\\\/09\\\/Colectivo-Desastre-1-scaled.jpg\",\"width\":1810,\"height\":2560,\"caption\":\"Colectivo Desastre\"},{\"@type\":\"BreadcrumbList\",\"@id\":\"https:\\\/\\\/www.llanesevents.com\\\/evento\\\/stand-up-comedy-colectivo-desastre-musico-frustrado\\\/#breadcrumb\",\"itemListElement\":[{\"@type\":\"ListItem\",\"position\":1,\"name\":\"Home\",\"item\":\"https:\\\/\\\/www.llanesevents.com\\\/\"},{\"@type\":\"ListItem\",\"position\":2,\"name\":\"Eventos\",\"item\":\"https:\\\/\\\/www.llanesevents.com\\\/eventos\\\/\"},{\"@type\":\"ListItem\",\"position\":3,\"name\":\"Stand Up Comedy &#8211; Colectivo Desastre &#8211; M\u00fasico Frustrado\"}]},{\"@type\":\"WebSite\",\"@id\":\"https:\\\/\\\/www.llanesevents.com\\\/#website\",\"url\":\"https:\\\/\\\/www.llanesevents.com\\\/\",\"name\":\"Eventos Culturales Llanes\",\"description\":\"Eventos culturales Llanes\",\"publisher\":{\"@id\":\"https:\\\/\\\/www.llanesevents.com\\\/#organization\"},\"potentialAction\":[{\"@type\":\"SearchAction\",\"target\":{\"@type\":\"EntryPoint\",\"urlTemplate\":\"https:\\\/\\\/www.llanesevents.com\\\/?s={search_term_string}\"},\"query-input\":{\"@type\":\"PropertyValueSpecification\",\"valueRequired\":true,\"valueName\":\"search_term_string\"}}],\"inLanguage\":\"en-US\"},{\"@type\":\"Organization\",\"@id\":\"https:\\\/\\\/www.llanesevents.com\\\/#organization\",\"name\":\"Eventos Culturales Llanes\",\"url\":\"https:\\\/\\\/www.llanesevents.com\\\/\",\"logo\":{\"@type\":\"ImageObject\",\"inLanguage\":\"en-US\",\"@id\":\"https:\\\/\\\/www.llanesevents.com\\\/#\\\/schema\\\/logo\\\/image\\\/\",\"url\":\"https:\\\/\\\/www.llanesevents.com\\\/wp-content\\\/uploads\\\/2020\\\/02\\\/logo-azul-fucsia.png\",\"contentUrl\":\"https:\\\/\\\/www.llanesevents.com\\\/wp-content\\\/uploads\\\/2020\\\/02\\\/logo-azul-fucsia.png\",\"width\":411,\"height\":267,\"caption\":\"Eventos Culturales Llanes\"},\"image\":{\"@id\":\"https:\\\/\\\/www.llanesevents.com\\\/#\\\/schema\\\/logo\\\/image\\\/\"},\"sameAs\":[\"https:\\\/\\\/www.facebook.com\\\/llanesevents\",\"https:\\\/\\\/www.instagram.com\\\/llaneseventsofficial\"]}]}<\/script>\n<!-- \/ Yoast SEO plugin. -->","yoast_head_json":{"title":"Stand-Up Comedy - Disaster Collective - Frustrated Musician - Llanes Events","description":"S\u00e1bado 4 de octubre 20:00h Prau Riu Hotel Hyundai.  Emb\u00e1rcate en un hilarante viaje por las reflexiones y miserias de el m\u00fasico y c\u00f3mico Guille Garc\u00eda, en una mezcla \u00fanica entre el mon\u00f3logo y el concierto, mientras desenmara\u00f1a observaciones surrealistas a golpe de canci\u00f3n. Guille Garc\u00eda es el miembro fundador de la banda ficticia Colectivo Desastre. Tambi\u00e9n es el \u00fanico, pero es que es asturiano, (y cada vez queda menos gente joven en Asturias)  Formado en el conservatorio de Gij\u00f3n, le bastaron un par de visitas a micros abiertos para descubrir que no quer\u00eda ser otro cantautor bajonero con sombrero, si no que usar\u00eda sus canciones para hacer re\u00edr. Desde entonces, armado con una guitarra a medio afinar y una libreta de chistes, se ha dedicado a estrenar y rodar sus shows unipersonales (Las 5 Claves para petarlo en laM\u00fasica, 2018 y DesConcierto, 2021) por la escena de comedia nacional, llev\u00e1ndole a telonear a c\u00f3micos de referencia como IgnatiusFarray, In\u00e9s Hernando o MiguelCampos. Combina las actuaciones en directo con piezas para internet, ganando el curioso honor de ser el primer c\u00f3mico en ser mencionado en El comidista por uno de sus temas.  &nbsp;  El aforo es limitado. El donativo para el Artista es de 3 \u20ac\u00a0 a trav\u00e9s de LlanesEvents, 4\u20ac en Puerta. Las localidades se ocupar\u00e1n a placer, por orden de llegada.  Evento cultural y de animaci\u00f3n tur\u00edstica exclusivo para socios de llanesevents y clientes de Prau Riu Hotel Hyundai. No te pierdas nuestros eventos, hazte socio de forma gratuita en el siguiente enlace:  https:\/\/thread-impulse-51c.notion.site\/203878de1fe780009091c3b0863cc564  &nbsp;  &nbsp;  &nbsp;","robots":{"index":"index","follow":"follow","max-snippet":"max-snippet:-1","max-image-preview":"max-image-preview:large","max-video-preview":"max-video-preview:-1"},"canonical":"https:\/\/www.llanesevents.com\/en\/event\/stand-up-comedy-collective-disaster-frustrated-musician\/","og_locale":"en_US","og_type":"article","og_title":"Stand Up Comedy - Colectivo Desastre - M\u00fasico Frustrado - Llanes Events","og_description":"S\u00e1bado 4 de octubre 20:00h Prau Riu Hotel Hyundai.  Emb\u00e1rcate en un hilarante viaje por las reflexiones y miserias de el m\u00fasico y c\u00f3mico Guille Garc\u00eda, en una mezcla \u00fanica entre el mon\u00f3logo y el concierto, mientras desenmara\u00f1a observaciones surrealistas a golpe de canci\u00f3n. Guille Garc\u00eda es el miembro fundador de la banda ficticia Colectivo Desastre. Tambi\u00e9n es el \u00fanico, pero es que es asturiano, (y cada vez queda menos gente joven en Asturias)  Formado en el conservatorio de Gij\u00f3n, le bastaron un par de visitas a micros abiertos para descubrir que no quer\u00eda ser otro cantautor bajonero con sombrero, si no que usar\u00eda sus canciones para hacer re\u00edr. Desde entonces, armado con una guitarra a medio afinar y una libreta de chistes, se ha dedicado a estrenar y rodar sus shows unipersonales (Las 5 Claves para petarlo en laM\u00fasica, 2018 y DesConcierto, 2021) por la escena de comedia nacional, llev\u00e1ndole a telonear a c\u00f3micos de referencia como IgnatiusFarray, In\u00e9s Hernando o MiguelCampos. Combina las actuaciones en directo con piezas para internet, ganando el curioso honor de ser el primer c\u00f3mico en ser mencionado en El comidista por uno de sus temas.  &nbsp;  El aforo es limitado. El donativo para el Artista es de 3 \u20ac\u00a0 a trav\u00e9s de LlanesEvents, 4\u20ac en Puerta. Las localidades se ocupar\u00e1n a placer, por orden de llegada.  Evento cultural y de animaci\u00f3n tur\u00edstica exclusivo para socios de llanesevents y clientes de Prau Riu Hotel Hyundai. No te pierdas nuestros eventos, hazte socio de forma gratuita en el siguiente enlace:  https:\/\/thread-impulse-51c.notion.site\/203878de1fe780009091c3b0863cc564  &nbsp;  &nbsp;  &nbsp;","og_url":"https:\/\/www.llanesevents.com\/en\/event\/stand-up-comedy-collective-disaster-frustrated-musician\/","og_site_name":"Llanes Events","article_publisher":"https:\/\/www.facebook.com\/llanesevents","article_modified_time":"2025-10-10T08:19:29+00:00","og_image":[{"width":1810,"height":2560,"url":"https:\/\/www.llanesevents.com\/wp-content\/uploads\/2025\/09\/Colectivo-Desastre-1-scaled.jpg","type":"image\/jpeg"}],"twitter_card":"summary_large_image","schema":{"@context":"https:\/\/schema.org","@graph":[{"@type":"WebPage","@id":"https:\/\/www.llanesevents.com\/evento\/stand-up-comedy-colectivo-desastre-musico-frustrado\/","url":"https:\/\/www.llanesevents.com\/evento\/stand-up-comedy-colectivo-desastre-musico-frustrado\/","name":"Stand-Up Comedy - Disaster Collective - Frustrated Musician - Llanes Events","isPartOf":{"@id":"https:\/\/www.llanesevents.com\/#website"},"primaryImageOfPage":{"@id":"https:\/\/www.llanesevents.com\/evento\/stand-up-comedy-colectivo-desastre-musico-frustrado\/#primaryimage"},"image":{"@id":"https:\/\/www.llanesevents.com\/evento\/stand-up-comedy-colectivo-desastre-musico-frustrado\/#primaryimage"},"thumbnailUrl":"https:\/\/www.llanesevents.com\/wp-content\/uploads\/2025\/09\/Colectivo-Desastre-1-scaled.jpg","datePublished":"2025-09-12T10:04:21+00:00","dateModified":"2025-10-10T08:19:29+00:00","description":"Saturday, October 4, 8:00 p.m. Prau Riu Hotel Hyundai. Embark on a hilarious journey through the reflections and miseries of musician and comedian Guille Garc\u00eda, in a unique blend of stand-up comedy and concert, as he unravels surreal observations through his songs. Guille Garc\u00eda is the founding member of the fictional band Colectivo Desastre. He&#039;s also the only one, but he&#039;s from Asturias (and there are fewer and fewer young people in Asturias). Trained at the Gij\u00f3n Conservatory, it took him a couple of visits to open mics to discover that he didn&#039;t want to be another depressing singer-songwriter in a hat, but that he would use his songs to make people laugh. Since then, armed with a half-tuned guitar and a notebook of jokes, he has dedicated himself to premiering and rolling out his one-man shows (Las 5 Claves para Rockin&#039; at laM\u00fasica, 2018, and DesConcierto, 2021) on the national comedy scene, leading him to open for leading comedians such as Ignatius Farray, In\u00e9s Hernando, and Miguel Campos. He combines live performances with online pieces, earning the unusual honor of being the first comedian to be mentioned in El Comidista for one of his songs. Seats are limited. The artist&#039;s donation is \u20ac3 through LlanesEvents, \u20ac4 at the door. Tickets will be filled on a first-come, first-served basis. This cultural and tourist entertainment event is exclusive to Llanesevents members and guests of the Prau Riu Hotel Hyundai. Don&#039;t miss our events, become a member for free at the following link: https:\/\/thread-impulse-51c.notion.site\/203878de1fe780009091c3b0863cc564 &nbsp; &nbsp; &nbsp;","breadcrumb":{"@id":"https:\/\/www.llanesevents.com\/evento\/stand-up-comedy-colectivo-desastre-musico-frustrado\/#breadcrumb"},"inLanguage":"en-US","potentialAction":[{"@type":"ReadAction","target":["https:\/\/www.llanesevents.com\/evento\/stand-up-comedy-colectivo-desastre-musico-frustrado\/"]}]},{"@type":"ImageObject","inLanguage":"en-US","@id":"https:\/\/www.llanesevents.com\/evento\/stand-up-comedy-colectivo-desastre-musico-frustrado\/#primaryimage","url":"https:\/\/www.llanesevents.com\/wp-content\/uploads\/2025\/09\/Colectivo-Desastre-1-scaled.jpg","contentUrl":"https:\/\/www.llanesevents.com\/wp-content\/uploads\/2025\/09\/Colectivo-Desastre-1-scaled.jpg","width":1810,"height":2560,"caption":"Colectivo Desastre"},{"@type":"BreadcrumbList","@id":"https:\/\/www.llanesevents.com\/evento\/stand-up-comedy-colectivo-desastre-musico-frustrado\/#breadcrumb","itemListElement":[{"@type":"ListItem","position":1,"name":"Home","item":"https:\/\/www.llanesevents.com\/"},{"@type":"ListItem","position":2,"name":"Eventos","item":"https:\/\/www.llanesevents.com\/eventos\/"},{"@type":"ListItem","position":3,"name":"Stand Up Comedy &#8211; Colectivo Desastre &#8211; M\u00fasico Frustrado"}]},{"@type":"WebSite","@id":"https:\/\/www.llanesevents.com\/#website","url":"https:\/\/www.llanesevents.com\/","name":"Llanes Cultural Events","description":"Llanes cultural events","publisher":{"@id":"https:\/\/www.llanesevents.com\/#organization"},"potentialAction":[{"@type":"SearchAction","target":{"@type":"EntryPoint","urlTemplate":"https:\/\/www.llanesevents.com\/?s={search_term_string}"},"query-input":{"@type":"PropertyValueSpecification","valueRequired":true,"valueName":"search_term_string"}}],"inLanguage":"en-US"},{"@type":"Organization","@id":"https:\/\/www.llanesevents.com\/#organization","name":"Llanes Cultural Events","url":"https:\/\/www.llanesevents.com\/","logo":{"@type":"ImageObject","inLanguage":"en-US","@id":"https:\/\/www.llanesevents.com\/#\/schema\/logo\/image\/","url":"https:\/\/www.llanesevents.com\/wp-content\/uploads\/2020\/02\/logo-azul-fucsia.png","contentUrl":"https:\/\/www.llanesevents.com\/wp-content\/uploads\/2020\/02\/logo-azul-fucsia.png","width":411,"height":267,"caption":"Eventos Culturales Llanes"},"image":{"@id":"https:\/\/www.llanesevents.com\/#\/schema\/logo\/image\/"},"sameAs":["https:\/\/www.facebook.com\/llanesevents","https:\/\/www.instagram.com\/llaneseventsofficial"]}]}},"_links":{"self":[{"href":"https:\/\/www.llanesevents.com\/en\/wp-json\/wp\/v2\/product\/3309","targetHints":{"allow":["GET"]}}],"collection":[{"href":"https:\/\/www.llanesevents.com\/en\/wp-json\/wp\/v2\/product"}],"about":[{"href":"https:\/\/www.llanesevents.com\/en\/wp-json\/wp\/v2\/types\/product"}],"wp:featuredmedia":[{"embeddable":true,"href":"https:\/\/www.llanesevents.com\/en\/wp-json\/wp\/v2\/media\/3313"}],"wp:attachment":[{"href":"https:\/\/www.llanesevents.com\/en\/wp-json\/wp\/v2\/media?parent=3309"}],"wp:term":[{"taxonomy":"product_brand","embeddable":true,"href":"https:\/\/www.llanesevents.com\/en\/wp-json\/wp\/v2\/product_brand?post=3309"},{"taxonomy":"product_cat","embeddable":true,"href":"https:\/\/www.llanesevents.com\/en\/wp-json\/wp\/v2\/product_cat?post=3309"},{"taxonomy":"product_tag","embeddable":true,"href":"https:\/\/www.llanesevents.com\/en\/wp-json\/wp\/v2\/product_tag?post=3309"}],"curies":[{"name":"wp","href":"https:\/\/api.w.org\/{rel}","templated":true}]}}