{"id":3179,"date":"2025-07-21T23:12:57","date_gmt":"2025-07-21T21:12:57","guid":{"rendered":"https:\/\/www.llanesevents.com\/?post_type=product&#038;p=3179"},"modified":"2025-08-30T11:13:02","modified_gmt":"2025-08-30T09:13:02","slug":"acoustic-sessions-juanvi-staytons","status":"publish","type":"product","link":"https:\/\/www.llanesevents.com\/en\/evento\/acoustic-sessions-juanvi-staytons\/","title":{"rendered":"Acoustic Sessions \u2013 JUANVI (Staytons)"},"content":{"rendered":"<p>JUANVI (Staytons)<\/p>","protected":false},"excerpt":{"rendered":"<p>Juanvi Stroup (Oviedo, 1999) is a pianist, singer and songwriter who leads the band \u201cStaytons\u201d, with whom he has published and toured several works with national recognition since 2018. Trained in the European classical repertoire and an eternal student of the great pop artisans of the 60s and 70s, he cultivates, in addition to his original material, a variety of works from the catalogue of American popular music, reduced on this occasion for piano and voice, in a special meeting with his friends from Prau Riu.<\/p>\n<p>Seating is limited. The artist&#039;s donation is \u20ac3 through LlanesEvents, and \u20ac4 at the door. Tickets will be filled on a first-come, first-served basis.<\/p>\n<p>Cultural and tourist entertainment event exclusively for Llanesevents members and Prau Riu Hotel guests. Don&#039;t miss our events; become a member for free at the following link:<\/p>\n<p>https:\/\/thread-impulse-51c.notion.site\/203878de1fe780009091c3b0863cc564<\/p>\n<p>&nbsp;<\/p>\n<p>&nbsp;<\/p>\n<p>&nbsp;<\/p>","protected":false},"featured_media":3200,"template":"","meta":{"site-sidebar-layout":"default","site-content-layout":"","ast-site-content-layout":"default","site-content-style":"default","site-sidebar-style":"default","ast-global-header-display":"","ast-banner-title-visibility":"","ast-main-header-display":"","ast-hfb-above-header-display":"","ast-hfb-below-header-display":"","ast-hfb-mobile-header-display":"","site-post-title":"","ast-breadcrumbs-content":"","ast-featured-img":"","footer-sml-layout":"","ast-disable-related-posts":"","theme-transparent-header-meta":"default","adv-header-id-meta":"","stick-header-meta":"default","header-above-stick-meta":"","header-main-stick-meta":"","header-below-stick-meta":"","astra-migrate-meta-layouts":"set","ast-page-background-enabled":"default","ast-page-background-meta":{"desktop":{"background-color":"","background-image":"","background-repeat":"repeat","background-position":"center center","background-size":"auto","background-attachment":"scroll","background-type":"","background-media":"","overlay-type":"","overlay-color":"","overlay-opacity":"","overlay-gradient":""},"tablet":{"background-color":"","background-image":"","background-repeat":"repeat","background-position":"center center","background-size":"auto","background-attachment":"scroll","background-type":"","background-media":"","overlay-type":"","overlay-color":"","overlay-opacity":"","overlay-gradient":""},"mobile":{"background-color":"","background-image":"","background-repeat":"repeat","background-position":"center center","background-size":"auto","background-attachment":"scroll","background-type":"","background-media":"","overlay-type":"","overlay-color":"","overlay-opacity":"","overlay-gradient":""}},"ast-content-background-meta":{"desktop":{"background-color":"var(--ast-global-color-5)","background-image":"","background-repeat":"repeat","background-position":"center center","background-size":"auto","background-attachment":"scroll","background-type":"","background-media":"","overlay-type":"","overlay-color":"","overlay-opacity":"","overlay-gradient":""},"tablet":{"background-color":"var(--ast-global-color-5)","background-image":"","background-repeat":"repeat","background-position":"center center","background-size":"auto","background-attachment":"scroll","background-type":"","background-media":"","overlay-type":"","overlay-color":"","overlay-opacity":"","overlay-gradient":""},"mobile":{"background-color":"var(--ast-global-color-5)","background-image":"","background-repeat":"repeat","background-position":"center center","background-size":"auto","background-attachment":"scroll","background-type":"","background-media":"","overlay-type":"","overlay-color":"","overlay-opacity":"","overlay-gradient":""}},"_joinchat":[]},"product_brand":[],"product_cat":[71],"product_tag":[182],"class_list":{"0":"post-3179","1":"product","2":"type-product","3":"status-publish","4":"has-post-thumbnail","6":"product_cat-musica","7":"product_tag-finalizado","8":"desktop-align-center","9":"tablet-align-center","10":"mobile-align-center","11":"ast-product-gallery-layout-horizontal","12":"ast-product-gallery-with-no-image","13":"ast-magnify-disabled","14":"ast-product-tabs-layout-horizontal","15":"ast-qv-on-image","17":"first","18":"outofstock","19":"purchasable","20":"product-type-simple"},"yoast_head":"<!-- This site is optimized with the Yoast SEO plugin v27.4 - https:\/\/yoast.com\/product\/yoast-seo-wordpress\/ -->\n<title>Acoustic Sessions - JUANVI (Staytons) - Llanes Events<\/title>\n<meta name=\"description\" content=\"Juanvi Stroup (Oviedo, 1999) es pianista, cantante y compositor de canciones al frente de la banda &quot;Staytons&quot;, con quien ha publicado y girado varios trabajos con reconocimiento nacional desde 2018. Formado en el repertorio cl\u00e1sico europeo y eterno estudiante de los grandes artesanos del pop de los a\u00f1os &#039;60 y &#039;70, cultiva adem\u00e1s de su material original, variedad de obras del cat\u00e1logo de la m\u00fasica popular americana, reducidas en esta ocasi\u00f3n para piano y voz, en una cita especial con sus amigos\u00a0del\u00a0Prau\u00a0Riu.  El aforo es limitado. El donativo para el Artista es de 3 \u20ac\u00a0 a trav\u00e9s de LlanesEvents, 4\u20ac en Puerta. Las localidades se ocupar\u00e1n a placer, por orden de llegada.  Evento cultural y de animaci\u00f3n tur\u00edstica exclusivo para socios de llanesevents y clientes de hotel prau riu. No te pierdas nuestros eventos, hazte socio de forma gratuita en el siguiente enlace:  https:\/\/thread-impulse-51c.notion.site\/203878de1fe780009091c3b0863cc564  &nbsp;  &nbsp;  &nbsp;\" \/>\n<meta name=\"robots\" content=\"index, follow, max-snippet:-1, max-image-preview:large, max-video-preview:-1\" \/>\n<link rel=\"canonical\" href=\"https:\/\/www.llanesevents.com\/en\/event\/acoustic-sessions-juanvi-staytons\/\" \/>\n<meta property=\"og:locale\" content=\"en_US\" \/>\n<meta property=\"og:type\" content=\"article\" \/>\n<meta property=\"og:title\" content=\"Acoustic Sessions - JUANVI (Staytons) - Llanes Events\" \/>\n<meta property=\"og:description\" content=\"Juanvi Stroup (Oviedo, 1999) es pianista, cantante y compositor de canciones al frente de la banda &quot;Staytons&quot;, con quien ha publicado y girado varios trabajos con reconocimiento nacional desde 2018. Formado en el repertorio cl\u00e1sico europeo y eterno estudiante de los grandes artesanos del pop de los a\u00f1os &#039;60 y &#039;70, cultiva adem\u00e1s de su material original, variedad de obras del cat\u00e1logo de la m\u00fasica popular americana, reducidas en esta ocasi\u00f3n para piano y voz, en una cita especial con sus amigos\u00a0del\u00a0Prau\u00a0Riu.  El aforo es limitado. El donativo para el Artista es de 3 \u20ac\u00a0 a trav\u00e9s de LlanesEvents, 4\u20ac en Puerta. Las localidades se ocupar\u00e1n a placer, por orden de llegada.  Evento cultural y de animaci\u00f3n tur\u00edstica exclusivo para socios de llanesevents y clientes de hotel prau riu. No te pierdas nuestros eventos, hazte socio de forma gratuita en el siguiente enlace:  https:\/\/thread-impulse-51c.notion.site\/203878de1fe780009091c3b0863cc564  &nbsp;  &nbsp;  &nbsp;\" \/>\n<meta property=\"og:url\" content=\"https:\/\/www.llanesevents.com\/en\/event\/acoustic-sessions-juanvi-staytons\/\" \/>\n<meta property=\"og:site_name\" content=\"Llanes Events\" \/>\n<meta property=\"article:publisher\" content=\"https:\/\/www.facebook.com\/llanesevents\" \/>\n<meta property=\"article:modified_time\" content=\"2025-08-30T09:13:02+00:00\" \/>\n<meta property=\"og:image\" content=\"https:\/\/www.llanesevents.com\/wp-content\/uploads\/2025\/07\/Juanvi-2-scaled.jpg\" \/>\n\t<meta property=\"og:image:width\" content=\"1810\" \/>\n\t<meta property=\"og:image:height\" content=\"2560\" \/>\n\t<meta property=\"og:image:type\" content=\"image\/jpeg\" \/>\n<meta name=\"twitter:card\" content=\"summary_large_image\" \/>\n<script type=\"application\/ld+json\" class=\"yoast-schema-graph\">{\"@context\":\"https:\\\/\\\/schema.org\",\"@graph\":[{\"@type\":\"WebPage\",\"@id\":\"https:\\\/\\\/www.llanesevents.com\\\/evento\\\/acoustic-sessions-juanvi-staytons\\\/\",\"url\":\"https:\\\/\\\/www.llanesevents.com\\\/evento\\\/acoustic-sessions-juanvi-staytons\\\/\",\"name\":\"Acoustic Sessions - JUANVI (Staytons) - Llanes Events\",\"isPartOf\":{\"@id\":\"https:\\\/\\\/www.llanesevents.com\\\/#website\"},\"primaryImageOfPage\":{\"@id\":\"https:\\\/\\\/www.llanesevents.com\\\/evento\\\/acoustic-sessions-juanvi-staytons\\\/#primaryimage\"},\"image\":{\"@id\":\"https:\\\/\\\/www.llanesevents.com\\\/evento\\\/acoustic-sessions-juanvi-staytons\\\/#primaryimage\"},\"thumbnailUrl\":\"https:\\\/\\\/www.llanesevents.com\\\/wp-content\\\/uploads\\\/2025\\\/07\\\/Juanvi-2-scaled.jpg\",\"datePublished\":\"2025-07-21T21:12:57+00:00\",\"dateModified\":\"2025-08-30T09:13:02+00:00\",\"description\":\"Juanvi Stroup (Oviedo, 1999) es pianista, cantante y compositor de canciones al frente de la banda \\\"Staytons\\\", con quien ha publicado y girado varios trabajos con reconocimiento nacional desde 2018. Formado en el repertorio cl\u00e1sico europeo y eterno estudiante de los grandes artesanos del pop de los a\u00f1os '60 y '70, cultiva adem\u00e1s de su material original, variedad de obras del cat\u00e1logo de la m\u00fasica popular americana, reducidas en esta ocasi\u00f3n para piano y voz, en una cita especial con sus amigos\u00a0del\u00a0Prau\u00a0Riu. El aforo es limitado. El donativo para el Artista es de 3 \u20ac\u00a0 a trav\u00e9s de LlanesEvents, 4\u20ac en Puerta. Las localidades se ocupar\u00e1n a placer, por orden de llegada. Evento cultural y de animaci\u00f3n tur\u00edstica exclusivo para socios de llanesevents y clientes de hotel prau riu. No te pierdas nuestros eventos, hazte socio de forma gratuita en el siguiente enlace: https:\\\/\\\/thread-impulse-51c.notion.site\\\/203878de1fe780009091c3b0863cc564 &nbsp; &nbsp; &nbsp;\",\"breadcrumb\":{\"@id\":\"https:\\\/\\\/www.llanesevents.com\\\/evento\\\/acoustic-sessions-juanvi-staytons\\\/#breadcrumb\"},\"inLanguage\":\"en-US\",\"potentialAction\":[{\"@type\":\"ReadAction\",\"target\":[\"https:\\\/\\\/www.llanesevents.com\\\/evento\\\/acoustic-sessions-juanvi-staytons\\\/\"]}]},{\"@type\":\"ImageObject\",\"inLanguage\":\"en-US\",\"@id\":\"https:\\\/\\\/www.llanesevents.com\\\/evento\\\/acoustic-sessions-juanvi-staytons\\\/#primaryimage\",\"url\":\"https:\\\/\\\/www.llanesevents.com\\\/wp-content\\\/uploads\\\/2025\\\/07\\\/Juanvi-2-scaled.jpg\",\"contentUrl\":\"https:\\\/\\\/www.llanesevents.com\\\/wp-content\\\/uploads\\\/2025\\\/07\\\/Juanvi-2-scaled.jpg\",\"width\":1810,\"height\":2560,\"caption\":\"Juanvi (2)\"},{\"@type\":\"BreadcrumbList\",\"@id\":\"https:\\\/\\\/www.llanesevents.com\\\/evento\\\/acoustic-sessions-juanvi-staytons\\\/#breadcrumb\",\"itemListElement\":[{\"@type\":\"ListItem\",\"position\":1,\"name\":\"Home\",\"item\":\"https:\\\/\\\/www.llanesevents.com\\\/\"},{\"@type\":\"ListItem\",\"position\":2,\"name\":\"Eventos\",\"item\":\"https:\\\/\\\/www.llanesevents.com\\\/eventos\\\/\"},{\"@type\":\"ListItem\",\"position\":3,\"name\":\"Acoustic Sessions &#8211; JUANVI (Staytons)\"}]},{\"@type\":\"WebSite\",\"@id\":\"https:\\\/\\\/www.llanesevents.com\\\/#website\",\"url\":\"https:\\\/\\\/www.llanesevents.com\\\/\",\"name\":\"Eventos Culturales Llanes\",\"description\":\"Eventos culturales Llanes\",\"publisher\":{\"@id\":\"https:\\\/\\\/www.llanesevents.com\\\/#organization\"},\"potentialAction\":[{\"@type\":\"SearchAction\",\"target\":{\"@type\":\"EntryPoint\",\"urlTemplate\":\"https:\\\/\\\/www.llanesevents.com\\\/?s={search_term_string}\"},\"query-input\":{\"@type\":\"PropertyValueSpecification\",\"valueRequired\":true,\"valueName\":\"search_term_string\"}}],\"inLanguage\":\"en-US\"},{\"@type\":\"Organization\",\"@id\":\"https:\\\/\\\/www.llanesevents.com\\\/#organization\",\"name\":\"Eventos Culturales Llanes\",\"url\":\"https:\\\/\\\/www.llanesevents.com\\\/\",\"logo\":{\"@type\":\"ImageObject\",\"inLanguage\":\"en-US\",\"@id\":\"https:\\\/\\\/www.llanesevents.com\\\/#\\\/schema\\\/logo\\\/image\\\/\",\"url\":\"https:\\\/\\\/www.llanesevents.com\\\/wp-content\\\/uploads\\\/2020\\\/02\\\/logo-azul-fucsia.png\",\"contentUrl\":\"https:\\\/\\\/www.llanesevents.com\\\/wp-content\\\/uploads\\\/2020\\\/02\\\/logo-azul-fucsia.png\",\"width\":411,\"height\":267,\"caption\":\"Eventos Culturales Llanes\"},\"image\":{\"@id\":\"https:\\\/\\\/www.llanesevents.com\\\/#\\\/schema\\\/logo\\\/image\\\/\"},\"sameAs\":[\"https:\\\/\\\/www.facebook.com\\\/llanesevents\",\"https:\\\/\\\/www.instagram.com\\\/llaneseventsofficial\"]}]}<\/script>\n<!-- \/ Yoast SEO plugin. -->","yoast_head_json":{"title":"Acoustic Sessions - JUANVI (Staytons) - Llanes Events","description":"Juanvi Stroup (Oviedo, 1999) is a pianist, singer, and songwriter who fronts the band &quot;Staytons,&quot; with whom he has released and toured several nationally acclaimed albums since 2018. Trained in the European classical repertoire and an eternal student of the great pop artists of the 1960s and 1970s, he also cultivates, in addition to his original material, a variety of works from the American popular music catalog, reduced on this occasion for piano and voice, in a special event with his friends at Prau Riu. Seats are limited. The artist&#039;s donation is \u20ac3 through LlanesEvents, \u20ac4 at the door. Tickets will be filled on a first-come, first-served basis. This cultural and tourist entertainment event is exclusive to Llanesevents members and guests of Hotel Prau Riu. Don&#039;t miss our events, become a member for free at the following link: https:\/\/thread-impulse-51c.notion.site\/203878de1fe780009091c3b0863cc564  &nbsp;  &nbsp;  &nbsp;","robots":{"index":"index","follow":"follow","max-snippet":"max-snippet:-1","max-image-preview":"max-image-preview:large","max-video-preview":"max-video-preview:-1"},"canonical":"https:\/\/www.llanesevents.com\/en\/event\/acoustic-sessions-juanvi-staytons\/","og_locale":"en_US","og_type":"article","og_title":"Acoustic Sessions - JUANVI (Staytons) - Llanes Events","og_description":"Juanvi Stroup (Oviedo, 1999) es pianista, cantante y compositor de canciones al frente de la banda \"Staytons\", con quien ha publicado y girado varios trabajos con reconocimiento nacional desde 2018. Formado en el repertorio cl\u00e1sico europeo y eterno estudiante de los grandes artesanos del pop de los a\u00f1os '60 y '70, cultiva adem\u00e1s de su material original, variedad de obras del cat\u00e1logo de la m\u00fasica popular americana, reducidas en esta ocasi\u00f3n para piano y voz, en una cita especial con sus amigos\u00a0del\u00a0Prau\u00a0Riu.  El aforo es limitado. El donativo para el Artista es de 3 \u20ac\u00a0 a trav\u00e9s de LlanesEvents, 4\u20ac en Puerta. Las localidades se ocupar\u00e1n a placer, por orden de llegada.  Evento cultural y de animaci\u00f3n tur\u00edstica exclusivo para socios de llanesevents y clientes de hotel prau riu. No te pierdas nuestros eventos, hazte socio de forma gratuita en el siguiente enlace:  https:\/\/thread-impulse-51c.notion.site\/203878de1fe780009091c3b0863cc564  &nbsp;  &nbsp;  &nbsp;","og_url":"https:\/\/www.llanesevents.com\/en\/event\/acoustic-sessions-juanvi-staytons\/","og_site_name":"Llanes Events","article_publisher":"https:\/\/www.facebook.com\/llanesevents","article_modified_time":"2025-08-30T09:13:02+00:00","og_image":[{"width":1810,"height":2560,"url":"https:\/\/www.llanesevents.com\/wp-content\/uploads\/2025\/07\/Juanvi-2-scaled.jpg","type":"image\/jpeg"}],"twitter_card":"summary_large_image","schema":{"@context":"https:\/\/schema.org","@graph":[{"@type":"WebPage","@id":"https:\/\/www.llanesevents.com\/evento\/acoustic-sessions-juanvi-staytons\/","url":"https:\/\/www.llanesevents.com\/evento\/acoustic-sessions-juanvi-staytons\/","name":"Acoustic Sessions - JUANVI (Staytons) - Llanes Events","isPartOf":{"@id":"https:\/\/www.llanesevents.com\/#website"},"primaryImageOfPage":{"@id":"https:\/\/www.llanesevents.com\/evento\/acoustic-sessions-juanvi-staytons\/#primaryimage"},"image":{"@id":"https:\/\/www.llanesevents.com\/evento\/acoustic-sessions-juanvi-staytons\/#primaryimage"},"thumbnailUrl":"https:\/\/www.llanesevents.com\/wp-content\/uploads\/2025\/07\/Juanvi-2-scaled.jpg","datePublished":"2025-07-21T21:12:57+00:00","dateModified":"2025-08-30T09:13:02+00:00","description":"Juanvi Stroup (Oviedo, 1999) is a pianist, singer, and songwriter who fronts the band &quot;Staytons,&quot; with whom he has released and toured several nationally acclaimed works since 2018. Trained in the European classical repertoire and an eternal student of the great pop artisans of the 1960s and 1970s, he cultivates, in addition to his original material, a variety of works from the American popular music catalog, reduced on this occasion for piano and voice, in a special event with his friends from Prau Riu. Seats are limited. The donation for the artist is \u20ac3 through LlanesEvents, \u20ac4 at the door. Tickets will be filled on a first-come, first-served basis. This cultural and tourist entertainment event is exclusive to Llanesevents members and guests of Hotel Prau Riu. Don&#039;t miss our events, become a member for free at the following link: https:\/\/thread-impulse-51c.notion.site\/203878de1fe780009091c3b0863cc564 &nbsp; &nbsp; &nbsp;","breadcrumb":{"@id":"https:\/\/www.llanesevents.com\/evento\/acoustic-sessions-juanvi-staytons\/#breadcrumb"},"inLanguage":"en-US","potentialAction":[{"@type":"ReadAction","target":["https:\/\/www.llanesevents.com\/evento\/acoustic-sessions-juanvi-staytons\/"]}]},{"@type":"ImageObject","inLanguage":"en-US","@id":"https:\/\/www.llanesevents.com\/evento\/acoustic-sessions-juanvi-staytons\/#primaryimage","url":"https:\/\/www.llanesevents.com\/wp-content\/uploads\/2025\/07\/Juanvi-2-scaled.jpg","contentUrl":"https:\/\/www.llanesevents.com\/wp-content\/uploads\/2025\/07\/Juanvi-2-scaled.jpg","width":1810,"height":2560,"caption":"Juanvi (2)"},{"@type":"BreadcrumbList","@id":"https:\/\/www.llanesevents.com\/evento\/acoustic-sessions-juanvi-staytons\/#breadcrumb","itemListElement":[{"@type":"ListItem","position":1,"name":"Home","item":"https:\/\/www.llanesevents.com\/"},{"@type":"ListItem","position":2,"name":"Eventos","item":"https:\/\/www.llanesevents.com\/eventos\/"},{"@type":"ListItem","position":3,"name":"Acoustic Sessions &#8211; JUANVI (Staytons)"}]},{"@type":"WebSite","@id":"https:\/\/www.llanesevents.com\/#website","url":"https:\/\/www.llanesevents.com\/","name":"Llanes Cultural Events","description":"Llanes cultural events","publisher":{"@id":"https:\/\/www.llanesevents.com\/#organization"},"potentialAction":[{"@type":"SearchAction","target":{"@type":"EntryPoint","urlTemplate":"https:\/\/www.llanesevents.com\/?s={search_term_string}"},"query-input":{"@type":"PropertyValueSpecification","valueRequired":true,"valueName":"search_term_string"}}],"inLanguage":"en-US"},{"@type":"Organization","@id":"https:\/\/www.llanesevents.com\/#organization","name":"Llanes Cultural Events","url":"https:\/\/www.llanesevents.com\/","logo":{"@type":"ImageObject","inLanguage":"en-US","@id":"https:\/\/www.llanesevents.com\/#\/schema\/logo\/image\/","url":"https:\/\/www.llanesevents.com\/wp-content\/uploads\/2020\/02\/logo-azul-fucsia.png","contentUrl":"https:\/\/www.llanesevents.com\/wp-content\/uploads\/2020\/02\/logo-azul-fucsia.png","width":411,"height":267,"caption":"Eventos Culturales Llanes"},"image":{"@id":"https:\/\/www.llanesevents.com\/#\/schema\/logo\/image\/"},"sameAs":["https:\/\/www.facebook.com\/llanesevents","https:\/\/www.instagram.com\/llaneseventsofficial"]}]}},"_links":{"self":[{"href":"https:\/\/www.llanesevents.com\/en\/wp-json\/wp\/v2\/product\/3179","targetHints":{"allow":["GET"]}}],"collection":[{"href":"https:\/\/www.llanesevents.com\/en\/wp-json\/wp\/v2\/product"}],"about":[{"href":"https:\/\/www.llanesevents.com\/en\/wp-json\/wp\/v2\/types\/product"}],"wp:featuredmedia":[{"embeddable":true,"href":"https:\/\/www.llanesevents.com\/en\/wp-json\/wp\/v2\/media\/3200"}],"wp:attachment":[{"href":"https:\/\/www.llanesevents.com\/en\/wp-json\/wp\/v2\/media?parent=3179"}],"wp:term":[{"taxonomy":"product_brand","embeddable":true,"href":"https:\/\/www.llanesevents.com\/en\/wp-json\/wp\/v2\/product_brand?post=3179"},{"taxonomy":"product_cat","embeddable":true,"href":"https:\/\/www.llanesevents.com\/en\/wp-json\/wp\/v2\/product_cat?post=3179"},{"taxonomy":"product_tag","embeddable":true,"href":"https:\/\/www.llanesevents.com\/en\/wp-json\/wp\/v2\/product_tag?post=3179"}],"curies":[{"name":"wp","href":"https:\/\/api.w.org\/{rel}","templated":true}]}}