{"id":3168,"date":"2025-07-05T09:20:07","date_gmt":"2025-07-05T07:20:07","guid":{"rendered":"https:\/\/www.llanesevents.com\/?post_type=product&#038;p=3168"},"modified":"2025-08-19T17:00:05","modified_gmt":"2025-08-19T15:00:05","slug":"chill-neil-diamond-terrace","status":"publish","type":"product","link":"https:\/\/www.llanesevents.com\/en\/evento\/terraza-chill-neil-diamond\/","title":{"rendered":"CHILL TERRACE \u2013 NEIL DIAMOND"},"content":{"rendered":"<p>NEIL DIAMOND by FRANKY<\/p>","protected":false},"excerpt":{"rendered":"<p>Seating is limited. Free admission. Seats will be filled on a first-come, first-served basis.<\/p>\n<p>Cultural and tourist entertainment event exclusively for Llanesevents members and Prau Riu Hotel guests. Don&#039;t miss our events; become a member for free at the following link:<\/p>\n<p>https:\/\/thread-impulse-51c.notion.site\/203878de1fe780009091c3b0863cc564<\/p>\n<p>&nbsp;<\/p>","protected":false},"featured_media":3169,"template":"","meta":{"site-sidebar-layout":"default","site-content-layout":"","ast-site-content-layout":"default","site-content-style":"default","site-sidebar-style":"default","ast-global-header-display":"","ast-banner-title-visibility":"","ast-main-header-display":"","ast-hfb-above-header-display":"","ast-hfb-below-header-display":"","ast-hfb-mobile-header-display":"","site-post-title":"","ast-breadcrumbs-content":"","ast-featured-img":"","footer-sml-layout":"","ast-disable-related-posts":"","theme-transparent-header-meta":"default","adv-header-id-meta":"","stick-header-meta":"default","header-above-stick-meta":"","header-main-stick-meta":"","header-below-stick-meta":"","astra-migrate-meta-layouts":"set","ast-page-background-enabled":"default","ast-page-background-meta":{"desktop":{"background-color":"","background-image":"","background-repeat":"repeat","background-position":"center center","background-size":"auto","background-attachment":"scroll","background-type":"","background-media":"","overlay-type":"","overlay-color":"","overlay-opacity":"","overlay-gradient":""},"tablet":{"background-color":"","background-image":"","background-repeat":"repeat","background-position":"center center","background-size":"auto","background-attachment":"scroll","background-type":"","background-media":"","overlay-type":"","overlay-color":"","overlay-opacity":"","overlay-gradient":""},"mobile":{"background-color":"","background-image":"","background-repeat":"repeat","background-position":"center center","background-size":"auto","background-attachment":"scroll","background-type":"","background-media":"","overlay-type":"","overlay-color":"","overlay-opacity":"","overlay-gradient":""}},"ast-content-background-meta":{"desktop":{"background-color":"var(--ast-global-color-5)","background-image":"","background-repeat":"repeat","background-position":"center center","background-size":"auto","background-attachment":"scroll","background-type":"","background-media":"","overlay-type":"","overlay-color":"","overlay-opacity":"","overlay-gradient":""},"tablet":{"background-color":"var(--ast-global-color-5)","background-image":"","background-repeat":"repeat","background-position":"center center","background-size":"auto","background-attachment":"scroll","background-type":"","background-media":"","overlay-type":"","overlay-color":"","overlay-opacity":"","overlay-gradient":""},"mobile":{"background-color":"var(--ast-global-color-5)","background-image":"","background-repeat":"repeat","background-position":"center center","background-size":"auto","background-attachment":"scroll","background-type":"","background-media":"","overlay-type":"","overlay-color":"","overlay-opacity":"","overlay-gradient":""}},"_joinchat":[]},"product_brand":[],"product_cat":[71],"product_tag":[182],"class_list":{"0":"post-3168","1":"product","2":"type-product","3":"status-publish","4":"has-post-thumbnail","6":"product_cat-musica","7":"product_tag-finalizado","8":"desktop-align-center","9":"tablet-align-center","10":"mobile-align-center","11":"ast-product-gallery-layout-horizontal","12":"ast-magnify-disabled","13":"ast-product-tabs-layout-horizontal","14":"ast-qv-on-image","16":"first","17":"outofstock","18":"purchasable","19":"product-type-simple"},"yoast_head":"<!-- This site is optimized with the Yoast SEO plugin v27.4 - https:\/\/yoast.com\/product\/yoast-seo-wordpress\/ -->\n<title>TERRAZA CHILL - NEIL DIAMOND - Llanes Events<\/title>\n<meta name=\"description\" content=\"El aforo es limitado. Entrada Libre. Las localidades se ocupar\u00e1n a placer, por orden de llegada.  Evento cultural y de animaci\u00f3n tur\u00edstica exclusivo para socios de llanesevents y clientes de hotel prau riu. No te pierdas nuestros eventos, hazte socio de forma gratuita en el siguiente enlace:  https:\/\/thread-impulse-51c.notion.site\/203878de1fe780009091c3b0863cc564  &nbsp;\" \/>\n<meta name=\"robots\" content=\"index, follow, max-snippet:-1, max-image-preview:large, max-video-preview:-1\" \/>\n<link rel=\"canonical\" href=\"https:\/\/www.llanesevents.com\/en\/event\/chill-neil-diamond-terrace\/\" \/>\n<meta property=\"og:locale\" content=\"en_US\" \/>\n<meta property=\"og:type\" content=\"article\" \/>\n<meta property=\"og:title\" content=\"TERRAZA CHILL - NEIL DIAMOND - Llanes Events\" \/>\n<meta property=\"og:description\" content=\"El aforo es limitado. Entrada Libre. Las localidades se ocupar\u00e1n a placer, por orden de llegada.  Evento cultural y de animaci\u00f3n tur\u00edstica exclusivo para socios de llanesevents y clientes de hotel prau riu. No te pierdas nuestros eventos, hazte socio de forma gratuita en el siguiente enlace:  https:\/\/thread-impulse-51c.notion.site\/203878de1fe780009091c3b0863cc564  &nbsp;\" \/>\n<meta property=\"og:url\" content=\"https:\/\/www.llanesevents.com\/en\/event\/chill-neil-diamond-terrace\/\" \/>\n<meta property=\"og:site_name\" content=\"Llanes Events\" \/>\n<meta property=\"article:publisher\" content=\"https:\/\/www.facebook.com\/llanesevents\" \/>\n<meta property=\"article:modified_time\" content=\"2025-08-19T15:00:05+00:00\" \/>\n<meta property=\"og:image\" content=\"https:\/\/www.llanesevents.com\/wp-content\/uploads\/2025\/07\/cartel-Neil-Diamond.jpg\" \/>\n\t<meta property=\"og:image:width\" content=\"794\" \/>\n\t<meta property=\"og:image:height\" content=\"1123\" \/>\n\t<meta property=\"og:image:type\" content=\"image\/jpeg\" \/>\n<meta name=\"twitter:card\" content=\"summary_large_image\" \/>\n<script type=\"application\/ld+json\" class=\"yoast-schema-graph\">{\"@context\":\"https:\\\/\\\/schema.org\",\"@graph\":[{\"@type\":\"WebPage\",\"@id\":\"https:\\\/\\\/www.llanesevents.com\\\/evento\\\/terraza-chill-neil-diamond\\\/\",\"url\":\"https:\\\/\\\/www.llanesevents.com\\\/evento\\\/terraza-chill-neil-diamond\\\/\",\"name\":\"TERRAZA CHILL - NEIL DIAMOND - Llanes Events\",\"isPartOf\":{\"@id\":\"https:\\\/\\\/www.llanesevents.com\\\/#website\"},\"primaryImageOfPage\":{\"@id\":\"https:\\\/\\\/www.llanesevents.com\\\/evento\\\/terraza-chill-neil-diamond\\\/#primaryimage\"},\"image\":{\"@id\":\"https:\\\/\\\/www.llanesevents.com\\\/evento\\\/terraza-chill-neil-diamond\\\/#primaryimage\"},\"thumbnailUrl\":\"https:\\\/\\\/www.llanesevents.com\\\/wp-content\\\/uploads\\\/2025\\\/07\\\/cartel-Neil-Diamond.jpg\",\"datePublished\":\"2025-07-05T07:20:07+00:00\",\"dateModified\":\"2025-08-19T15:00:05+00:00\",\"description\":\"El aforo es limitado. Entrada Libre. Las localidades se ocupar\u00e1n a placer, por orden de llegada. Evento cultural y de animaci\u00f3n tur\u00edstica exclusivo para socios de llanesevents y clientes de hotel prau riu. No te pierdas nuestros eventos, hazte socio de forma gratuita en el siguiente enlace: https:\\\/\\\/thread-impulse-51c.notion.site\\\/203878de1fe780009091c3b0863cc564 &nbsp;\",\"breadcrumb\":{\"@id\":\"https:\\\/\\\/www.llanesevents.com\\\/evento\\\/terraza-chill-neil-diamond\\\/#breadcrumb\"},\"inLanguage\":\"en-US\",\"potentialAction\":[{\"@type\":\"ReadAction\",\"target\":[\"https:\\\/\\\/www.llanesevents.com\\\/evento\\\/terraza-chill-neil-diamond\\\/\"]}]},{\"@type\":\"ImageObject\",\"inLanguage\":\"en-US\",\"@id\":\"https:\\\/\\\/www.llanesevents.com\\\/evento\\\/terraza-chill-neil-diamond\\\/#primaryimage\",\"url\":\"https:\\\/\\\/www.llanesevents.com\\\/wp-content\\\/uploads\\\/2025\\\/07\\\/cartel-Neil-Diamond.jpg\",\"contentUrl\":\"https:\\\/\\\/www.llanesevents.com\\\/wp-content\\\/uploads\\\/2025\\\/07\\\/cartel-Neil-Diamond.jpg\",\"width\":794,\"height\":1123,\"caption\":\"cartel Neil Diamond\"},{\"@type\":\"BreadcrumbList\",\"@id\":\"https:\\\/\\\/www.llanesevents.com\\\/evento\\\/terraza-chill-neil-diamond\\\/#breadcrumb\",\"itemListElement\":[{\"@type\":\"ListItem\",\"position\":1,\"name\":\"Home\",\"item\":\"https:\\\/\\\/www.llanesevents.com\\\/\"},{\"@type\":\"ListItem\",\"position\":2,\"name\":\"Eventos\",\"item\":\"https:\\\/\\\/www.llanesevents.com\\\/eventos\\\/\"},{\"@type\":\"ListItem\",\"position\":3,\"name\":\"TERRAZA CHILL &#8211; NEIL DIAMOND\"}]},{\"@type\":\"WebSite\",\"@id\":\"https:\\\/\\\/www.llanesevents.com\\\/#website\",\"url\":\"https:\\\/\\\/www.llanesevents.com\\\/\",\"name\":\"Eventos Culturales Llanes\",\"description\":\"Eventos culturales Llanes\",\"publisher\":{\"@id\":\"https:\\\/\\\/www.llanesevents.com\\\/#organization\"},\"potentialAction\":[{\"@type\":\"SearchAction\",\"target\":{\"@type\":\"EntryPoint\",\"urlTemplate\":\"https:\\\/\\\/www.llanesevents.com\\\/?s={search_term_string}\"},\"query-input\":{\"@type\":\"PropertyValueSpecification\",\"valueRequired\":true,\"valueName\":\"search_term_string\"}}],\"inLanguage\":\"en-US\"},{\"@type\":\"Organization\",\"@id\":\"https:\\\/\\\/www.llanesevents.com\\\/#organization\",\"name\":\"Eventos Culturales Llanes\",\"url\":\"https:\\\/\\\/www.llanesevents.com\\\/\",\"logo\":{\"@type\":\"ImageObject\",\"inLanguage\":\"en-US\",\"@id\":\"https:\\\/\\\/www.llanesevents.com\\\/#\\\/schema\\\/logo\\\/image\\\/\",\"url\":\"https:\\\/\\\/www.llanesevents.com\\\/wp-content\\\/uploads\\\/2020\\\/02\\\/logo-azul-fucsia.png\",\"contentUrl\":\"https:\\\/\\\/www.llanesevents.com\\\/wp-content\\\/uploads\\\/2020\\\/02\\\/logo-azul-fucsia.png\",\"width\":411,\"height\":267,\"caption\":\"Eventos Culturales Llanes\"},\"image\":{\"@id\":\"https:\\\/\\\/www.llanesevents.com\\\/#\\\/schema\\\/logo\\\/image\\\/\"},\"sameAs\":[\"https:\\\/\\\/www.facebook.com\\\/llanesevents\",\"https:\\\/\\\/www.instagram.com\\\/llaneseventsofficial\"]}]}<\/script>\n<!-- \/ Yoast SEO plugin. -->","yoast_head_json":{"title":"CHILL TERRACE - NEIL DIAMOND - Llanes Events","description":"Seating is limited. Free admission. Tickets will be filled on a first-come, first-served basis. This cultural and tourist entertainment event is exclusive to Llanesevents members and guests of Hotel Prau Riu. Don&#039;t miss our events; become a member for free at the following link: https:\/\/thread-impulse-51c.notion.site\/203878de1fe780009091c3b0863cc564  &nbsp;","robots":{"index":"index","follow":"follow","max-snippet":"max-snippet:-1","max-image-preview":"max-image-preview:large","max-video-preview":"max-video-preview:-1"},"canonical":"https:\/\/www.llanesevents.com\/en\/event\/chill-neil-diamond-terrace\/","og_locale":"en_US","og_type":"article","og_title":"TERRAZA CHILL - NEIL DIAMOND - Llanes Events","og_description":"El aforo es limitado. Entrada Libre. Las localidades se ocupar\u00e1n a placer, por orden de llegada.  Evento cultural y de animaci\u00f3n tur\u00edstica exclusivo para socios de llanesevents y clientes de hotel prau riu. No te pierdas nuestros eventos, hazte socio de forma gratuita en el siguiente enlace:  https:\/\/thread-impulse-51c.notion.site\/203878de1fe780009091c3b0863cc564  &nbsp;","og_url":"https:\/\/www.llanesevents.com\/en\/event\/chill-neil-diamond-terrace\/","og_site_name":"Llanes Events","article_publisher":"https:\/\/www.facebook.com\/llanesevents","article_modified_time":"2025-08-19T15:00:05+00:00","og_image":[{"width":794,"height":1123,"url":"https:\/\/www.llanesevents.com\/wp-content\/uploads\/2025\/07\/cartel-Neil-Diamond.jpg","type":"image\/jpeg"}],"twitter_card":"summary_large_image","schema":{"@context":"https:\/\/schema.org","@graph":[{"@type":"WebPage","@id":"https:\/\/www.llanesevents.com\/evento\/terraza-chill-neil-diamond\/","url":"https:\/\/www.llanesevents.com\/evento\/terraza-chill-neil-diamond\/","name":"CHILL TERRACE - NEIL DIAMOND - Llanes Events","isPartOf":{"@id":"https:\/\/www.llanesevents.com\/#website"},"primaryImageOfPage":{"@id":"https:\/\/www.llanesevents.com\/evento\/terraza-chill-neil-diamond\/#primaryimage"},"image":{"@id":"https:\/\/www.llanesevents.com\/evento\/terraza-chill-neil-diamond\/#primaryimage"},"thumbnailUrl":"https:\/\/www.llanesevents.com\/wp-content\/uploads\/2025\/07\/cartel-Neil-Diamond.jpg","datePublished":"2025-07-05T07:20:07+00:00","dateModified":"2025-08-19T15:00:05+00:00","description":"Seating is limited. Free admission. Tickets will be filled on a first-come, first-served basis. This cultural and tourist entertainment event is exclusive to Llanesevents members and guests of Hotel Prau Riu. Don&#039;t miss our events; become a member for free at the following link: https:\/\/thread-impulse-51c.notion.site\/203878de1fe780009091c3b0863cc564 &nbsp;","breadcrumb":{"@id":"https:\/\/www.llanesevents.com\/evento\/terraza-chill-neil-diamond\/#breadcrumb"},"inLanguage":"en-US","potentialAction":[{"@type":"ReadAction","target":["https:\/\/www.llanesevents.com\/evento\/terraza-chill-neil-diamond\/"]}]},{"@type":"ImageObject","inLanguage":"en-US","@id":"https:\/\/www.llanesevents.com\/evento\/terraza-chill-neil-diamond\/#primaryimage","url":"https:\/\/www.llanesevents.com\/wp-content\/uploads\/2025\/07\/cartel-Neil-Diamond.jpg","contentUrl":"https:\/\/www.llanesevents.com\/wp-content\/uploads\/2025\/07\/cartel-Neil-Diamond.jpg","width":794,"height":1123,"caption":"cartel Neil Diamond"},{"@type":"BreadcrumbList","@id":"https:\/\/www.llanesevents.com\/evento\/terraza-chill-neil-diamond\/#breadcrumb","itemListElement":[{"@type":"ListItem","position":1,"name":"Home","item":"https:\/\/www.llanesevents.com\/"},{"@type":"ListItem","position":2,"name":"Eventos","item":"https:\/\/www.llanesevents.com\/eventos\/"},{"@type":"ListItem","position":3,"name":"TERRAZA CHILL &#8211; NEIL DIAMOND"}]},{"@type":"WebSite","@id":"https:\/\/www.llanesevents.com\/#website","url":"https:\/\/www.llanesevents.com\/","name":"Llanes Cultural Events","description":"Llanes cultural events","publisher":{"@id":"https:\/\/www.llanesevents.com\/#organization"},"potentialAction":[{"@type":"SearchAction","target":{"@type":"EntryPoint","urlTemplate":"https:\/\/www.llanesevents.com\/?s={search_term_string}"},"query-input":{"@type":"PropertyValueSpecification","valueRequired":true,"valueName":"search_term_string"}}],"inLanguage":"en-US"},{"@type":"Organization","@id":"https:\/\/www.llanesevents.com\/#organization","name":"Llanes Cultural Events","url":"https:\/\/www.llanesevents.com\/","logo":{"@type":"ImageObject","inLanguage":"en-US","@id":"https:\/\/www.llanesevents.com\/#\/schema\/logo\/image\/","url":"https:\/\/www.llanesevents.com\/wp-content\/uploads\/2020\/02\/logo-azul-fucsia.png","contentUrl":"https:\/\/www.llanesevents.com\/wp-content\/uploads\/2020\/02\/logo-azul-fucsia.png","width":411,"height":267,"caption":"Eventos Culturales Llanes"},"image":{"@id":"https:\/\/www.llanesevents.com\/#\/schema\/logo\/image\/"},"sameAs":["https:\/\/www.facebook.com\/llanesevents","https:\/\/www.instagram.com\/llaneseventsofficial"]}]}},"_links":{"self":[{"href":"https:\/\/www.llanesevents.com\/en\/wp-json\/wp\/v2\/product\/3168","targetHints":{"allow":["GET"]}}],"collection":[{"href":"https:\/\/www.llanesevents.com\/en\/wp-json\/wp\/v2\/product"}],"about":[{"href":"https:\/\/www.llanesevents.com\/en\/wp-json\/wp\/v2\/types\/product"}],"wp:featuredmedia":[{"embeddable":true,"href":"https:\/\/www.llanesevents.com\/en\/wp-json\/wp\/v2\/media\/3169"}],"wp:attachment":[{"href":"https:\/\/www.llanesevents.com\/en\/wp-json\/wp\/v2\/media?parent=3168"}],"wp:term":[{"taxonomy":"product_brand","embeddable":true,"href":"https:\/\/www.llanesevents.com\/en\/wp-json\/wp\/v2\/product_brand?post=3168"},{"taxonomy":"product_cat","embeddable":true,"href":"https:\/\/www.llanesevents.com\/en\/wp-json\/wp\/v2\/product_cat?post=3168"},{"taxonomy":"product_tag","embeddable":true,"href":"https:\/\/www.llanesevents.com\/en\/wp-json\/wp\/v2\/product_tag?post=3168"}],"curies":[{"name":"wp","href":"https:\/\/api.w.org\/{rel}","templated":true}]}}