{"id":3164,"date":"2025-07-09T11:39:49","date_gmt":"2025-07-09T09:39:49","guid":{"rendered":"https:\/\/www.llanesevents.com\/?post_type=product&#038;p=3164"},"modified":"2025-08-30T11:06:02","modified_gmt":"2025-08-30T09:06:02","slug":"magic-workshop-for-children-by-magician-jaco","status":"publish","type":"product","link":"https:\/\/www.llanesevents.com\/en\/evento\/taller-de-magia-para-ninos-mago-jaco\/","title":{"rendered":"Magic Workshop for Children \u2013 Magician Jaco"},"content":{"rendered":"<p>Magician Jaco<\/p>","protected":false},"excerpt":{"rendered":"<p>Seating is limited. The artist&#039;s donation is \u20ac3 through LlanesEvents, and \u20ac4 at the door.<\/p>\n<p>Magic workshop, where Magician Jaco will amaze children with the magical power they possess. It will be an afternoon of illusions and an introduction to magic, so kids can perform introductory magic tricks to amaze family and friends.<\/p>\n<p>Cultural and tourist entertainment event exclusively for Llanesevents members and Prau Riu Hotel guests. Don&#039;t miss our events; become a member for free at the following link:<\/p>\n<p>https:\/\/thread-impulse-51c.notion.site\/203878de1fe780009091c3b0863cc564<\/p>\n<p>&nbsp;<\/p>\n<p>&nbsp;<\/p>\n<p>&nbsp;<\/p>","protected":false},"featured_media":3165,"template":"","meta":{"site-sidebar-layout":"default","site-content-layout":"","ast-site-content-layout":"default","site-content-style":"default","site-sidebar-style":"default","ast-global-header-display":"","ast-banner-title-visibility":"","ast-main-header-display":"","ast-hfb-above-header-display":"","ast-hfb-below-header-display":"","ast-hfb-mobile-header-display":"","site-post-title":"","ast-breadcrumbs-content":"","ast-featured-img":"","footer-sml-layout":"","ast-disable-related-posts":"","theme-transparent-header-meta":"default","adv-header-id-meta":"","stick-header-meta":"default","header-above-stick-meta":"","header-main-stick-meta":"","header-below-stick-meta":"","astra-migrate-meta-layouts":"set","ast-page-background-enabled":"default","ast-page-background-meta":{"desktop":{"background-color":"","background-image":"","background-repeat":"repeat","background-position":"center center","background-size":"auto","background-attachment":"scroll","background-type":"","background-media":"","overlay-type":"","overlay-color":"","overlay-opacity":"","overlay-gradient":""},"tablet":{"background-color":"","background-image":"","background-repeat":"repeat","background-position":"center center","background-size":"auto","background-attachment":"scroll","background-type":"","background-media":"","overlay-type":"","overlay-color":"","overlay-opacity":"","overlay-gradient":""},"mobile":{"background-color":"","background-image":"","background-repeat":"repeat","background-position":"center center","background-size":"auto","background-attachment":"scroll","background-type":"","background-media":"","overlay-type":"","overlay-color":"","overlay-opacity":"","overlay-gradient":""}},"ast-content-background-meta":{"desktop":{"background-color":"var(--ast-global-color-5)","background-image":"","background-repeat":"repeat","background-position":"center center","background-size":"auto","background-attachment":"scroll","background-type":"","background-media":"","overlay-type":"","overlay-color":"","overlay-opacity":"","overlay-gradient":""},"tablet":{"background-color":"var(--ast-global-color-5)","background-image":"","background-repeat":"repeat","background-position":"center center","background-size":"auto","background-attachment":"scroll","background-type":"","background-media":"","overlay-type":"","overlay-color":"","overlay-opacity":"","overlay-gradient":""},"mobile":{"background-color":"var(--ast-global-color-5)","background-image":"","background-repeat":"repeat","background-position":"center center","background-size":"auto","background-attachment":"scroll","background-type":"","background-media":"","overlay-type":"","overlay-color":"","overlay-opacity":"","overlay-gradient":""}},"_joinchat":[]},"product_brand":[],"product_cat":[110],"product_tag":[182],"class_list":{"0":"post-3164","1":"product","2":"type-product","3":"status-publish","4":"has-post-thumbnail","6":"product_cat-magia","7":"product_tag-finalizado","8":"desktop-align-center","9":"tablet-align-center","10":"mobile-align-center","11":"ast-product-gallery-layout-horizontal","12":"ast-product-gallery-with-no-image","13":"ast-magnify-disabled","14":"ast-product-tabs-layout-horizontal","15":"ast-qv-on-image","17":"first","18":"outofstock","19":"purchasable","20":"product-type-simple"},"yoast_head":"<!-- This site is optimized with the Yoast SEO plugin v27.4 - https:\/\/yoast.com\/product\/yoast-seo-wordpress\/ -->\n<title>Taller de Magia para Ni\u00f1os - Mago Jaco - Llanes Events<\/title>\n<meta name=\"description\" content=\"El aforo es limitado. El donativo para el Artista es de 3 \u20ac\u00a0 a trav\u00e9s de LlanesEvents, 4\u20ac en Puerta.  Taller de magia, donde el Mago Jaco sorprender\u00e1 a los ni\u00f1os con el poder m\u00e1gico que llevan dentro. ser\u00e1 una tarde de ilusiones e introducci\u00f3n a la magia para que los chavales puedan reproducir trucos de iniciaci\u00f3n a la magia, para sorprender a familiares y amigos.  Evento cultural y de animaci\u00f3n tur\u00edstica exclusivo para socios de llanesevents y clientes de hotel prau riu. No te pierdas nuestros eventos, hazte socio de forma gratuita en el siguiente enlace:  https:\/\/thread-impulse-51c.notion.site\/203878de1fe780009091c3b0863cc564  &nbsp;  &nbsp;  &nbsp;\" \/>\n<meta name=\"robots\" content=\"index, follow, max-snippet:-1, max-image-preview:large, max-video-preview:-1\" \/>\n<link rel=\"canonical\" href=\"https:\/\/www.llanesevents.com\/en\/event\/magic-workshop-for-children-by-magician-jaco\/\" \/>\n<meta property=\"og:locale\" content=\"en_US\" \/>\n<meta property=\"og:type\" content=\"article\" \/>\n<meta property=\"og:title\" content=\"Taller de Magia para Ni\u00f1os - Mago Jaco - Llanes Events\" \/>\n<meta property=\"og:description\" content=\"El aforo es limitado. El donativo para el Artista es de 3 \u20ac\u00a0 a trav\u00e9s de LlanesEvents, 4\u20ac en Puerta.  Taller de magia, donde el Mago Jaco sorprender\u00e1 a los ni\u00f1os con el poder m\u00e1gico que llevan dentro. ser\u00e1 una tarde de ilusiones e introducci\u00f3n a la magia para que los chavales puedan reproducir trucos de iniciaci\u00f3n a la magia, para sorprender a familiares y amigos.  Evento cultural y de animaci\u00f3n tur\u00edstica exclusivo para socios de llanesevents y clientes de hotel prau riu. No te pierdas nuestros eventos, hazte socio de forma gratuita en el siguiente enlace:  https:\/\/thread-impulse-51c.notion.site\/203878de1fe780009091c3b0863cc564  &nbsp;  &nbsp;  &nbsp;\" \/>\n<meta property=\"og:url\" content=\"https:\/\/www.llanesevents.com\/en\/event\/magic-workshop-for-children-by-magician-jaco\/\" \/>\n<meta property=\"og:site_name\" content=\"Llanes Events\" \/>\n<meta property=\"article:publisher\" content=\"https:\/\/www.facebook.com\/llanesevents\" \/>\n<meta property=\"article:modified_time\" content=\"2025-08-30T09:06:02+00:00\" \/>\n<meta property=\"og:image\" content=\"https:\/\/www.llanesevents.com\/wp-content\/uploads\/2025\/07\/cartel-eventos.png\" \/>\n\t<meta property=\"og:image:width\" content=\"794\" \/>\n\t<meta property=\"og:image:height\" content=\"1123\" \/>\n\t<meta property=\"og:image:type\" content=\"image\/png\" \/>\n<meta name=\"twitter:card\" content=\"summary_large_image\" \/>\n<script type=\"application\/ld+json\" class=\"yoast-schema-graph\">{\"@context\":\"https:\\\/\\\/schema.org\",\"@graph\":[{\"@type\":\"WebPage\",\"@id\":\"https:\\\/\\\/www.llanesevents.com\\\/evento\\\/taller-de-magia-para-ninos-mago-jaco\\\/\",\"url\":\"https:\\\/\\\/www.llanesevents.com\\\/evento\\\/taller-de-magia-para-ninos-mago-jaco\\\/\",\"name\":\"Taller de Magia para Ni\u00f1os - Mago Jaco - Llanes Events\",\"isPartOf\":{\"@id\":\"https:\\\/\\\/www.llanesevents.com\\\/#website\"},\"primaryImageOfPage\":{\"@id\":\"https:\\\/\\\/www.llanesevents.com\\\/evento\\\/taller-de-magia-para-ninos-mago-jaco\\\/#primaryimage\"},\"image\":{\"@id\":\"https:\\\/\\\/www.llanesevents.com\\\/evento\\\/taller-de-magia-para-ninos-mago-jaco\\\/#primaryimage\"},\"thumbnailUrl\":\"https:\\\/\\\/www.llanesevents.com\\\/wp-content\\\/uploads\\\/2025\\\/07\\\/cartel-eventos.png\",\"datePublished\":\"2025-07-09T09:39:49+00:00\",\"dateModified\":\"2025-08-30T09:06:02+00:00\",\"description\":\"El aforo es limitado. El donativo para el Artista es de 3 \u20ac\u00a0 a trav\u00e9s de LlanesEvents, 4\u20ac en Puerta. Taller de magia, donde el Mago Jaco sorprender\u00e1 a los ni\u00f1os con el poder m\u00e1gico que llevan dentro. ser\u00e1 una tarde de ilusiones e introducci\u00f3n a la magia para que los chavales puedan reproducir trucos de iniciaci\u00f3n a la magia, para sorprender a familiares y amigos. Evento cultural y de animaci\u00f3n tur\u00edstica exclusivo para socios de llanesevents y clientes de hotel prau riu. No te pierdas nuestros eventos, hazte socio de forma gratuita en el siguiente enlace: https:\\\/\\\/thread-impulse-51c.notion.site\\\/203878de1fe780009091c3b0863cc564 &nbsp; &nbsp; &nbsp;\",\"breadcrumb\":{\"@id\":\"https:\\\/\\\/www.llanesevents.com\\\/evento\\\/taller-de-magia-para-ninos-mago-jaco\\\/#breadcrumb\"},\"inLanguage\":\"en-US\",\"potentialAction\":[{\"@type\":\"ReadAction\",\"target\":[\"https:\\\/\\\/www.llanesevents.com\\\/evento\\\/taller-de-magia-para-ninos-mago-jaco\\\/\"]}]},{\"@type\":\"ImageObject\",\"inLanguage\":\"en-US\",\"@id\":\"https:\\\/\\\/www.llanesevents.com\\\/evento\\\/taller-de-magia-para-ninos-mago-jaco\\\/#primaryimage\",\"url\":\"https:\\\/\\\/www.llanesevents.com\\\/wp-content\\\/uploads\\\/2025\\\/07\\\/cartel-eventos.png\",\"contentUrl\":\"https:\\\/\\\/www.llanesevents.com\\\/wp-content\\\/uploads\\\/2025\\\/07\\\/cartel-eventos.png\",\"width\":794,\"height\":1123,\"caption\":\"cartel eventos\"},{\"@type\":\"BreadcrumbList\",\"@id\":\"https:\\\/\\\/www.llanesevents.com\\\/evento\\\/taller-de-magia-para-ninos-mago-jaco\\\/#breadcrumb\",\"itemListElement\":[{\"@type\":\"ListItem\",\"position\":1,\"name\":\"Home\",\"item\":\"https:\\\/\\\/www.llanesevents.com\\\/\"},{\"@type\":\"ListItem\",\"position\":2,\"name\":\"Eventos\",\"item\":\"https:\\\/\\\/www.llanesevents.com\\\/eventos\\\/\"},{\"@type\":\"ListItem\",\"position\":3,\"name\":\"Taller de Magia para Ni\u00f1os &#8211; Mago Jaco\"}]},{\"@type\":\"WebSite\",\"@id\":\"https:\\\/\\\/www.llanesevents.com\\\/#website\",\"url\":\"https:\\\/\\\/www.llanesevents.com\\\/\",\"name\":\"Eventos Culturales Llanes\",\"description\":\"Eventos culturales Llanes\",\"publisher\":{\"@id\":\"https:\\\/\\\/www.llanesevents.com\\\/#organization\"},\"potentialAction\":[{\"@type\":\"SearchAction\",\"target\":{\"@type\":\"EntryPoint\",\"urlTemplate\":\"https:\\\/\\\/www.llanesevents.com\\\/?s={search_term_string}\"},\"query-input\":{\"@type\":\"PropertyValueSpecification\",\"valueRequired\":true,\"valueName\":\"search_term_string\"}}],\"inLanguage\":\"en-US\"},{\"@type\":\"Organization\",\"@id\":\"https:\\\/\\\/www.llanesevents.com\\\/#organization\",\"name\":\"Eventos Culturales Llanes\",\"url\":\"https:\\\/\\\/www.llanesevents.com\\\/\",\"logo\":{\"@type\":\"ImageObject\",\"inLanguage\":\"en-US\",\"@id\":\"https:\\\/\\\/www.llanesevents.com\\\/#\\\/schema\\\/logo\\\/image\\\/\",\"url\":\"https:\\\/\\\/www.llanesevents.com\\\/wp-content\\\/uploads\\\/2020\\\/02\\\/logo-azul-fucsia.png\",\"contentUrl\":\"https:\\\/\\\/www.llanesevents.com\\\/wp-content\\\/uploads\\\/2020\\\/02\\\/logo-azul-fucsia.png\",\"width\":411,\"height\":267,\"caption\":\"Eventos Culturales Llanes\"},\"image\":{\"@id\":\"https:\\\/\\\/www.llanesevents.com\\\/#\\\/schema\\\/logo\\\/image\\\/\"},\"sameAs\":[\"https:\\\/\\\/www.facebook.com\\\/llanesevents\",\"https:\\\/\\\/www.instagram.com\\\/llaneseventsofficial\"]}]}<\/script>\n<!-- \/ Yoast SEO plugin. -->","yoast_head_json":{"title":"Magic Workshop for Children - Magician Jaco - Llanes Events","description":"Seating is limited. The donation for the artist is \u20ac3 through LlanesEvents, \u20ac4 at the door. Magic workshop, where Magician Jaco will surprise children with the magical power they carry within. It will be an afternoon of illusions and an introduction to magic so that children can perform introductory magic tricks to surprise family and friends. Cultural and tourist entertainment event exclusively for Llanesevents members and guests of Hotel Prau Riu. Don&#039;t miss our events; become a member for free at the following link: https:\/\/thread-impulse-51c.notion.site\/203878de1fe780009091c3b0863cc564  &nbsp;  &nbsp;  &nbsp;","robots":{"index":"index","follow":"follow","max-snippet":"max-snippet:-1","max-image-preview":"max-image-preview:large","max-video-preview":"max-video-preview:-1"},"canonical":"https:\/\/www.llanesevents.com\/en\/event\/magic-workshop-for-children-by-magician-jaco\/","og_locale":"en_US","og_type":"article","og_title":"Taller de Magia para Ni\u00f1os - Mago Jaco - Llanes Events","og_description":"El aforo es limitado. El donativo para el Artista es de 3 \u20ac\u00a0 a trav\u00e9s de LlanesEvents, 4\u20ac en Puerta.  Taller de magia, donde el Mago Jaco sorprender\u00e1 a los ni\u00f1os con el poder m\u00e1gico que llevan dentro. ser\u00e1 una tarde de ilusiones e introducci\u00f3n a la magia para que los chavales puedan reproducir trucos de iniciaci\u00f3n a la magia, para sorprender a familiares y amigos.  Evento cultural y de animaci\u00f3n tur\u00edstica exclusivo para socios de llanesevents y clientes de hotel prau riu. No te pierdas nuestros eventos, hazte socio de forma gratuita en el siguiente enlace:  https:\/\/thread-impulse-51c.notion.site\/203878de1fe780009091c3b0863cc564  &nbsp;  &nbsp;  &nbsp;","og_url":"https:\/\/www.llanesevents.com\/en\/event\/magic-workshop-for-children-by-magician-jaco\/","og_site_name":"Llanes Events","article_publisher":"https:\/\/www.facebook.com\/llanesevents","article_modified_time":"2025-08-30T09:06:02+00:00","og_image":[{"width":794,"height":1123,"url":"https:\/\/www.llanesevents.com\/wp-content\/uploads\/2025\/07\/cartel-eventos.png","type":"image\/png"}],"twitter_card":"summary_large_image","schema":{"@context":"https:\/\/schema.org","@graph":[{"@type":"WebPage","@id":"https:\/\/www.llanesevents.com\/evento\/taller-de-magia-para-ninos-mago-jaco\/","url":"https:\/\/www.llanesevents.com\/evento\/taller-de-magia-para-ninos-mago-jaco\/","name":"Magic Workshop for Children - Magician Jaco - Llanes Events","isPartOf":{"@id":"https:\/\/www.llanesevents.com\/#website"},"primaryImageOfPage":{"@id":"https:\/\/www.llanesevents.com\/evento\/taller-de-magia-para-ninos-mago-jaco\/#primaryimage"},"image":{"@id":"https:\/\/www.llanesevents.com\/evento\/taller-de-magia-para-ninos-mago-jaco\/#primaryimage"},"thumbnailUrl":"https:\/\/www.llanesevents.com\/wp-content\/uploads\/2025\/07\/cartel-eventos.png","datePublished":"2025-07-09T09:39:49+00:00","dateModified":"2025-08-30T09:06:02+00:00","description":"Seating is limited. The donation for the artist is \u20ac3 through LlanesEvents, \u20ac4 at the door. Magic workshop, where Magician Jaco will surprise children with the magical power they carry within. It will be an afternoon of illusions and an introduction to magic so that children can perform introductory magic tricks to surprise family and friends. Cultural and tourist entertainment event exclusively for Llanesevents members and guests of Hotel Prau Riu. Don&#039;t miss our events; become a member for free at the following link: https:\/\/thread-impulse-51c.notion.site\/203878de1fe780009091c3b0863cc564 &nbsp; &nbsp; &nbsp;","breadcrumb":{"@id":"https:\/\/www.llanesevents.com\/evento\/taller-de-magia-para-ninos-mago-jaco\/#breadcrumb"},"inLanguage":"en-US","potentialAction":[{"@type":"ReadAction","target":["https:\/\/www.llanesevents.com\/evento\/taller-de-magia-para-ninos-mago-jaco\/"]}]},{"@type":"ImageObject","inLanguage":"en-US","@id":"https:\/\/www.llanesevents.com\/evento\/taller-de-magia-para-ninos-mago-jaco\/#primaryimage","url":"https:\/\/www.llanesevents.com\/wp-content\/uploads\/2025\/07\/cartel-eventos.png","contentUrl":"https:\/\/www.llanesevents.com\/wp-content\/uploads\/2025\/07\/cartel-eventos.png","width":794,"height":1123,"caption":"cartel eventos"},{"@type":"BreadcrumbList","@id":"https:\/\/www.llanesevents.com\/evento\/taller-de-magia-para-ninos-mago-jaco\/#breadcrumb","itemListElement":[{"@type":"ListItem","position":1,"name":"Home","item":"https:\/\/www.llanesevents.com\/"},{"@type":"ListItem","position":2,"name":"Eventos","item":"https:\/\/www.llanesevents.com\/eventos\/"},{"@type":"ListItem","position":3,"name":"Taller de Magia para Ni\u00f1os &#8211; Mago Jaco"}]},{"@type":"WebSite","@id":"https:\/\/www.llanesevents.com\/#website","url":"https:\/\/www.llanesevents.com\/","name":"Llanes Cultural Events","description":"Llanes cultural events","publisher":{"@id":"https:\/\/www.llanesevents.com\/#organization"},"potentialAction":[{"@type":"SearchAction","target":{"@type":"EntryPoint","urlTemplate":"https:\/\/www.llanesevents.com\/?s={search_term_string}"},"query-input":{"@type":"PropertyValueSpecification","valueRequired":true,"valueName":"search_term_string"}}],"inLanguage":"en-US"},{"@type":"Organization","@id":"https:\/\/www.llanesevents.com\/#organization","name":"Llanes Cultural Events","url":"https:\/\/www.llanesevents.com\/","logo":{"@type":"ImageObject","inLanguage":"en-US","@id":"https:\/\/www.llanesevents.com\/#\/schema\/logo\/image\/","url":"https:\/\/www.llanesevents.com\/wp-content\/uploads\/2020\/02\/logo-azul-fucsia.png","contentUrl":"https:\/\/www.llanesevents.com\/wp-content\/uploads\/2020\/02\/logo-azul-fucsia.png","width":411,"height":267,"caption":"Eventos Culturales Llanes"},"image":{"@id":"https:\/\/www.llanesevents.com\/#\/schema\/logo\/image\/"},"sameAs":["https:\/\/www.facebook.com\/llanesevents","https:\/\/www.instagram.com\/llaneseventsofficial"]}]}},"_links":{"self":[{"href":"https:\/\/www.llanesevents.com\/en\/wp-json\/wp\/v2\/product\/3164","targetHints":{"allow":["GET"]}}],"collection":[{"href":"https:\/\/www.llanesevents.com\/en\/wp-json\/wp\/v2\/product"}],"about":[{"href":"https:\/\/www.llanesevents.com\/en\/wp-json\/wp\/v2\/types\/product"}],"wp:featuredmedia":[{"embeddable":true,"href":"https:\/\/www.llanesevents.com\/en\/wp-json\/wp\/v2\/media\/3165"}],"wp:attachment":[{"href":"https:\/\/www.llanesevents.com\/en\/wp-json\/wp\/v2\/media?parent=3164"}],"wp:term":[{"taxonomy":"product_brand","embeddable":true,"href":"https:\/\/www.llanesevents.com\/en\/wp-json\/wp\/v2\/product_brand?post=3164"},{"taxonomy":"product_cat","embeddable":true,"href":"https:\/\/www.llanesevents.com\/en\/wp-json\/wp\/v2\/product_cat?post=3164"},{"taxonomy":"product_tag","embeddable":true,"href":"https:\/\/www.llanesevents.com\/en\/wp-json\/wp\/v2\/product_tag?post=3164"}],"curies":[{"name":"wp","href":"https:\/\/api.w.org\/{rel}","templated":true}]}}